{"id":1495,"date":"2023-12-18T09:07:54","date_gmt":"2023-12-18T08:07:54","guid":{"rendered":"https:\/\/beta.flexfurn.com\/product\/flow-grande-statafel\/"},"modified":"2025-07-31T10:19:53","modified_gmt":"2025-07-31T08:19:53","slug":"debit-grand","status":"publish","type":"product","link":"https:\/\/flexfurn.com\/fr\/produit\/debit-grand\/","title":{"rendered":"Table haute Flow Grande"},"content":{"rendered":"<p>Ajoutez une touche tendance et \u00e9l\u00e9gante \u00e0 votre espace avec la COLLECTION FLOW. Cette collection de cadres de table en aluminium est le meuble parfait pour une utilisation int\u00e9rieure et ext\u00e9rieure. La collection Flow est une collection de haute qualit\u00e9 d\u00e9velopp\u00e9e en interne qui met l&#039;accent sur l&#039;\u00e9l\u00e9gance et la fonctionnalit\u00e9. La collection Flow dispose d&#039;un syst\u00e8me de vis int\u00e9gr\u00e9, vous permettant d&#039;assembler votre table sans effort et en un rien de temps.<\/p>","protected":false},"excerpt":{"rendered":"<p>Pliable<br \/>\nFacile \u00e0 utiliser<br \/>\nCadre en aluminium noir\/blanc<br \/>\nSyst\u00e8me de vis int\u00e9gr\u00e9<br \/>\nLe plateau de table peut \u00eatre fix\u00e9 de mani\u00e8re permanente<br \/>\nUtilisation int\u00e9rieure (plateaux de table MFCA18 et Bamboo)<br \/>\nUtilisation en ext\u00e9rieur (plateaux de table LHC12)<\/p>","protected":false},"featured_media":5933,"template":"","meta":[],"product_brand":[],"product_cat":[81,70],"product_tag":[],"class_list":{"0":"post-1495","1":"product","2":"type-product","3":"status-publish","4":"has-post-thumbnail","6":"product_cat-flow","7":"product_cat-statafel","9":"first","10":"instock","11":"taxable","12":"shipping-taxable","13":"purchasable","14":"product-type-variable"},"yoast_head":"<!-- This site is optimized with the Yoast SEO plugin v26.6 - https:\/\/yoast.com\/wordpress\/plugins\/seo\/ -->\n<title>Flow Grande statafel - Flexfurn<\/title>\n<meta name=\"robots\" content=\"index, follow, max-snippet:-1, max-image-preview:large, max-video-preview:-1\" \/>\n<link rel=\"canonical\" href=\"https:\/\/flexfurn.com\/fr\/produit\/debit-grand\/\" \/>\n<meta property=\"og:locale\" content=\"fr_FR\" \/>\n<meta property=\"og:type\" content=\"article\" \/>\n<meta property=\"og:title\" content=\"Flow Grande statafel - Flexfurn\" \/>\n<meta property=\"og:description\" content=\"Klapbaar Gemakkelijk in gebruik Aluminium zwart\/wit frame Ingebouwd schroefsysteem Tafelblad kan permanent gefixeerd worden Binnengebruik (MFCA18 en Bamboe tafelbladen) Buitengebruik (LHC12 tafelbladen)\" \/>\n<meta property=\"og:url\" content=\"https:\/\/flexfurn.com\/fr\/produit\/debit-grand\/\" \/>\n<meta property=\"og:site_name\" content=\"Flexfurn\" \/>\n<meta property=\"article:modified_time\" content=\"2025-07-31T08:19:53+00:00\" \/>\n<meta property=\"og:image\" content=\"https:\/\/flexfurn.com\/wp-content\/uploads\/2024\/10\/FLOW-GRANDE_BLACK_230x80_LHC12.BMO-black-moon_Low-view.jpg\" \/>\n\t<meta property=\"og:image:width\" content=\"2400\" \/>\n\t<meta property=\"og:image:height\" content=\"2400\" \/>\n\t<meta property=\"og:image:type\" content=\"image\/jpeg\" \/>\n<meta name=\"twitter:card\" content=\"summary_large_image\" \/>\n<meta name=\"twitter:label1\" content=\"Dur\u00e9e de lecture est.\" \/>\n\t<meta name=\"twitter:data1\" content=\"1 minute\" \/>\n<script type=\"application\/ld+json\" class=\"yoast-schema-graph\">{\"@context\":\"https:\/\/schema.org\",\"@graph\":[{\"@type\":\"WebPage\",\"@id\":\"https:\/\/flexfurn.com\/product\/flow-grande\/\",\"url\":\"https:\/\/flexfurn.com\/product\/flow-grande\/\",\"name\":\"Flow Grande statafel - Flexfurn\",\"isPartOf\":{\"@id\":\"https:\/\/flexfurn.com\/#website\"},\"primaryImageOfPage\":{\"@id\":\"https:\/\/flexfurn.com\/product\/flow-grande\/#primaryimage\"},\"image\":{\"@id\":\"https:\/\/flexfurn.com\/product\/flow-grande\/#primaryimage\"},\"thumbnailUrl\":\"https:\/\/flexfurn.com\/wp-content\/uploads\/2024\/10\/FLOW-GRANDE_BLACK_230x80_LHC12.BMO-black-moon_Low-view.jpg\",\"datePublished\":\"2023-12-18T08:07:54+00:00\",\"dateModified\":\"2025-07-31T08:19:53+00:00\",\"breadcrumb\":{\"@id\":\"https:\/\/flexfurn.com\/product\/flow-grande\/#breadcrumb\"},\"inLanguage\":\"fr-BE\",\"potentialAction\":[{\"@type\":\"ReadAction\",\"target\":[\"https:\/\/flexfurn.com\/product\/flow-grande\/\"]}]},{\"@type\":\"ImageObject\",\"inLanguage\":\"fr-BE\",\"@id\":\"https:\/\/flexfurn.com\/product\/flow-grande\/#primaryimage\",\"url\":\"https:\/\/flexfurn.com\/wp-content\/uploads\/2024\/10\/FLOW-GRANDE_BLACK_230x80_LHC12.BMO-black-moon_Low-view.jpg\",\"contentUrl\":\"https:\/\/flexfurn.com\/wp-content\/uploads\/2024\/10\/FLOW-GRANDE_BLACK_230x80_LHC12.BMO-black-moon_Low-view.jpg\",\"width\":2400,\"height\":2400},{\"@type\":\"BreadcrumbList\",\"@id\":\"https:\/\/flexfurn.com\/product\/flow-grande\/#breadcrumb\",\"itemListElement\":[{\"@type\":\"ListItem\",\"position\":1,\"name\":\"Home\",\"item\":\"https:\/\/flexfurn.com\/\"},{\"@type\":\"ListItem\",\"position\":2,\"name\":\"Winkel\",\"item\":\"https:\/\/flexfurn.com\/winkel\/\"},{\"@type\":\"ListItem\",\"position\":3,\"name\":\"Flow Grande statafel\"}]},{\"@type\":\"WebSite\",\"@id\":\"https:\/\/flexfurn.com\/#website\",\"url\":\"https:\/\/flexfurn.com\/\",\"name\":\"Flexfurn\",\"description\":\"\",\"publisher\":{\"@id\":\"https:\/\/flexfurn.com\/#organization\"},\"potentialAction\":[{\"@type\":\"SearchAction\",\"target\":{\"@type\":\"EntryPoint\",\"urlTemplate\":\"https:\/\/flexfurn.com\/?s={search_term_string}\"},\"query-input\":{\"@type\":\"PropertyValueSpecification\",\"valueRequired\":true,\"valueName\":\"search_term_string\"}}],\"inLanguage\":\"fr-BE\"},{\"@type\":\"Organization\",\"@id\":\"https:\/\/flexfurn.com\/#organization\",\"name\":\"Flexfurn\",\"url\":\"https:\/\/flexfurn.com\/\",\"logo\":{\"@type\":\"ImageObject\",\"inLanguage\":\"fr-BE\",\"@id\":\"https:\/\/flexfurn.com\/#\/schema\/logo\/image\/\",\"url\":\"https:\/\/flexfurn.com\/wp-content\/uploads\/2023\/08\/LogoBlack.svg\",\"contentUrl\":\"https:\/\/flexfurn.com\/wp-content\/uploads\/2023\/08\/LogoBlack.svg\",\"width\":210,\"height\":60,\"caption\":\"Flexfurn\"},\"image\":{\"@id\":\"https:\/\/flexfurn.com\/#\/schema\/logo\/image\/\"}}]}<\/script>\n<!-- \/ Yoast SEO plugin. -->","yoast_head_json":{"title":"Table haute Flow Grande - Flexfurn","robots":{"index":"index","follow":"follow","max-snippet":"max-snippet:-1","max-image-preview":"max-image-preview:large","max-video-preview":"max-video-preview:-1"},"canonical":"https:\/\/flexfurn.com\/fr\/produit\/debit-grand\/","og_locale":"fr_FR","og_type":"article","og_title":"Flow Grande statafel - Flexfurn","og_description":"Klapbaar Gemakkelijk in gebruik Aluminium zwart\/wit frame Ingebouwd schroefsysteem Tafelblad kan permanent gefixeerd worden Binnengebruik (MFCA18 en Bamboe tafelbladen) Buitengebruik (LHC12 tafelbladen)","og_url":"https:\/\/flexfurn.com\/fr\/produit\/debit-grand\/","og_site_name":"Flexfurn","article_modified_time":"2025-07-31T08:19:53+00:00","og_image":[{"width":2400,"height":2400,"url":"https:\/\/flexfurn.com\/wp-content\/uploads\/2024\/10\/FLOW-GRANDE_BLACK_230x80_LHC12.BMO-black-moon_Low-view.jpg","type":"image\/jpeg"}],"twitter_card":"summary_large_image","twitter_misc":{"Dur\u00e9e de lecture est.":"1 minute"},"schema":{"@context":"https:\/\/schema.org","@graph":[{"@type":"WebPage","@id":"https:\/\/flexfurn.com\/product\/flow-grande\/","url":"https:\/\/flexfurn.com\/product\/flow-grande\/","name":"Table haute Flow Grande - Flexfurn","isPartOf":{"@id":"https:\/\/flexfurn.com\/#website"},"primaryImageOfPage":{"@id":"https:\/\/flexfurn.com\/product\/flow-grande\/#primaryimage"},"image":{"@id":"https:\/\/flexfurn.com\/product\/flow-grande\/#primaryimage"},"thumbnailUrl":"https:\/\/flexfurn.com\/wp-content\/uploads\/2024\/10\/FLOW-GRANDE_BLACK_230x80_LHC12.BMO-black-moon_Low-view.jpg","datePublished":"2023-12-18T08:07:54+00:00","dateModified":"2025-07-31T08:19:53+00:00","breadcrumb":{"@id":"https:\/\/flexfurn.com\/product\/flow-grande\/#breadcrumb"},"inLanguage":"fr-BE","potentialAction":[{"@type":"ReadAction","target":["https:\/\/flexfurn.com\/product\/flow-grande\/"]}]},{"@type":"ImageObject","inLanguage":"fr-BE","@id":"https:\/\/flexfurn.com\/product\/flow-grande\/#primaryimage","url":"https:\/\/flexfurn.com\/wp-content\/uploads\/2024\/10\/FLOW-GRANDE_BLACK_230x80_LHC12.BMO-black-moon_Low-view.jpg","contentUrl":"https:\/\/flexfurn.com\/wp-content\/uploads\/2024\/10\/FLOW-GRANDE_BLACK_230x80_LHC12.BMO-black-moon_Low-view.jpg","width":2400,"height":2400},{"@type":"BreadcrumbList","@id":"https:\/\/flexfurn.com\/product\/flow-grande\/#breadcrumb","itemListElement":[{"@type":"ListItem","position":1,"name":"Home","item":"https:\/\/flexfurn.com\/"},{"@type":"ListItem","position":2,"name":"Winkel","item":"https:\/\/flexfurn.com\/winkel\/"},{"@type":"ListItem","position":3,"name":"Flow Grande statafel"}]},{"@type":"WebSite","@id":"https:\/\/flexfurn.com\/#website","url":"https:\/\/flexfurn.com\/","name":"Flexfurn","description":"","publisher":{"@id":"https:\/\/flexfurn.com\/#organization"},"potentialAction":[{"@type":"SearchAction","target":{"@type":"EntryPoint","urlTemplate":"https:\/\/flexfurn.com\/?s={search_term_string}"},"query-input":{"@type":"PropertyValueSpecification","valueRequired":true,"valueName":"search_term_string"}}],"inLanguage":"fr-BE"},{"@type":"Organization","@id":"https:\/\/flexfurn.com\/#organization","name":"Flexfurn","url":"https:\/\/flexfurn.com\/","logo":{"@type":"ImageObject","inLanguage":"fr-BE","@id":"https:\/\/flexfurn.com\/#\/schema\/logo\/image\/","url":"https:\/\/flexfurn.com\/wp-content\/uploads\/2023\/08\/LogoBlack.svg","contentUrl":"https:\/\/flexfurn.com\/wp-content\/uploads\/2023\/08\/LogoBlack.svg","width":210,"height":60,"caption":"Flexfurn"},"image":{"@id":"https:\/\/flexfurn.com\/#\/schema\/logo\/image\/"}}]}},"_links":{"self":[{"href":"https:\/\/flexfurn.com\/fr\/wp-json\/wp\/v2\/product\/1495","targetHints":{"allow":["GET"]}}],"collection":[{"href":"https:\/\/flexfurn.com\/fr\/wp-json\/wp\/v2\/product"}],"about":[{"href":"https:\/\/flexfurn.com\/fr\/wp-json\/wp\/v2\/types\/product"}],"wp:featuredmedia":[{"embeddable":true,"href":"https:\/\/flexfurn.com\/fr\/wp-json\/wp\/v2\/media\/5933"}],"wp:attachment":[{"href":"https:\/\/flexfurn.com\/fr\/wp-json\/wp\/v2\/media?parent=1495"}],"wp:term":[{"taxonomy":"product_brand","embeddable":true,"href":"https:\/\/flexfurn.com\/fr\/wp-json\/wp\/v2\/product_brand?post=1495"},{"taxonomy":"product_cat","embeddable":true,"href":"https:\/\/flexfurn.com\/fr\/wp-json\/wp\/v2\/product_cat?post=1495"},{"taxonomy":"product_tag","embeddable":true,"href":"https:\/\/flexfurn.com\/fr\/wp-json\/wp\/v2\/product_tag?post=1495"}],"curies":[{"name":"wp","href":"https:\/\/api.w.org\/{rel}","templated":true}]}}