{"id":1501,"date":"2023-12-18T09:07:57","date_gmt":"2023-12-18T08:07:57","guid":{"rendered":"https:\/\/beta.flexfurn.com\/product\/kubo-smart-alu-barstoel\/"},"modified":"2024-09-03T16:09:43","modified_gmt":"2024-09-03T14:09:43","slug":"tabouret-de-bar-intelligent-en-aluminium-kubo","status":"publish","type":"product","link":"https:\/\/flexfurn.com\/fr\/produit\/tabouret-de-bar-intelligent-en-aluminium-kubo\/","title":{"rendered":"Chaise de bar Kubo Smart Alu"},"content":{"rendered":"<p>D\u00e9couvrez le KUBO SMART BAR STOOL, un tabouret de bar polyvalent en aluminium dot\u00e9 d&#039;un si\u00e8ge amovible pour un r\u00e9glage sans effort. Changez facilement de si\u00e8ge gr\u00e2ce aux bandes Velcro pratiques fix\u00e9es au cadre et au si\u00e8ge. Transformez vos espaces int\u00e9rieurs avec le tabouret de bar Kubo Smart \u00e9l\u00e9gant, adaptable et empilable.<\/p>","protected":false},"excerpt":{"rendered":"<p>\u00c9l\u00e9gant, adaptable et empilable<br \/>\nCadre en aluminium<br \/>\nChangement de si\u00e8ge facile<br \/>\nCadre disponible en rev\u00eatement en poudre blanc ou noir<br \/>\nUtilisation int\u00e9rieure et ext\u00e9rieure<\/p>","protected":false},"featured_media":4771,"template":"","meta":[],"product_brand":[],"product_cat":[25,82,91],"product_tag":[],"class_list":{"0":"post-1501","1":"product","2":"type-product","3":"status-publish","4":"has-post-thumbnail","6":"product_cat-barstoel","7":"product_cat-kubo","8":"product_cat-outdoor","10":"first","11":"instock","12":"taxable","13":"shipping-taxable","14":"purchasable","15":"product-type-variable"},"yoast_head":"<!-- This site is optimized with the Yoast SEO plugin v26.6 - https:\/\/yoast.com\/wordpress\/plugins\/seo\/ -->\n<title>Kubo Smart Alu barstoel - Flexfurn<\/title>\n<meta name=\"robots\" content=\"index, follow, max-snippet:-1, max-image-preview:large, max-video-preview:-1\" \/>\n<link rel=\"canonical\" href=\"https:\/\/flexfurn.com\/fr\/produit\/tabouret-de-bar-intelligent-en-aluminium-kubo\/\" \/>\n<meta property=\"og:locale\" content=\"fr_FR\" \/>\n<meta property=\"og:type\" content=\"article\" \/>\n<meta property=\"og:title\" content=\"Kubo Smart Alu barstoel - Flexfurn\" \/>\n<meta property=\"og:description\" content=\"Stijlvol, Aanpasbaar en Stapelbaar Aluminium frame Eenvoudig Wisselen van zitting Frame beschikbaar in wit of zwart poedercoating Binnen- en buitengebruik\" \/>\n<meta property=\"og:url\" content=\"https:\/\/flexfurn.com\/fr\/produit\/tabouret-de-bar-intelligent-en-aluminium-kubo\/\" \/>\n<meta property=\"og:site_name\" content=\"Flexfurn\" \/>\n<meta property=\"article:modified_time\" content=\"2024-09-03T14:09:43+00:00\" \/>\n<meta property=\"og:image\" content=\"https:\/\/flexfurn.com\/wp-content\/uploads\/2024\/03\/da1134ddf5714ae1a5e797d855e2a1333934e7a93b4a4dbe852b0bfd20a768dee5acb59705794b7fa0cdb95e2edce186.jpg\" \/>\n\t<meta property=\"og:image:width\" content=\"2000\" \/>\n\t<meta property=\"og:image:height\" content=\"2000\" \/>\n\t<meta property=\"og:image:type\" content=\"image\/jpeg\" \/>\n<meta name=\"twitter:card\" content=\"summary_large_image\" \/>\n<meta name=\"twitter:label1\" content=\"Dur\u00e9e de lecture est.\" \/>\n\t<meta name=\"twitter:data1\" content=\"1 minute\" \/>\n<script type=\"application\/ld+json\" class=\"yoast-schema-graph\">{\"@context\":\"https:\/\/schema.org\",\"@graph\":[{\"@type\":\"WebPage\",\"@id\":\"https:\/\/flexfurn.com\/product\/kubo-smart-alu-barstoel\/\",\"url\":\"https:\/\/flexfurn.com\/product\/kubo-smart-alu-barstoel\/\",\"name\":\"Kubo Smart Alu barstoel - Flexfurn\",\"isPartOf\":{\"@id\":\"https:\/\/flexfurn.com\/#website\"},\"primaryImageOfPage\":{\"@id\":\"https:\/\/flexfurn.com\/product\/kubo-smart-alu-barstoel\/#primaryimage\"},\"image\":{\"@id\":\"https:\/\/flexfurn.com\/product\/kubo-smart-alu-barstoel\/#primaryimage\"},\"thumbnailUrl\":\"https:\/\/flexfurn.com\/wp-content\/uploads\/2024\/03\/da1134ddf5714ae1a5e797d855e2a1333934e7a93b4a4dbe852b0bfd20a768dee5acb59705794b7fa0cdb95e2edce186.jpg\",\"datePublished\":\"2023-12-18T08:07:57+00:00\",\"dateModified\":\"2024-09-03T14:09:43+00:00\",\"breadcrumb\":{\"@id\":\"https:\/\/flexfurn.com\/product\/kubo-smart-alu-barstoel\/#breadcrumb\"},\"inLanguage\":\"fr-BE\",\"potentialAction\":[{\"@type\":\"ReadAction\",\"target\":[\"https:\/\/flexfurn.com\/product\/kubo-smart-alu-barstoel\/\"]}]},{\"@type\":\"ImageObject\",\"inLanguage\":\"fr-BE\",\"@id\":\"https:\/\/flexfurn.com\/product\/kubo-smart-alu-barstoel\/#primaryimage\",\"url\":\"https:\/\/flexfurn.com\/wp-content\/uploads\/2024\/03\/da1134ddf5714ae1a5e797d855e2a1333934e7a93b4a4dbe852b0bfd20a768dee5acb59705794b7fa0cdb95e2edce186.jpg\",\"contentUrl\":\"https:\/\/flexfurn.com\/wp-content\/uploads\/2024\/03\/da1134ddf5714ae1a5e797d855e2a1333934e7a93b4a4dbe852b0bfd20a768dee5acb59705794b7fa0cdb95e2edce186.jpg\",\"width\":2000,\"height\":2000,\"caption\":\"Kubo Smart Bar - Black - Faux Leather\"},{\"@type\":\"BreadcrumbList\",\"@id\":\"https:\/\/flexfurn.com\/product\/kubo-smart-alu-barstoel\/#breadcrumb\",\"itemListElement\":[{\"@type\":\"ListItem\",\"position\":1,\"name\":\"Home\",\"item\":\"https:\/\/flexfurn.com\/\"},{\"@type\":\"ListItem\",\"position\":2,\"name\":\"Winkel\",\"item\":\"https:\/\/flexfurn.com\/winkel\/\"},{\"@type\":\"ListItem\",\"position\":3,\"name\":\"Kubo Smart Alu barstoel\"}]},{\"@type\":\"WebSite\",\"@id\":\"https:\/\/flexfurn.com\/#website\",\"url\":\"https:\/\/flexfurn.com\/\",\"name\":\"Flexfurn\",\"description\":\"\",\"publisher\":{\"@id\":\"https:\/\/flexfurn.com\/#organization\"},\"potentialAction\":[{\"@type\":\"SearchAction\",\"target\":{\"@type\":\"EntryPoint\",\"urlTemplate\":\"https:\/\/flexfurn.com\/?s={search_term_string}\"},\"query-input\":{\"@type\":\"PropertyValueSpecification\",\"valueRequired\":true,\"valueName\":\"search_term_string\"}}],\"inLanguage\":\"fr-BE\"},{\"@type\":\"Organization\",\"@id\":\"https:\/\/flexfurn.com\/#organization\",\"name\":\"Flexfurn\",\"url\":\"https:\/\/flexfurn.com\/\",\"logo\":{\"@type\":\"ImageObject\",\"inLanguage\":\"fr-BE\",\"@id\":\"https:\/\/flexfurn.com\/#\/schema\/logo\/image\/\",\"url\":\"https:\/\/flexfurn.com\/wp-content\/uploads\/2023\/08\/LogoBlack.svg\",\"contentUrl\":\"https:\/\/flexfurn.com\/wp-content\/uploads\/2023\/08\/LogoBlack.svg\",\"width\":210,\"height\":60,\"caption\":\"Flexfurn\"},\"image\":{\"@id\":\"https:\/\/flexfurn.com\/#\/schema\/logo\/image\/\"}}]}<\/script>\n<!-- \/ Yoast SEO plugin. -->","yoast_head_json":{"title":"Tabouret de bar Kubo Smart Alu - Flexfurn","robots":{"index":"index","follow":"follow","max-snippet":"max-snippet:-1","max-image-preview":"max-image-preview:large","max-video-preview":"max-video-preview:-1"},"canonical":"https:\/\/flexfurn.com\/fr\/produit\/tabouret-de-bar-intelligent-en-aluminium-kubo\/","og_locale":"fr_FR","og_type":"article","og_title":"Kubo Smart Alu barstoel - Flexfurn","og_description":"Stijlvol, Aanpasbaar en Stapelbaar Aluminium frame Eenvoudig Wisselen van zitting Frame beschikbaar in wit of zwart poedercoating Binnen- en buitengebruik","og_url":"https:\/\/flexfurn.com\/fr\/produit\/tabouret-de-bar-intelligent-en-aluminium-kubo\/","og_site_name":"Flexfurn","article_modified_time":"2024-09-03T14:09:43+00:00","og_image":[{"width":2000,"height":2000,"url":"https:\/\/flexfurn.com\/wp-content\/uploads\/2024\/03\/da1134ddf5714ae1a5e797d855e2a1333934e7a93b4a4dbe852b0bfd20a768dee5acb59705794b7fa0cdb95e2edce186.jpg","type":"image\/jpeg"}],"twitter_card":"summary_large_image","twitter_misc":{"Dur\u00e9e de lecture est.":"1 minute"},"schema":{"@context":"https:\/\/schema.org","@graph":[{"@type":"WebPage","@id":"https:\/\/flexfurn.com\/product\/kubo-smart-alu-barstoel\/","url":"https:\/\/flexfurn.com\/product\/kubo-smart-alu-barstoel\/","name":"Tabouret de bar Kubo Smart Alu - Flexfurn","isPartOf":{"@id":"https:\/\/flexfurn.com\/#website"},"primaryImageOfPage":{"@id":"https:\/\/flexfurn.com\/product\/kubo-smart-alu-barstoel\/#primaryimage"},"image":{"@id":"https:\/\/flexfurn.com\/product\/kubo-smart-alu-barstoel\/#primaryimage"},"thumbnailUrl":"https:\/\/flexfurn.com\/wp-content\/uploads\/2024\/03\/da1134ddf5714ae1a5e797d855e2a1333934e7a93b4a4dbe852b0bfd20a768dee5acb59705794b7fa0cdb95e2edce186.jpg","datePublished":"2023-12-18T08:07:57+00:00","dateModified":"2024-09-03T14:09:43+00:00","breadcrumb":{"@id":"https:\/\/flexfurn.com\/product\/kubo-smart-alu-barstoel\/#breadcrumb"},"inLanguage":"fr-BE","potentialAction":[{"@type":"ReadAction","target":["https:\/\/flexfurn.com\/product\/kubo-smart-alu-barstoel\/"]}]},{"@type":"ImageObject","inLanguage":"fr-BE","@id":"https:\/\/flexfurn.com\/product\/kubo-smart-alu-barstoel\/#primaryimage","url":"https:\/\/flexfurn.com\/wp-content\/uploads\/2024\/03\/da1134ddf5714ae1a5e797d855e2a1333934e7a93b4a4dbe852b0bfd20a768dee5acb59705794b7fa0cdb95e2edce186.jpg","contentUrl":"https:\/\/flexfurn.com\/wp-content\/uploads\/2024\/03\/da1134ddf5714ae1a5e797d855e2a1333934e7a93b4a4dbe852b0bfd20a768dee5acb59705794b7fa0cdb95e2edce186.jpg","width":2000,"height":2000,"caption":"Kubo Smart Bar - Black - Faux Leather"},{"@type":"BreadcrumbList","@id":"https:\/\/flexfurn.com\/product\/kubo-smart-alu-barstoel\/#breadcrumb","itemListElement":[{"@type":"ListItem","position":1,"name":"Home","item":"https:\/\/flexfurn.com\/"},{"@type":"ListItem","position":2,"name":"Winkel","item":"https:\/\/flexfurn.com\/winkel\/"},{"@type":"ListItem","position":3,"name":"Kubo Smart Alu barstoel"}]},{"@type":"WebSite","@id":"https:\/\/flexfurn.com\/#website","url":"https:\/\/flexfurn.com\/","name":"Flexfurn","description":"","publisher":{"@id":"https:\/\/flexfurn.com\/#organization"},"potentialAction":[{"@type":"SearchAction","target":{"@type":"EntryPoint","urlTemplate":"https:\/\/flexfurn.com\/?s={search_term_string}"},"query-input":{"@type":"PropertyValueSpecification","valueRequired":true,"valueName":"search_term_string"}}],"inLanguage":"fr-BE"},{"@type":"Organization","@id":"https:\/\/flexfurn.com\/#organization","name":"Flexfurn","url":"https:\/\/flexfurn.com\/","logo":{"@type":"ImageObject","inLanguage":"fr-BE","@id":"https:\/\/flexfurn.com\/#\/schema\/logo\/image\/","url":"https:\/\/flexfurn.com\/wp-content\/uploads\/2023\/08\/LogoBlack.svg","contentUrl":"https:\/\/flexfurn.com\/wp-content\/uploads\/2023\/08\/LogoBlack.svg","width":210,"height":60,"caption":"Flexfurn"},"image":{"@id":"https:\/\/flexfurn.com\/#\/schema\/logo\/image\/"}}]}},"_links":{"self":[{"href":"https:\/\/flexfurn.com\/fr\/wp-json\/wp\/v2\/product\/1501","targetHints":{"allow":["GET"]}}],"collection":[{"href":"https:\/\/flexfurn.com\/fr\/wp-json\/wp\/v2\/product"}],"about":[{"href":"https:\/\/flexfurn.com\/fr\/wp-json\/wp\/v2\/types\/product"}],"wp:featuredmedia":[{"embeddable":true,"href":"https:\/\/flexfurn.com\/fr\/wp-json\/wp\/v2\/media\/4771"}],"wp:attachment":[{"href":"https:\/\/flexfurn.com\/fr\/wp-json\/wp\/v2\/media?parent=1501"}],"wp:term":[{"taxonomy":"product_brand","embeddable":true,"href":"https:\/\/flexfurn.com\/fr\/wp-json\/wp\/v2\/product_brand?post=1501"},{"taxonomy":"product_cat","embeddable":true,"href":"https:\/\/flexfurn.com\/fr\/wp-json\/wp\/v2\/product_cat?post=1501"},{"taxonomy":"product_tag","embeddable":true,"href":"https:\/\/flexfurn.com\/fr\/wp-json\/wp\/v2\/product_tag?post=1501"}],"curies":[{"name":"wp","href":"https:\/\/api.w.org\/{rel}","templated":true}]}}