{"id":1523,"date":"2023-12-18T09:08:03","date_gmt":"2023-12-18T08:08:03","guid":{"rendered":"https:\/\/beta.flexfurn.com\/product\/conic-loungetafel\/"},"modified":"2025-01-06T13:17:15","modified_gmt":"2025-01-06T12:17:15","slug":"table-de-salon-conique","status":"publish","type":"product","link":"https:\/\/flexfurn.com\/fr\/produit\/table-de-salon-conique\/","title":{"rendered":"Table de salon conique"},"content":{"rendered":"<p>La CONIC COLLECTION est essentiellement un grand kit de construction. La collection Conic est une collection modulaire en poly\u00e9thyl\u00e8ne que vous pouvez utiliser pour toute application commerciale ou \u00e9v\u00e9nementielle. Cette ligne est r\u00e9sistante aux UV et \u00e0 l\u2019eau, ce qui la rend parfaite pour le mobilier d\u2019int\u00e9rieur et d\u2019ext\u00e9rieur. Les Conics se composent de meubles de table et de salon exclusifs de haute qualit\u00e9, avec lesquels vous pouvez combiner diff\u00e9rentes configurations en un instant. Vous pouvez d\u00e9sormais allier fonctionnalit\u00e9 et modernit\u00e9 avec la collection Conic ! Et 100% recyclable.<\/p>","protected":false},"excerpt":{"rendered":"<p>Empilable<br \/>\nPoly\u00e9thyl\u00e8ne<br \/>\n\u00c9l\u00e9ment de base multifonctionnel pour l&#039;am\u00e9nagement lounge<br \/>\nUtilisation int\u00e9rieure et ext\u00e9rieure<\/p>","protected":false},"featured_media":4092,"template":"","meta":[],"product_brand":[],"product_cat":[86,74,91],"product_tag":[],"class_list":{"0":"post-1523","1":"product","2":"type-product","3":"status-publish","4":"has-post-thumbnail","6":"product_cat-conic","7":"product_cat-lounge-tafel","8":"product_cat-outdoor","10":"first","11":"instock","12":"taxable","13":"shipping-taxable","14":"purchasable","15":"product-type-variable"},"yoast_head":"<!-- This site is optimized with the Yoast SEO plugin v26.6 - https:\/\/yoast.com\/wordpress\/plugins\/seo\/ -->\n<title>Conic loungetafel - Flexfurn<\/title>\n<meta name=\"robots\" content=\"index, follow, max-snippet:-1, max-image-preview:large, max-video-preview:-1\" \/>\n<link rel=\"canonical\" href=\"https:\/\/flexfurn.com\/fr\/produit\/table-de-salon-conique\/\" \/>\n<meta property=\"og:locale\" content=\"fr_FR\" \/>\n<meta property=\"og:type\" content=\"article\" \/>\n<meta property=\"og:title\" content=\"Conic loungetafel - Flexfurn\" \/>\n<meta property=\"og:description\" content=\"Stapelbaar Polyethyleen Multifunctioneel basiselement voor lounge setting Binnen- en buitengebruik\" \/>\n<meta property=\"og:url\" content=\"https:\/\/flexfurn.com\/fr\/produit\/table-de-salon-conique\/\" \/>\n<meta property=\"og:site_name\" content=\"Flexfurn\" \/>\n<meta property=\"article:modified_time\" content=\"2025-01-06T12:17:15+00:00\" \/>\n<meta property=\"og:image\" content=\"https:\/\/flexfurn.com\/wp-content\/uploads\/2024\/01\/41a803e115a74ba1b92443d22d7061ded2efdd7835784556b35135d8317a927fddc615ed6bad4aab860e7d25e79c81e2.jpg\" \/>\n\t<meta property=\"og:image:width\" content=\"2000\" \/>\n\t<meta property=\"og:image:height\" content=\"2000\" \/>\n\t<meta property=\"og:image:type\" content=\"image\/jpeg\" \/>\n<meta name=\"twitter:card\" content=\"summary_large_image\" \/>\n<meta name=\"twitter:label1\" content=\"Dur\u00e9e de lecture est.\" \/>\n\t<meta name=\"twitter:data1\" content=\"1 minute\" \/>\n<script type=\"application\/ld+json\" class=\"yoast-schema-graph\">{\"@context\":\"https:\/\/schema.org\",\"@graph\":[{\"@type\":\"WebPage\",\"@id\":\"https:\/\/flexfurn.com\/product\/conic-loungetafel\/\",\"url\":\"https:\/\/flexfurn.com\/product\/conic-loungetafel\/\",\"name\":\"Conic loungetafel - Flexfurn\",\"isPartOf\":{\"@id\":\"https:\/\/flexfurn.com\/#website\"},\"primaryImageOfPage\":{\"@id\":\"https:\/\/flexfurn.com\/product\/conic-loungetafel\/#primaryimage\"},\"image\":{\"@id\":\"https:\/\/flexfurn.com\/product\/conic-loungetafel\/#primaryimage\"},\"thumbnailUrl\":\"https:\/\/flexfurn.com\/wp-content\/uploads\/2024\/01\/41a803e115a74ba1b92443d22d7061ded2efdd7835784556b35135d8317a927fddc615ed6bad4aab860e7d25e79c81e2.jpg\",\"datePublished\":\"2023-12-18T08:08:03+00:00\",\"dateModified\":\"2025-01-06T12:17:15+00:00\",\"breadcrumb\":{\"@id\":\"https:\/\/flexfurn.com\/product\/conic-loungetafel\/#breadcrumb\"},\"inLanguage\":\"fr-BE\",\"potentialAction\":[{\"@type\":\"ReadAction\",\"target\":[\"https:\/\/flexfurn.com\/product\/conic-loungetafel\/\"]}]},{\"@type\":\"ImageObject\",\"inLanguage\":\"fr-BE\",\"@id\":\"https:\/\/flexfurn.com\/product\/conic-loungetafel\/#primaryimage\",\"url\":\"https:\/\/flexfurn.com\/wp-content\/uploads\/2024\/01\/41a803e115a74ba1b92443d22d7061ded2efdd7835784556b35135d8317a927fddc615ed6bad4aab860e7d25e79c81e2.jpg\",\"contentUrl\":\"https:\/\/flexfurn.com\/wp-content\/uploads\/2024\/01\/41a803e115a74ba1b92443d22d7061ded2efdd7835784556b35135d8317a927fddc615ed6bad4aab860e7d25e79c81e2.jpg\",\"width\":2000,\"height\":2000,\"caption\":\"Conic Lounge\"},{\"@type\":\"BreadcrumbList\",\"@id\":\"https:\/\/flexfurn.com\/product\/conic-loungetafel\/#breadcrumb\",\"itemListElement\":[{\"@type\":\"ListItem\",\"position\":1,\"name\":\"Home\",\"item\":\"https:\/\/flexfurn.com\/\"},{\"@type\":\"ListItem\",\"position\":2,\"name\":\"Winkel\",\"item\":\"https:\/\/flexfurn.com\/winkel\/\"},{\"@type\":\"ListItem\",\"position\":3,\"name\":\"Conic loungetafel\"}]},{\"@type\":\"WebSite\",\"@id\":\"https:\/\/flexfurn.com\/#website\",\"url\":\"https:\/\/flexfurn.com\/\",\"name\":\"Flexfurn\",\"description\":\"\",\"publisher\":{\"@id\":\"https:\/\/flexfurn.com\/#organization\"},\"potentialAction\":[{\"@type\":\"SearchAction\",\"target\":{\"@type\":\"EntryPoint\",\"urlTemplate\":\"https:\/\/flexfurn.com\/?s={search_term_string}\"},\"query-input\":{\"@type\":\"PropertyValueSpecification\",\"valueRequired\":true,\"valueName\":\"search_term_string\"}}],\"inLanguage\":\"fr-BE\"},{\"@type\":\"Organization\",\"@id\":\"https:\/\/flexfurn.com\/#organization\",\"name\":\"Flexfurn\",\"url\":\"https:\/\/flexfurn.com\/\",\"logo\":{\"@type\":\"ImageObject\",\"inLanguage\":\"fr-BE\",\"@id\":\"https:\/\/flexfurn.com\/#\/schema\/logo\/image\/\",\"url\":\"https:\/\/flexfurn.com\/wp-content\/uploads\/2023\/08\/LogoBlack.svg\",\"contentUrl\":\"https:\/\/flexfurn.com\/wp-content\/uploads\/2023\/08\/LogoBlack.svg\",\"width\":210,\"height\":60,\"caption\":\"Flexfurn\"},\"image\":{\"@id\":\"https:\/\/flexfurn.com\/#\/schema\/logo\/image\/\"}}]}<\/script>\n<!-- \/ Yoast SEO plugin. -->","yoast_head_json":{"title":"Table de salon conique - Flexfurn","robots":{"index":"index","follow":"follow","max-snippet":"max-snippet:-1","max-image-preview":"max-image-preview:large","max-video-preview":"max-video-preview:-1"},"canonical":"https:\/\/flexfurn.com\/fr\/produit\/table-de-salon-conique\/","og_locale":"fr_FR","og_type":"article","og_title":"Conic loungetafel - Flexfurn","og_description":"Stapelbaar Polyethyleen Multifunctioneel basiselement voor lounge setting Binnen- en buitengebruik","og_url":"https:\/\/flexfurn.com\/fr\/produit\/table-de-salon-conique\/","og_site_name":"Flexfurn","article_modified_time":"2025-01-06T12:17:15+00:00","og_image":[{"width":2000,"height":2000,"url":"https:\/\/flexfurn.com\/wp-content\/uploads\/2024\/01\/41a803e115a74ba1b92443d22d7061ded2efdd7835784556b35135d8317a927fddc615ed6bad4aab860e7d25e79c81e2.jpg","type":"image\/jpeg"}],"twitter_card":"summary_large_image","twitter_misc":{"Dur\u00e9e de lecture est.":"1 minute"},"schema":{"@context":"https:\/\/schema.org","@graph":[{"@type":"WebPage","@id":"https:\/\/flexfurn.com\/product\/conic-loungetafel\/","url":"https:\/\/flexfurn.com\/product\/conic-loungetafel\/","name":"Table de salon conique - Flexfurn","isPartOf":{"@id":"https:\/\/flexfurn.com\/#website"},"primaryImageOfPage":{"@id":"https:\/\/flexfurn.com\/product\/conic-loungetafel\/#primaryimage"},"image":{"@id":"https:\/\/flexfurn.com\/product\/conic-loungetafel\/#primaryimage"},"thumbnailUrl":"https:\/\/flexfurn.com\/wp-content\/uploads\/2024\/01\/41a803e115a74ba1b92443d22d7061ded2efdd7835784556b35135d8317a927fddc615ed6bad4aab860e7d25e79c81e2.jpg","datePublished":"2023-12-18T08:08:03+00:00","dateModified":"2025-01-06T12:17:15+00:00","breadcrumb":{"@id":"https:\/\/flexfurn.com\/product\/conic-loungetafel\/#breadcrumb"},"inLanguage":"fr-BE","potentialAction":[{"@type":"ReadAction","target":["https:\/\/flexfurn.com\/product\/conic-loungetafel\/"]}]},{"@type":"ImageObject","inLanguage":"fr-BE","@id":"https:\/\/flexfurn.com\/product\/conic-loungetafel\/#primaryimage","url":"https:\/\/flexfurn.com\/wp-content\/uploads\/2024\/01\/41a803e115a74ba1b92443d22d7061ded2efdd7835784556b35135d8317a927fddc615ed6bad4aab860e7d25e79c81e2.jpg","contentUrl":"https:\/\/flexfurn.com\/wp-content\/uploads\/2024\/01\/41a803e115a74ba1b92443d22d7061ded2efdd7835784556b35135d8317a927fddc615ed6bad4aab860e7d25e79c81e2.jpg","width":2000,"height":2000,"caption":"Conic Lounge"},{"@type":"BreadcrumbList","@id":"https:\/\/flexfurn.com\/product\/conic-loungetafel\/#breadcrumb","itemListElement":[{"@type":"ListItem","position":1,"name":"Home","item":"https:\/\/flexfurn.com\/"},{"@type":"ListItem","position":2,"name":"Winkel","item":"https:\/\/flexfurn.com\/winkel\/"},{"@type":"ListItem","position":3,"name":"Conic loungetafel"}]},{"@type":"WebSite","@id":"https:\/\/flexfurn.com\/#website","url":"https:\/\/flexfurn.com\/","name":"Flexfurn","description":"","publisher":{"@id":"https:\/\/flexfurn.com\/#organization"},"potentialAction":[{"@type":"SearchAction","target":{"@type":"EntryPoint","urlTemplate":"https:\/\/flexfurn.com\/?s={search_term_string}"},"query-input":{"@type":"PropertyValueSpecification","valueRequired":true,"valueName":"search_term_string"}}],"inLanguage":"fr-BE"},{"@type":"Organization","@id":"https:\/\/flexfurn.com\/#organization","name":"Flexfurn","url":"https:\/\/flexfurn.com\/","logo":{"@type":"ImageObject","inLanguage":"fr-BE","@id":"https:\/\/flexfurn.com\/#\/schema\/logo\/image\/","url":"https:\/\/flexfurn.com\/wp-content\/uploads\/2023\/08\/LogoBlack.svg","contentUrl":"https:\/\/flexfurn.com\/wp-content\/uploads\/2023\/08\/LogoBlack.svg","width":210,"height":60,"caption":"Flexfurn"},"image":{"@id":"https:\/\/flexfurn.com\/#\/schema\/logo\/image\/"}}]}},"_links":{"self":[{"href":"https:\/\/flexfurn.com\/fr\/wp-json\/wp\/v2\/product\/1523","targetHints":{"allow":["GET"]}}],"collection":[{"href":"https:\/\/flexfurn.com\/fr\/wp-json\/wp\/v2\/product"}],"about":[{"href":"https:\/\/flexfurn.com\/fr\/wp-json\/wp\/v2\/types\/product"}],"wp:featuredmedia":[{"embeddable":true,"href":"https:\/\/flexfurn.com\/fr\/wp-json\/wp\/v2\/media\/4092"}],"wp:attachment":[{"href":"https:\/\/flexfurn.com\/fr\/wp-json\/wp\/v2\/media?parent=1523"}],"wp:term":[{"taxonomy":"product_brand","embeddable":true,"href":"https:\/\/flexfurn.com\/fr\/wp-json\/wp\/v2\/product_brand?post=1523"},{"taxonomy":"product_cat","embeddable":true,"href":"https:\/\/flexfurn.com\/fr\/wp-json\/wp\/v2\/product_cat?post=1523"},{"taxonomy":"product_tag","embeddable":true,"href":"https:\/\/flexfurn.com\/fr\/wp-json\/wp\/v2\/product_tag?post=1523"}],"curies":[{"name":"wp","href":"https:\/\/api.w.org\/{rel}","templated":true}]}}