{"id":31584,"date":"2026-01-27T13:23:29","date_gmt":"2026-01-27T12:23:29","guid":{"rendered":"https:\/\/flexfurn.com\/?post_type=product&#038;p=31584"},"modified":"2026-01-28T13:56:56","modified_gmt":"2026-01-28T12:56:56","slug":"table-basse-mundi","status":"publish","type":"product","link":"https:\/\/flexfurn.com\/fr\/produit\/table-basse-mundi\/","title":{"rendered":"Table basse Mundi"},"content":{"rendered":"","protected":false},"excerpt":{"rendered":"<p data-start=\"0\" data-end=\"53\">Nouveaut\u00e9 dans notre collection : le <strong data-start=\"28\" data-end=\"50\">Table basse Mundi<\/strong>.<\/p>\n<p data-start=\"55\" data-end=\"348\">Pieds de table facilement empilables avec plateaux interchangeables fix\u00e9s au cadre. Placez le plateau sur le cadre en veillant \u00e0 ce que la vis soit bien align\u00e9e dans le connecteur. Tournez dans le sens des aiguilles d&#039;une montre pour fixer le plateau.<\/p>\n<p data-start=\"350\" data-end=\"475\" data-is-last-node=\"\" data-is-only-node=\"\"><strong data-start=\"350\" data-end=\"365\">Important:<\/strong> N\u2019exercez pas une force excessive, car cela pourrait endommager le filetage. Le serrage est correct \u2013 ne serrez pas davantage.<\/p>","protected":false},"featured_media":31596,"template":"","meta":[],"product_brand":[],"product_cat":[67,74,135],"product_tag":[],"class_list":{"0":"post-31584","1":"product","2":"type-product","3":"status-publish","4":"has-post-thumbnail","6":"product_cat-lounge","7":"product_cat-lounge-tafel","8":"product_cat-mundi-collectie","10":"first","11":"instock","12":"taxable","13":"shipping-taxable","14":"purchasable","15":"product-type-variable"},"yoast_head":"<!-- This site is optimized with the Yoast SEO plugin v26.6 - https:\/\/yoast.com\/wordpress\/plugins\/seo\/ -->\n<title>Mundi Lounge Table - Flexfurn<\/title>\n<meta name=\"robots\" content=\"index, follow, max-snippet:-1, max-image-preview:large, max-video-preview:-1\" \/>\n<link rel=\"canonical\" href=\"https:\/\/flexfurn.com\/fr\/produit\/table-basse-mundi\/\" \/>\n<meta property=\"og:locale\" content=\"fr_FR\" \/>\n<meta property=\"og:type\" content=\"article\" \/>\n<meta property=\"og:title\" content=\"Mundi Lounge Table - Flexfurn\" \/>\n<meta property=\"og:description\" content=\"Nieuw in onze collectie: de Mundi Lounge Table. Eenvoudig stapelbare tafelonderstellen met verwisselbare tafelbladen die op het frame worden gemonteerd. Plaats het tafelblad bovenop het frame en zorg ervoor dat de schroef correct in het koppelstuk is uitgelijnd. Draai met de wijzers van de klok mee om het tafelblad stevig vast te zetten. Belangrijk: oefen geen overmatige kracht uit, dit kan de schroefdraad beschadigen. Vast is vast \u2013 niet verder aandraaien.\" \/>\n<meta property=\"og:url\" content=\"https:\/\/flexfurn.com\/fr\/produit\/table-basse-mundi\/\" \/>\n<meta property=\"og:site_name\" content=\"Flexfurn\" \/>\n<meta property=\"article:modified_time\" content=\"2026-01-28T12:56:56+00:00\" \/>\n<meta property=\"og:image\" content=\"https:\/\/flexfurn.com\/wp-content\/uploads\/2026\/01\/MUNDI-lounge_Natural_D80_Mid-view.jpg\" \/>\n\t<meta property=\"og:image:width\" content=\"2400\" \/>\n\t<meta property=\"og:image:height\" content=\"2400\" \/>\n\t<meta property=\"og:image:type\" content=\"image\/jpeg\" \/>\n<meta name=\"twitter:card\" content=\"summary_large_image\" \/>\n<meta name=\"twitter:label1\" content=\"Dur\u00e9e de lecture est.\" \/>\n\t<meta name=\"twitter:data1\" content=\"1 minute\" \/>\n<script type=\"application\/ld+json\" class=\"yoast-schema-graph\">{\"@context\":\"https:\/\/schema.org\",\"@graph\":[{\"@type\":\"WebPage\",\"@id\":\"https:\/\/flexfurn.com\/product\/mundi-lounge-table\/\",\"url\":\"https:\/\/flexfurn.com\/product\/mundi-lounge-table\/\",\"name\":\"Mundi Lounge Table - Flexfurn\",\"isPartOf\":{\"@id\":\"https:\/\/flexfurn.com\/#website\"},\"primaryImageOfPage\":{\"@id\":\"https:\/\/flexfurn.com\/product\/mundi-lounge-table\/#primaryimage\"},\"image\":{\"@id\":\"https:\/\/flexfurn.com\/product\/mundi-lounge-table\/#primaryimage\"},\"thumbnailUrl\":\"https:\/\/flexfurn.com\/wp-content\/uploads\/2026\/01\/MUNDI-lounge_Natural_D80_Mid-view.jpg\",\"datePublished\":\"2026-01-27T12:23:29+00:00\",\"dateModified\":\"2026-01-28T12:56:56+00:00\",\"breadcrumb\":{\"@id\":\"https:\/\/flexfurn.com\/product\/mundi-lounge-table\/#breadcrumb\"},\"inLanguage\":\"fr-BE\",\"potentialAction\":[{\"@type\":\"ReadAction\",\"target\":[\"https:\/\/flexfurn.com\/product\/mundi-lounge-table\/\"]}]},{\"@type\":\"ImageObject\",\"inLanguage\":\"fr-BE\",\"@id\":\"https:\/\/flexfurn.com\/product\/mundi-lounge-table\/#primaryimage\",\"url\":\"https:\/\/flexfurn.com\/wp-content\/uploads\/2026\/01\/MUNDI-lounge_Natural_D80_Mid-view.jpg\",\"contentUrl\":\"https:\/\/flexfurn.com\/wp-content\/uploads\/2026\/01\/MUNDI-lounge_Natural_D80_Mid-view.jpg\",\"width\":2400,\"height\":2400,\"caption\":\"Mundi loungetafeltje in iepenhout met natuurlijke uitstraling.\"},{\"@type\":\"BreadcrumbList\",\"@id\":\"https:\/\/flexfurn.com\/product\/mundi-lounge-table\/#breadcrumb\",\"itemListElement\":[{\"@type\":\"ListItem\",\"position\":1,\"name\":\"Home\",\"item\":\"https:\/\/flexfurn.com\/\"},{\"@type\":\"ListItem\",\"position\":2,\"name\":\"Winkel\",\"item\":\"https:\/\/flexfurn.com\/winkel\/\"},{\"@type\":\"ListItem\",\"position\":3,\"name\":\"Mundi Lounge Table\"}]},{\"@type\":\"WebSite\",\"@id\":\"https:\/\/flexfurn.com\/#website\",\"url\":\"https:\/\/flexfurn.com\/\",\"name\":\"Flexfurn\",\"description\":\"\",\"publisher\":{\"@id\":\"https:\/\/flexfurn.com\/#organization\"},\"potentialAction\":[{\"@type\":\"SearchAction\",\"target\":{\"@type\":\"EntryPoint\",\"urlTemplate\":\"https:\/\/flexfurn.com\/?s={search_term_string}\"},\"query-input\":{\"@type\":\"PropertyValueSpecification\",\"valueRequired\":true,\"valueName\":\"search_term_string\"}}],\"inLanguage\":\"fr-BE\"},{\"@type\":\"Organization\",\"@id\":\"https:\/\/flexfurn.com\/#organization\",\"name\":\"Flexfurn\",\"url\":\"https:\/\/flexfurn.com\/\",\"logo\":{\"@type\":\"ImageObject\",\"inLanguage\":\"fr-BE\",\"@id\":\"https:\/\/flexfurn.com\/#\/schema\/logo\/image\/\",\"url\":\"https:\/\/flexfurn.com\/wp-content\/uploads\/2023\/08\/LogoBlack.svg\",\"contentUrl\":\"https:\/\/flexfurn.com\/wp-content\/uploads\/2023\/08\/LogoBlack.svg\",\"width\":210,\"height\":60,\"caption\":\"Flexfurn\"},\"image\":{\"@id\":\"https:\/\/flexfurn.com\/#\/schema\/logo\/image\/\"}}]}<\/script>\n<!-- \/ Yoast SEO plugin. -->","yoast_head_json":{"title":"Table basse Mundi - Flexfurn","robots":{"index":"index","follow":"follow","max-snippet":"max-snippet:-1","max-image-preview":"max-image-preview:large","max-video-preview":"max-video-preview:-1"},"canonical":"https:\/\/flexfurn.com\/fr\/produit\/table-basse-mundi\/","og_locale":"fr_FR","og_type":"article","og_title":"Mundi Lounge Table - Flexfurn","og_description":"Nieuw in onze collectie: de Mundi Lounge Table. Eenvoudig stapelbare tafelonderstellen met verwisselbare tafelbladen die op het frame worden gemonteerd. Plaats het tafelblad bovenop het frame en zorg ervoor dat de schroef correct in het koppelstuk is uitgelijnd. Draai met de wijzers van de klok mee om het tafelblad stevig vast te zetten. Belangrijk: oefen geen overmatige kracht uit, dit kan de schroefdraad beschadigen. Vast is vast \u2013 niet verder aandraaien.","og_url":"https:\/\/flexfurn.com\/fr\/produit\/table-basse-mundi\/","og_site_name":"Flexfurn","article_modified_time":"2026-01-28T12:56:56+00:00","og_image":[{"width":2400,"height":2400,"url":"https:\/\/flexfurn.com\/wp-content\/uploads\/2026\/01\/MUNDI-lounge_Natural_D80_Mid-view.jpg","type":"image\/jpeg"}],"twitter_card":"summary_large_image","twitter_misc":{"Dur\u00e9e de lecture est.":"1 minute"},"schema":{"@context":"https:\/\/schema.org","@graph":[{"@type":"WebPage","@id":"https:\/\/flexfurn.com\/product\/mundi-lounge-table\/","url":"https:\/\/flexfurn.com\/product\/mundi-lounge-table\/","name":"Table basse Mundi - Flexfurn","isPartOf":{"@id":"https:\/\/flexfurn.com\/#website"},"primaryImageOfPage":{"@id":"https:\/\/flexfurn.com\/product\/mundi-lounge-table\/#primaryimage"},"image":{"@id":"https:\/\/flexfurn.com\/product\/mundi-lounge-table\/#primaryimage"},"thumbnailUrl":"https:\/\/flexfurn.com\/wp-content\/uploads\/2026\/01\/MUNDI-lounge_Natural_D80_Mid-view.jpg","datePublished":"2026-01-27T12:23:29+00:00","dateModified":"2026-01-28T12:56:56+00:00","breadcrumb":{"@id":"https:\/\/flexfurn.com\/product\/mundi-lounge-table\/#breadcrumb"},"inLanguage":"fr-BE","potentialAction":[{"@type":"ReadAction","target":["https:\/\/flexfurn.com\/product\/mundi-lounge-table\/"]}]},{"@type":"ImageObject","inLanguage":"fr-BE","@id":"https:\/\/flexfurn.com\/product\/mundi-lounge-table\/#primaryimage","url":"https:\/\/flexfurn.com\/wp-content\/uploads\/2026\/01\/MUNDI-lounge_Natural_D80_Mid-view.jpg","contentUrl":"https:\/\/flexfurn.com\/wp-content\/uploads\/2026\/01\/MUNDI-lounge_Natural_D80_Mid-view.jpg","width":2400,"height":2400,"caption":"Mundi loungetafeltje in iepenhout met natuurlijke uitstraling."},{"@type":"BreadcrumbList","@id":"https:\/\/flexfurn.com\/product\/mundi-lounge-table\/#breadcrumb","itemListElement":[{"@type":"ListItem","position":1,"name":"Home","item":"https:\/\/flexfurn.com\/"},{"@type":"ListItem","position":2,"name":"Winkel","item":"https:\/\/flexfurn.com\/winkel\/"},{"@type":"ListItem","position":3,"name":"Mundi Lounge Table"}]},{"@type":"WebSite","@id":"https:\/\/flexfurn.com\/#website","url":"https:\/\/flexfurn.com\/","name":"Flexfurn","description":"","publisher":{"@id":"https:\/\/flexfurn.com\/#organization"},"potentialAction":[{"@type":"SearchAction","target":{"@type":"EntryPoint","urlTemplate":"https:\/\/flexfurn.com\/?s={search_term_string}"},"query-input":{"@type":"PropertyValueSpecification","valueRequired":true,"valueName":"search_term_string"}}],"inLanguage":"fr-BE"},{"@type":"Organization","@id":"https:\/\/flexfurn.com\/#organization","name":"Flexfurn","url":"https:\/\/flexfurn.com\/","logo":{"@type":"ImageObject","inLanguage":"fr-BE","@id":"https:\/\/flexfurn.com\/#\/schema\/logo\/image\/","url":"https:\/\/flexfurn.com\/wp-content\/uploads\/2023\/08\/LogoBlack.svg","contentUrl":"https:\/\/flexfurn.com\/wp-content\/uploads\/2023\/08\/LogoBlack.svg","width":210,"height":60,"caption":"Flexfurn"},"image":{"@id":"https:\/\/flexfurn.com\/#\/schema\/logo\/image\/"}}]}},"_links":{"self":[{"href":"https:\/\/flexfurn.com\/fr\/wp-json\/wp\/v2\/product\/31584","targetHints":{"allow":["GET"]}}],"collection":[{"href":"https:\/\/flexfurn.com\/fr\/wp-json\/wp\/v2\/product"}],"about":[{"href":"https:\/\/flexfurn.com\/fr\/wp-json\/wp\/v2\/types\/product"}],"wp:featuredmedia":[{"embeddable":true,"href":"https:\/\/flexfurn.com\/fr\/wp-json\/wp\/v2\/media\/31596"}],"wp:attachment":[{"href":"https:\/\/flexfurn.com\/fr\/wp-json\/wp\/v2\/media?parent=31584"}],"wp:term":[{"taxonomy":"product_brand","embeddable":true,"href":"https:\/\/flexfurn.com\/fr\/wp-json\/wp\/v2\/product_brand?post=31584"},{"taxonomy":"product_cat","embeddable":true,"href":"https:\/\/flexfurn.com\/fr\/wp-json\/wp\/v2\/product_cat?post=31584"},{"taxonomy":"product_tag","embeddable":true,"href":"https:\/\/flexfurn.com\/fr\/wp-json\/wp\/v2\/product_tag?post=31584"}],"curies":[{"name":"wp","href":"https:\/\/api.w.org\/{rel}","templated":true}]}}