{"id":33914,"date":"2026-03-25T14:46:47","date_gmt":"2026-03-25T13:46:47","guid":{"rendered":"https:\/\/flexfurn.com\/?post_type=product&#038;p=33914"},"modified":"2026-03-27T16:21:07","modified_gmt":"2026-03-27T15:21:07","slug":"tolix-style-pp","status":"publish","type":"product","link":"https:\/\/flexfurn.com\/fr\/produit\/tolix-style-pp\/","title":{"rendered":"Chaise empilable Tolix Style PP"},"content":{"rendered":"<section class=\"text-token-text-primary w-full focus:outline-none [--shadow-height:45px] has-data-writing-block:pointer-events-none has-data-writing-block:-mt-(--shadow-height) has-data-writing-block:pt-(--shadow-height) [&amp;:has([data-writing-block])&gt;*]:pointer-events-auto scroll-mt-(--header-height)\" dir=\"auto\" data-turn-id=\"1b17762a-dd35-4b17-ab62-c96e0de7b15c\" data-testid=\"conversation-turn-55\" data-scroll-anchor=\"false\" data-turn=\"user\"><\/section>\n<section class=\"text-token-text-primary w-full focus:outline-none [--shadow-height:45px] has-data-writing-block:pointer-events-none has-data-writing-block:-mt-(--shadow-height) has-data-writing-block:pt-(--shadow-height) [&amp;:has([data-writing-block])&gt;*]:pointer-events-auto scroll-mt-[calc(var(--header-height)+min(200px,max(70px,20svh)))]\" dir=\"auto\" data-turn-id=\"request-69a0011d-4a24-8328-95c4-34146be39601-7\" data-testid=\"conversation-turn-56\" data-scroll-anchor=\"true\" data-turn=\"assistant\">\n<div class=\"text-base my-auto mx-auto pb-10 [--thread-content-margin:var(--thread-content-margin-xs,calc(var(--spacing)*4))] @w-sm\/main:[--thread-content-margin:var(--thread-content-margin-sm,calc(var(--spacing)*6))] @w-lg\/main:[--thread-content-margin:var(--thread-content-margin-lg,calc(var(--spacing)*16))] px-(--thread-content-margin)\">\n<div class=\"[--thread-content-max-width:40rem] @w-lg\/main:[--thread-content-max-width:48rem] mx-auto max-w-(--thread-content-max-width) flex-1 group\/turn-messages focus-visible:outline-hidden relative flex w-full min-w-0 flex-col agent-turn\">\n<div class=\"flex max-w-full flex-col gap-4 grow\">\n<div class=\"min-h-8 text-message relative flex w-full flex-col items-end gap-2 text-start break-words whitespace-normal outline-none keyboard-focused:focus-ring [.text-message+&amp;]:mt-1\" dir=\"auto\" tabindex=\"0\" data-message-author-role=\"assistant\" data-message-id=\"7cde00c6-df9e-4a94-ba7d-fd43becdab51\" data-message-model-slug=\"gpt-5-2-thinking\" data-turn-start-message=\"true\">\n<div class=\"flex w-full flex-col gap-1 empty:hidden\">\n<div>\n<p data-section-id=\"17feyjd\" data-start=\"0\" data-end=\"44\"><strong>Utilisation polyvalente, \u00e0 l&#039;int\u00e9rieur comme \u00e0 l&#039;ext\u00e9rieur<\/strong><br \/>\nLa chaise empilable Tolix Style en polypropyl\u00e8ne est un choix s\u00fbr pour les food trucks, les festivals de street food, les parcs de loisirs et de jeux, les \u00e9v\u00e9nements \u00e9ph\u00e9m\u00e8res et autres manifestations. Son design intemporel et fonctionnel la rend adapt\u00e9e \u00e0 de nombreux contextes. <span style=\"color: #000000;\"><span style=\"color: #c6b370;\"><a style=\"color: #c6b370;\" href=\"https:\/\/flexfurn.com\/fr\/quels-materiaux-conviennent-a-une-utilisation-interieure-et-exterieure\/\" target=\"_blank\" rel=\"noopener\">\u00c0 l&#039;int\u00e9rieur comme \u00e0 l&#039;ext\u00e9rieur<\/a><\/span><\/span>. La chaise est r\u00e9sistante aux UV. Cela garantit que sa couleur reste \u00e9clatante, m\u00eame en plein soleil et en cas d&#039;utilisation intensive.<\/p>\n<p data-section-id=\"1fo9y47\" data-start=\"393\" data-end=\"435\"><strong>Mat\u00e9riau robuste, entretien facile<\/strong><br \/>\nLa chaise est fabriqu\u00e9e en polypropyl\u00e8ne renforc\u00e9 de fibres de verre. Cette combinaison lui conf\u00e8re une robustesse accrue et, par cons\u00e9quent, une longue dur\u00e9e de vie. De plus, le mat\u00e9riau est facile d&#039;entretien. <span style=\"color: #c6b370;\"><a style=\"color: #c6b370;\" href=\"https:\/\/flexfurn.com\/fr\/comment-entretenir-au-mieux-vos-materiaux\/\" target=\"_blank\" rel=\"noopener\">Vous nettoyez rapidement et facilement<\/a><\/span>. Id\u00e9ale l\u00e0 o\u00f9 rapidit\u00e9 et efficacit\u00e9 sont essentielles. Malgr\u00e9 sa construction robuste, la chaise est l\u00e9g\u00e8re. La d\u00e9placer et la r\u00e9organiser est donc ais\u00e9. Et ergonomique de surcro\u00eet.<\/p>\n<p data-section-id=\"1jx4eg\" data-start=\"823\" data-end=\"859\"><strong>Confort pour une utilisation intensive<\/strong><br \/>\nSa conception favorise une posture assise naturelle, ce qui la rend adapt\u00e9e \u00e0 un large public, des courtes pauses aux soir\u00e9es anim\u00e9es des festivals. Elle allie stabilit\u00e9 et confort d&#039;assise, tout en conservant une grande flexibilit\u00e9 m\u00eame en cas de modifications de configuration. Le d\u00e9ploiement et le r\u00e9alignement des chaises sont rapides et faciles, ce qui permet un gain de temps consid\u00e9rable lors de l&#039;installation et du d\u00e9montage.<\/p>\n<p data-section-id=\"887piw\" data-start=\"1201\" data-end=\"1240\"><strong>Empilable et logistiquement efficace<\/strong><br \/>\nLa chaise empilable Tolix Style PP se distingue \u00e9galement par sa praticit\u00e9. Vous pouvez empiler jusqu&#039;\u00e0 24 chaises rapidement et efficacement sur un chariot de transport. Autre avantage\u00a0: il s&#039;agit du m\u00eame chariot que celui utilis\u00e9 pour la chaise en m\u00e9tal. <span style=\"color: #000000;\"><span style=\"color: #c6b370;\"><a style=\"color: #c6b370;\" href=\"https:\/\/flexfurn.com\/fr\/produit\/chaise-empilable-de-style-tolix\/\" target=\"_blank\" rel=\"noopener\">Chaise empilable de style Tolix<\/a><\/span><\/span>. Cela permet de bien organiser votre stock. Vous limitez le nombre d&#039;outils. Et vous travaillez plus vite aux heures de pointe.<\/p>\n<p data-section-id=\"125kzm1\" data-start=\"1558\" data-end=\"1593\"><strong>Id\u00e9al pour les locations et les \u00e9v\u00e9nements<\/strong><br \/>\nPour les loueurs et les organisateurs, cela signifie moins d&#039;entretien. Les dommages et les temps d&#039;arr\u00eat sont \u00e9galement r\u00e9duits au minimum. Vous optimisez le nombre de rotations par saison. Combinez-le avec diff\u00e9rentes configurations de tables pour cr\u00e9er rapidement une pr\u00e9sentation harmonieuse. Gr\u00e2ce \u00e0 sa l\u00e9g\u00e8ret\u00e9, vous gagnez en rapidit\u00e9 sur site. Et vous \u00e9conomisez de l&#039;espace de stockage.<\/p>\n<\/div>\n<\/div>\n<\/div>\n<\/div>\n<\/div>\n<\/div>\n<\/section>","protected":false},"excerpt":{"rendered":"<p>Empilable<br \/>\nFabriqu\u00e9 en polypropyl\u00e8ne<br \/>\nRenforc\u00e9 de fibre de verre<br \/>\nPoids l\u00e9ger<br \/>\nR\u00e9sistant aux UV<br \/>\nUtilisation int\u00e9rieure et ext\u00e9rieure<\/p>\n<p>Id\u00e9al pour :<br \/>\n\u2013 Festivals de food trucks et de cuisine de rue<br \/>\n\u2013 \u00c9v\u00e9nements et festivals hauts en couleur<br \/>\n\u2013 Parcs de loisirs et de jeux<br \/>\n\u2013 Concepts \u00e9ph\u00e9m\u00e8res<br \/>\n\u2013 \u2026<\/p>","protected":false},"featured_media":33935,"template":"","meta":[],"product_brand":[],"product_cat":[91,66,129],"product_tag":[],"class_list":{"0":"post-33914","1":"product","2":"type-product","3":"status-publish","4":"has-post-thumbnail","6":"product_cat-outdoor","7":"product_cat-stapelstoel","8":"product_cat-tolix-style","10":"first","11":"instock","12":"taxable","13":"shipping-taxable","14":"purchasable","15":"product-type-variable"},"yoast_head":"<!-- This site is optimized with the Yoast SEO plugin v26.6 - https:\/\/yoast.com\/wordpress\/plugins\/seo\/ -->\n<title>Tolix Style PP stapelstoel - Flexfurn<\/title>\n<meta name=\"description\" content=\"De Tolix Style PP stapelstoel is voor binnen en buitengebruik. Ideaal voor foodtruck- en streetfood festivals, recreatieparken of andere kleurrijke events.\" \/>\n<meta name=\"robots\" content=\"index, follow, max-snippet:-1, max-image-preview:large, max-video-preview:-1\" \/>\n<link rel=\"canonical\" href=\"https:\/\/flexfurn.com\/fr\/produit\/tolix-style-pp\/\" \/>\n<meta property=\"og:locale\" content=\"fr_FR\" \/>\n<meta property=\"og:type\" content=\"article\" \/>\n<meta property=\"og:title\" content=\"Tolix Style PP stapelstoel - Flexfurn\" \/>\n<meta property=\"og:description\" content=\"De Tolix Style PP stapelstoel is voor binnen en buitengebruik. Ideaal voor foodtruck- en streetfood festivals, recreatieparken of andere kleurrijke events.\" \/>\n<meta property=\"og:url\" content=\"https:\/\/flexfurn.com\/fr\/produit\/tolix-style-pp\/\" \/>\n<meta property=\"og:site_name\" content=\"Flexfurn\" \/>\n<meta property=\"article:modified_time\" content=\"2026-03-27T15:21:07+00:00\" \/>\n<meta property=\"og:image\" content=\"https:\/\/flexfurn.com\/wp-content\/uploads\/2026\/03\/TOLIX-PP_CHAIR_ORANGE_Low-view.jpg\" \/>\n\t<meta property=\"og:image:width\" content=\"2400\" \/>\n\t<meta property=\"og:image:height\" content=\"2400\" \/>\n\t<meta property=\"og:image:type\" content=\"image\/jpeg\" \/>\n<meta name=\"twitter:card\" content=\"summary_large_image\" \/>\n<meta name=\"twitter:label1\" content=\"Dur\u00e9e de lecture est.\" \/>\n\t<meta name=\"twitter:data1\" content=\"2 minutes\" \/>\n<script type=\"application\/ld+json\" class=\"yoast-schema-graph\">{\"@context\":\"https:\/\/schema.org\",\"@graph\":[{\"@type\":\"WebPage\",\"@id\":\"https:\/\/flexfurn.com\/product\/tolix-style-pp\/\",\"url\":\"https:\/\/flexfurn.com\/product\/tolix-style-pp\/\",\"name\":\"Tolix Style PP stapelstoel - Flexfurn\",\"isPartOf\":{\"@id\":\"https:\/\/flexfurn.com\/#website\"},\"primaryImageOfPage\":{\"@id\":\"https:\/\/flexfurn.com\/product\/tolix-style-pp\/#primaryimage\"},\"image\":{\"@id\":\"https:\/\/flexfurn.com\/product\/tolix-style-pp\/#primaryimage\"},\"thumbnailUrl\":\"https:\/\/flexfurn.com\/wp-content\/uploads\/2026\/03\/TOLIX-PP_CHAIR_ORANGE_Low-view.jpg\",\"datePublished\":\"2026-03-25T13:46:47+00:00\",\"dateModified\":\"2026-03-27T15:21:07+00:00\",\"description\":\"De Tolix Style PP stapelstoel is voor binnen en buitengebruik. Ideaal voor foodtruck- en streetfood festivals, recreatieparken of andere kleurrijke events.\",\"breadcrumb\":{\"@id\":\"https:\/\/flexfurn.com\/product\/tolix-style-pp\/#breadcrumb\"},\"inLanguage\":\"fr-BE\",\"potentialAction\":[{\"@type\":\"ReadAction\",\"target\":[\"https:\/\/flexfurn.com\/product\/tolix-style-pp\/\"]}]},{\"@type\":\"ImageObject\",\"inLanguage\":\"fr-BE\",\"@id\":\"https:\/\/flexfurn.com\/product\/tolix-style-pp\/#primaryimage\",\"url\":\"https:\/\/flexfurn.com\/wp-content\/uploads\/2026\/03\/TOLIX-PP_CHAIR_ORANGE_Low-view.jpg\",\"contentUrl\":\"https:\/\/flexfurn.com\/wp-content\/uploads\/2026\/03\/TOLIX-PP_CHAIR_ORANGE_Low-view.jpg\",\"width\":2400,\"height\":2400,\"caption\":\"De oranje Tolix Style Polypropyleen stapelstoel voorzijde. Ideaal voor foodtruck- en streetfoodfestivals, recreatie- en speelparken, pop-upconcepten en andere kleurrijke events.\"},{\"@type\":\"BreadcrumbList\",\"@id\":\"https:\/\/flexfurn.com\/product\/tolix-style-pp\/#breadcrumb\",\"itemListElement\":[{\"@type\":\"ListItem\",\"position\":1,\"name\":\"Home\",\"item\":\"https:\/\/flexfurn.com\/\"},{\"@type\":\"ListItem\",\"position\":2,\"name\":\"Winkel\",\"item\":\"https:\/\/flexfurn.com\/winkel\/\"},{\"@type\":\"ListItem\",\"position\":3,\"name\":\"Tolix Style PP stapelstoel\"}]},{\"@type\":\"WebSite\",\"@id\":\"https:\/\/flexfurn.com\/#website\",\"url\":\"https:\/\/flexfurn.com\/\",\"name\":\"Flexfurn\",\"description\":\"\",\"publisher\":{\"@id\":\"https:\/\/flexfurn.com\/#organization\"},\"potentialAction\":[{\"@type\":\"SearchAction\",\"target\":{\"@type\":\"EntryPoint\",\"urlTemplate\":\"https:\/\/flexfurn.com\/?s={search_term_string}\"},\"query-input\":{\"@type\":\"PropertyValueSpecification\",\"valueRequired\":true,\"valueName\":\"search_term_string\"}}],\"inLanguage\":\"fr-BE\"},{\"@type\":\"Organization\",\"@id\":\"https:\/\/flexfurn.com\/#organization\",\"name\":\"Flexfurn\",\"url\":\"https:\/\/flexfurn.com\/\",\"logo\":{\"@type\":\"ImageObject\",\"inLanguage\":\"fr-BE\",\"@id\":\"https:\/\/flexfurn.com\/#\/schema\/logo\/image\/\",\"url\":\"https:\/\/flexfurn.com\/wp-content\/uploads\/2023\/08\/LogoBlack.svg\",\"contentUrl\":\"https:\/\/flexfurn.com\/wp-content\/uploads\/2023\/08\/LogoBlack.svg\",\"width\":210,\"height\":60,\"caption\":\"Flexfurn\"},\"image\":{\"@id\":\"https:\/\/flexfurn.com\/#\/schema\/logo\/image\/\"}}]}<\/script>\n<!-- \/ Yoast SEO plugin. -->","yoast_head_json":{"title":"Chaise empilable Tolix Style PP - Flexfurn","description":"La chaise empilable Tolix Style en polypropyl\u00e8ne convient \u00e0 une utilisation int\u00e9rieure et ext\u00e9rieure. Id\u00e9ale pour les food trucks, les festivals de street food, les parcs de loisirs et autres \u00e9v\u00e9nements festifs.","robots":{"index":"index","follow":"follow","max-snippet":"max-snippet:-1","max-image-preview":"max-image-preview:large","max-video-preview":"max-video-preview:-1"},"canonical":"https:\/\/flexfurn.com\/fr\/produit\/tolix-style-pp\/","og_locale":"fr_FR","og_type":"article","og_title":"Tolix Style PP stapelstoel - Flexfurn","og_description":"De Tolix Style PP stapelstoel is voor binnen en buitengebruik. Ideaal voor foodtruck- en streetfood festivals, recreatieparken of andere kleurrijke events.","og_url":"https:\/\/flexfurn.com\/fr\/produit\/tolix-style-pp\/","og_site_name":"Flexfurn","article_modified_time":"2026-03-27T15:21:07+00:00","og_image":[{"width":2400,"height":2400,"url":"https:\/\/flexfurn.com\/wp-content\/uploads\/2026\/03\/TOLIX-PP_CHAIR_ORANGE_Low-view.jpg","type":"image\/jpeg"}],"twitter_card":"summary_large_image","twitter_misc":{"Dur\u00e9e de lecture est.":"2 minutes"},"schema":{"@context":"https:\/\/schema.org","@graph":[{"@type":"WebPage","@id":"https:\/\/flexfurn.com\/product\/tolix-style-pp\/","url":"https:\/\/flexfurn.com\/product\/tolix-style-pp\/","name":"Chaise empilable Tolix Style PP - Flexfurn","isPartOf":{"@id":"https:\/\/flexfurn.com\/#website"},"primaryImageOfPage":{"@id":"https:\/\/flexfurn.com\/product\/tolix-style-pp\/#primaryimage"},"image":{"@id":"https:\/\/flexfurn.com\/product\/tolix-style-pp\/#primaryimage"},"thumbnailUrl":"https:\/\/flexfurn.com\/wp-content\/uploads\/2026\/03\/TOLIX-PP_CHAIR_ORANGE_Low-view.jpg","datePublished":"2026-03-25T13:46:47+00:00","dateModified":"2026-03-27T15:21:07+00:00","description":"La chaise empilable Tolix Style en polypropyl\u00e8ne convient \u00e0 une utilisation int\u00e9rieure et ext\u00e9rieure. Id\u00e9ale pour les food trucks, les festivals de street food, les parcs de loisirs et autres \u00e9v\u00e9nements festifs.","breadcrumb":{"@id":"https:\/\/flexfurn.com\/product\/tolix-style-pp\/#breadcrumb"},"inLanguage":"fr-BE","potentialAction":[{"@type":"ReadAction","target":["https:\/\/flexfurn.com\/product\/tolix-style-pp\/"]}]},{"@type":"ImageObject","inLanguage":"fr-BE","@id":"https:\/\/flexfurn.com\/product\/tolix-style-pp\/#primaryimage","url":"https:\/\/flexfurn.com\/wp-content\/uploads\/2026\/03\/TOLIX-PP_CHAIR_ORANGE_Low-view.jpg","contentUrl":"https:\/\/flexfurn.com\/wp-content\/uploads\/2026\/03\/TOLIX-PP_CHAIR_ORANGE_Low-view.jpg","width":2400,"height":2400,"caption":"De oranje Tolix Style Polypropyleen stapelstoel voorzijde. Ideaal voor foodtruck- en streetfoodfestivals, recreatie- en speelparken, pop-upconcepten en andere kleurrijke events."},{"@type":"BreadcrumbList","@id":"https:\/\/flexfurn.com\/product\/tolix-style-pp\/#breadcrumb","itemListElement":[{"@type":"ListItem","position":1,"name":"Home","item":"https:\/\/flexfurn.com\/"},{"@type":"ListItem","position":2,"name":"Winkel","item":"https:\/\/flexfurn.com\/winkel\/"},{"@type":"ListItem","position":3,"name":"Tolix Style PP stapelstoel"}]},{"@type":"WebSite","@id":"https:\/\/flexfurn.com\/#website","url":"https:\/\/flexfurn.com\/","name":"Flexfurn","description":"","publisher":{"@id":"https:\/\/flexfurn.com\/#organization"},"potentialAction":[{"@type":"SearchAction","target":{"@type":"EntryPoint","urlTemplate":"https:\/\/flexfurn.com\/?s={search_term_string}"},"query-input":{"@type":"PropertyValueSpecification","valueRequired":true,"valueName":"search_term_string"}}],"inLanguage":"fr-BE"},{"@type":"Organization","@id":"https:\/\/flexfurn.com\/#organization","name":"Flexfurn","url":"https:\/\/flexfurn.com\/","logo":{"@type":"ImageObject","inLanguage":"fr-BE","@id":"https:\/\/flexfurn.com\/#\/schema\/logo\/image\/","url":"https:\/\/flexfurn.com\/wp-content\/uploads\/2023\/08\/LogoBlack.svg","contentUrl":"https:\/\/flexfurn.com\/wp-content\/uploads\/2023\/08\/LogoBlack.svg","width":210,"height":60,"caption":"Flexfurn"},"image":{"@id":"https:\/\/flexfurn.com\/#\/schema\/logo\/image\/"}}]}},"_links":{"self":[{"href":"https:\/\/flexfurn.com\/fr\/wp-json\/wp\/v2\/product\/33914","targetHints":{"allow":["GET"]}}],"collection":[{"href":"https:\/\/flexfurn.com\/fr\/wp-json\/wp\/v2\/product"}],"about":[{"href":"https:\/\/flexfurn.com\/fr\/wp-json\/wp\/v2\/types\/product"}],"wp:featuredmedia":[{"embeddable":true,"href":"https:\/\/flexfurn.com\/fr\/wp-json\/wp\/v2\/media\/33935"}],"wp:attachment":[{"href":"https:\/\/flexfurn.com\/fr\/wp-json\/wp\/v2\/media?parent=33914"}],"wp:term":[{"taxonomy":"product_brand","embeddable":true,"href":"https:\/\/flexfurn.com\/fr\/wp-json\/wp\/v2\/product_brand?post=33914"},{"taxonomy":"product_cat","embeddable":true,"href":"https:\/\/flexfurn.com\/fr\/wp-json\/wp\/v2\/product_cat?post=33914"},{"taxonomy":"product_tag","embeddable":true,"href":"https:\/\/flexfurn.com\/fr\/wp-json\/wp\/v2\/product_tag?post=33914"}],"curies":[{"name":"wp","href":"https:\/\/api.w.org\/{rel}","templated":true}]}}