{"id":3508,"date":"2023-12-30T14:56:45","date_gmt":"2023-12-30T13:56:45","guid":{"rendered":"https:\/\/beta.flexfurn.com\/?post_type=product&#038;p=3508"},"modified":"2026-03-27T14:57:32","modified_gmt":"2026-03-27T13:57:32","slug":"ensemble-de-banquet-de-table-a-biere","status":"publish","type":"product","link":"https:\/\/flexfurn.com\/fr\/produit\/ensemble-de-banquet-de-table-a-biere\/","title":{"rendered":"Ensemble de banquet de table \u00e0 bi\u00e8re"},"content":{"rendered":"<p>D\u00e9couvrez l&#039;ENSEMBLE BANQUET TABLE \u00c0 BI\u00c8RE\u00a0; le c\u00e9l\u00e8bre ensemble compos\u00e9 de deux canap\u00e9s et d&#039;une table pliante.<br \/>\nCet ensemble est en bois naturel. Gr\u00e2ce \u00e0 une couche de laque r\u00e9sistante \u00e0 l&#039;humidit\u00e9, il peut \u00eatre utilis\u00e9 aussi bien \u00e0 l&#039;int\u00e9rieur qu&#039;\u00e0 l&#039;ext\u00e9rieur.<br \/>\nL&#039;ensemble est facile \u00e0 utiliser et dispose d&#039;un syst\u00e8me de fermeture automatique.<\/p>","protected":false},"excerpt":{"rendered":"<p>Pliable<br \/>\nSyst\u00e8me autobloquant<br \/>\nCh\u00e2ssis en acier<br \/>\nRev\u00eatement \u00e9poxy vert<br \/>\nCertifi\u00e9 TUV<br \/>\nUtilisation int\u00e9rieure et ext\u00e9rieure<br \/>\n1x table 220\u00d770 cm + 2x banc 220\u00d727 cm<\/p>\n<p><strong>*Le PRIX indiqu\u00e9 est le PRIX NET. Il n&#039;est pas r\u00e9troactif aux commandes pass\u00e9es. Il n&#039;est pas cumulable avec d&#039;autres r\u00e9ductions. Flexfurn se r\u00e9serve le droit de modifier les prix, les conditions ou la disponibilit\u00e9 \u00e0 tout moment et sans pr\u00e9avis.<\/strong><\/p>","protected":false},"featured_media":3577,"template":"","meta":[],"product_brand":[],"product_cat":[69,68,91,72],"product_tag":[],"class_list":{"0":"post-3508","1":"product","2":"type-product","3":"status-publish","4":"has-post-thumbnail","6":"product_cat-eettafel","7":"product_cat-klaptafel","8":"product_cat-outdoor","9":"product_cat-zitbank","11":"first","12":"instock","13":"taxable","14":"shipping-taxable","15":"purchasable","16":"product-type-simple"},"yoast_head":"<!-- This site is optimized with the Yoast SEO plugin v26.6 - https:\/\/yoast.com\/wordpress\/plugins\/seo\/ -->\n<title>Biertafel banket set - Flexfurn<\/title>\n<meta name=\"robots\" content=\"index, follow, max-snippet:-1, max-image-preview:large, max-video-preview:-1\" \/>\n<link rel=\"canonical\" href=\"https:\/\/flexfurn.com\/fr\/produit\/ensemble-de-banquet-de-table-a-biere\/\" \/>\n<meta property=\"og:locale\" content=\"fr_FR\" \/>\n<meta property=\"og:type\" content=\"article\" \/>\n<meta property=\"og:title\" content=\"Biertafel banket set - Flexfurn\" \/>\n<meta property=\"og:description\" content=\"Klapbaar Zelfblokkerend systeem Stalen frame Groene epoxy coating TUV-certificeerd Binnen- en buitengebruik 1x tafel 220x70 cm + 2x bank 220x27 cm  *De vermelde PRIJS is de NETTOPRIJS. Niet retroactief toepasbaar op eerder geplaatste bestellingen. Niet cumuleerbaar met andere kortingen. Flexfurn behoudt zich het recht voor om prijzen, voorwaarden of beschikbaarheid op elk moment zonder voorafgaande kennisgeving te wijzigen.\" \/>\n<meta property=\"og:url\" content=\"https:\/\/flexfurn.com\/fr\/produit\/ensemble-de-banquet-de-table-a-biere\/\" \/>\n<meta property=\"og:site_name\" content=\"Flexfurn\" \/>\n<meta property=\"article:modified_time\" content=\"2026-03-27T13:57:32+00:00\" \/>\n<meta property=\"og:image\" content=\"https:\/\/flexfurn.com\/wp-content\/uploads\/2024\/01\/Beertable.jpg\" \/>\n\t<meta property=\"og:image:width\" content=\"2000\" \/>\n\t<meta property=\"og:image:height\" content=\"2000\" \/>\n\t<meta property=\"og:image:type\" content=\"image\/jpeg\" \/>\n<meta name=\"twitter:card\" content=\"summary_large_image\" \/>\n<meta name=\"twitter:label1\" content=\"Dur\u00e9e de lecture est.\" \/>\n\t<meta name=\"twitter:data1\" content=\"1 minute\" \/>\n<script type=\"application\/ld+json\" class=\"yoast-schema-graph\">{\"@context\":\"https:\/\/schema.org\",\"@graph\":[{\"@type\":\"WebPage\",\"@id\":\"https:\/\/flexfurn.com\/product\/biertafel-banket-set\/\",\"url\":\"https:\/\/flexfurn.com\/product\/biertafel-banket-set\/\",\"name\":\"Biertafel banket set - Flexfurn\",\"isPartOf\":{\"@id\":\"https:\/\/flexfurn.com\/#website\"},\"primaryImageOfPage\":{\"@id\":\"https:\/\/flexfurn.com\/product\/biertafel-banket-set\/#primaryimage\"},\"image\":{\"@id\":\"https:\/\/flexfurn.com\/product\/biertafel-banket-set\/#primaryimage\"},\"thumbnailUrl\":\"https:\/\/flexfurn.com\/wp-content\/uploads\/2024\/01\/Beertable.jpg\",\"datePublished\":\"2023-12-30T13:56:45+00:00\",\"dateModified\":\"2026-03-27T13:57:32+00:00\",\"breadcrumb\":{\"@id\":\"https:\/\/flexfurn.com\/product\/biertafel-banket-set\/#breadcrumb\"},\"inLanguage\":\"fr-BE\",\"potentialAction\":[{\"@type\":\"ReadAction\",\"target\":[\"https:\/\/flexfurn.com\/product\/biertafel-banket-set\/\"]}]},{\"@type\":\"ImageObject\",\"inLanguage\":\"fr-BE\",\"@id\":\"https:\/\/flexfurn.com\/product\/biertafel-banket-set\/#primaryimage\",\"url\":\"https:\/\/flexfurn.com\/wp-content\/uploads\/2024\/01\/Beertable.jpg\",\"contentUrl\":\"https:\/\/flexfurn.com\/wp-content\/uploads\/2024\/01\/Beertable.jpg\",\"width\":2000,\"height\":2000},{\"@type\":\"BreadcrumbList\",\"@id\":\"https:\/\/flexfurn.com\/product\/biertafel-banket-set\/#breadcrumb\",\"itemListElement\":[{\"@type\":\"ListItem\",\"position\":1,\"name\":\"Home\",\"item\":\"https:\/\/flexfurn.com\/\"},{\"@type\":\"ListItem\",\"position\":2,\"name\":\"Winkel\",\"item\":\"https:\/\/flexfurn.com\/winkel\/\"},{\"@type\":\"ListItem\",\"position\":3,\"name\":\"Biertafel banket set\"}]},{\"@type\":\"WebSite\",\"@id\":\"https:\/\/flexfurn.com\/#website\",\"url\":\"https:\/\/flexfurn.com\/\",\"name\":\"Flexfurn\",\"description\":\"\",\"publisher\":{\"@id\":\"https:\/\/flexfurn.com\/#organization\"},\"potentialAction\":[{\"@type\":\"SearchAction\",\"target\":{\"@type\":\"EntryPoint\",\"urlTemplate\":\"https:\/\/flexfurn.com\/?s={search_term_string}\"},\"query-input\":{\"@type\":\"PropertyValueSpecification\",\"valueRequired\":true,\"valueName\":\"search_term_string\"}}],\"inLanguage\":\"fr-BE\"},{\"@type\":\"Organization\",\"@id\":\"https:\/\/flexfurn.com\/#organization\",\"name\":\"Flexfurn\",\"url\":\"https:\/\/flexfurn.com\/\",\"logo\":{\"@type\":\"ImageObject\",\"inLanguage\":\"fr-BE\",\"@id\":\"https:\/\/flexfurn.com\/#\/schema\/logo\/image\/\",\"url\":\"https:\/\/flexfurn.com\/wp-content\/uploads\/2023\/08\/LogoBlack.svg\",\"contentUrl\":\"https:\/\/flexfurn.com\/wp-content\/uploads\/2023\/08\/LogoBlack.svg\",\"width\":210,\"height\":60,\"caption\":\"Flexfurn\"},\"image\":{\"@id\":\"https:\/\/flexfurn.com\/#\/schema\/logo\/image\/\"}}]}<\/script>\n<!-- \/ Yoast SEO plugin. -->","yoast_head_json":{"title":"Ensemble de banquet de table \u00e0 bi\u00e8re - Flexfurn","robots":{"index":"index","follow":"follow","max-snippet":"max-snippet:-1","max-image-preview":"max-image-preview:large","max-video-preview":"max-video-preview:-1"},"canonical":"https:\/\/flexfurn.com\/fr\/produit\/ensemble-de-banquet-de-table-a-biere\/","og_locale":"fr_FR","og_type":"article","og_title":"Biertafel banket set - Flexfurn","og_description":"Klapbaar Zelfblokkerend systeem Stalen frame Groene epoxy coating TUV-certificeerd Binnen- en buitengebruik 1x tafel 220x70 cm + 2x bank 220x27 cm  *De vermelde PRIJS is de NETTOPRIJS. Niet retroactief toepasbaar op eerder geplaatste bestellingen. Niet cumuleerbaar met andere kortingen. Flexfurn behoudt zich het recht voor om prijzen, voorwaarden of beschikbaarheid op elk moment zonder voorafgaande kennisgeving te wijzigen.","og_url":"https:\/\/flexfurn.com\/fr\/produit\/ensemble-de-banquet-de-table-a-biere\/","og_site_name":"Flexfurn","article_modified_time":"2026-03-27T13:57:32+00:00","og_image":[{"width":2000,"height":2000,"url":"https:\/\/flexfurn.com\/wp-content\/uploads\/2024\/01\/Beertable.jpg","type":"image\/jpeg"}],"twitter_card":"summary_large_image","twitter_misc":{"Dur\u00e9e de lecture est.":"1 minute"},"schema":{"@context":"https:\/\/schema.org","@graph":[{"@type":"WebPage","@id":"https:\/\/flexfurn.com\/product\/biertafel-banket-set\/","url":"https:\/\/flexfurn.com\/product\/biertafel-banket-set\/","name":"Ensemble de banquet de table \u00e0 bi\u00e8re - Flexfurn","isPartOf":{"@id":"https:\/\/flexfurn.com\/#website"},"primaryImageOfPage":{"@id":"https:\/\/flexfurn.com\/product\/biertafel-banket-set\/#primaryimage"},"image":{"@id":"https:\/\/flexfurn.com\/product\/biertafel-banket-set\/#primaryimage"},"thumbnailUrl":"https:\/\/flexfurn.com\/wp-content\/uploads\/2024\/01\/Beertable.jpg","datePublished":"2023-12-30T13:56:45+00:00","dateModified":"2026-03-27T13:57:32+00:00","breadcrumb":{"@id":"https:\/\/flexfurn.com\/product\/biertafel-banket-set\/#breadcrumb"},"inLanguage":"fr-BE","potentialAction":[{"@type":"ReadAction","target":["https:\/\/flexfurn.com\/product\/biertafel-banket-set\/"]}]},{"@type":"ImageObject","inLanguage":"fr-BE","@id":"https:\/\/flexfurn.com\/product\/biertafel-banket-set\/#primaryimage","url":"https:\/\/flexfurn.com\/wp-content\/uploads\/2024\/01\/Beertable.jpg","contentUrl":"https:\/\/flexfurn.com\/wp-content\/uploads\/2024\/01\/Beertable.jpg","width":2000,"height":2000},{"@type":"BreadcrumbList","@id":"https:\/\/flexfurn.com\/product\/biertafel-banket-set\/#breadcrumb","itemListElement":[{"@type":"ListItem","position":1,"name":"Home","item":"https:\/\/flexfurn.com\/"},{"@type":"ListItem","position":2,"name":"Winkel","item":"https:\/\/flexfurn.com\/winkel\/"},{"@type":"ListItem","position":3,"name":"Biertafel banket set"}]},{"@type":"WebSite","@id":"https:\/\/flexfurn.com\/#website","url":"https:\/\/flexfurn.com\/","name":"Flexfurn","description":"","publisher":{"@id":"https:\/\/flexfurn.com\/#organization"},"potentialAction":[{"@type":"SearchAction","target":{"@type":"EntryPoint","urlTemplate":"https:\/\/flexfurn.com\/?s={search_term_string}"},"query-input":{"@type":"PropertyValueSpecification","valueRequired":true,"valueName":"search_term_string"}}],"inLanguage":"fr-BE"},{"@type":"Organization","@id":"https:\/\/flexfurn.com\/#organization","name":"Flexfurn","url":"https:\/\/flexfurn.com\/","logo":{"@type":"ImageObject","inLanguage":"fr-BE","@id":"https:\/\/flexfurn.com\/#\/schema\/logo\/image\/","url":"https:\/\/flexfurn.com\/wp-content\/uploads\/2023\/08\/LogoBlack.svg","contentUrl":"https:\/\/flexfurn.com\/wp-content\/uploads\/2023\/08\/LogoBlack.svg","width":210,"height":60,"caption":"Flexfurn"},"image":{"@id":"https:\/\/flexfurn.com\/#\/schema\/logo\/image\/"}}]}},"_links":{"self":[{"href":"https:\/\/flexfurn.com\/fr\/wp-json\/wp\/v2\/product\/3508","targetHints":{"allow":["GET"]}}],"collection":[{"href":"https:\/\/flexfurn.com\/fr\/wp-json\/wp\/v2\/product"}],"about":[{"href":"https:\/\/flexfurn.com\/fr\/wp-json\/wp\/v2\/types\/product"}],"wp:featuredmedia":[{"embeddable":true,"href":"https:\/\/flexfurn.com\/fr\/wp-json\/wp\/v2\/media\/3577"}],"wp:attachment":[{"href":"https:\/\/flexfurn.com\/fr\/wp-json\/wp\/v2\/media?parent=3508"}],"wp:term":[{"taxonomy":"product_brand","embeddable":true,"href":"https:\/\/flexfurn.com\/fr\/wp-json\/wp\/v2\/product_brand?post=3508"},{"taxonomy":"product_cat","embeddable":true,"href":"https:\/\/flexfurn.com\/fr\/wp-json\/wp\/v2\/product_cat?post=3508"},{"taxonomy":"product_tag","embeddable":true,"href":"https:\/\/flexfurn.com\/fr\/wp-json\/wp\/v2\/product_tag?post=3508"}],"curies":[{"name":"wp","href":"https:\/\/api.w.org\/{rel}","templated":true}]}}