{"id":36096,"date":"2026-04-24T15:37:18","date_gmt":"2026-04-24T13:37:18","guid":{"rendered":"https:\/\/flexfurn.com\/?post_type=product&#038;p=36096"},"modified":"2026-04-24T17:13:53","modified_gmt":"2026-04-24T15:13:53","slug":"diner-kubo","status":"publish","type":"product","link":"https:\/\/flexfurn.com\/fr\/produit\/diner-kubo\/","title":{"rendered":"D\u00eener Kubo"},"content":{"rendered":"<p data-start=\"158\" data-end=\"575\"><strong data-start=\"158\" data-end=\"204\">Id\u00e9al pour les d\u00eeners-repas et les \u00e9v\u00e9nements de r\u00e9seautage<\/strong><br data-start=\"204\" data-end=\"207\" \/>La table haute Kubo est con\u00e7ue pour les \u00e9v\u00e9nements o\u00f9 flexibilit\u00e9 et fluidit\u00e9 sont essentielles. D&#039;une hauteur de 74 cm, elle est id\u00e9ale pour les terrasses, les d\u00eeners champ\u00eatres et les \u00e9v\u00e9nements de r\u00e9seautage. Ses dimensions de 120 x 70 cm offrent un espace g\u00e9n\u00e9reux sans entraver la visibilit\u00e9, permettant ainsi de cr\u00e9er rapidement un cadre professionnel et accueillant.<\/p>\n<p data-start=\"577\" data-end=\"969\"><strong data-start=\"577\" data-end=\"620\">Basculement efficace entre les configurations<\/strong><br data-start=\"620\" data-end=\"623\" \/>Vous pouvez facilement changer de configuration au cours d&#039;un m\u00eame \u00e9v\u00e9nement. La table Kubo Dinner s&#039;int\u00e8gre harmonieusement \u00e0 une grande vari\u00e9t\u00e9 de concepts, des moments de r\u00e9seautage informels aux s\u00e9minaires. Gr\u00e2ce \u00e0 son design \u00e9l\u00e9gant, vous pouvez facilement combiner cette table avec d&#039;autres \u00e9l\u00e9ments de la collection Kubo (<span style=\"color: #c6b370;\"><a style=\"color: #c6b370;\" href=\"https:\/\/flexfurn.com\/fr\/produit\/table-haute-intelligente-en-aluminium-kubo\/\" target=\"_blank\" rel=\"noopener\">Table Kubo Smart Party<\/a><\/span>, <span style=\"color: #c6b370;\"><a style=\"color: #c6b370;\" href=\"https:\/\/flexfurn.com\/fr\/produit\/tabouret-de-bar-intelligent-en-aluminium-kubo\/\" target=\"_blank\" rel=\"noopener\">Tabouret de bar intelligent Kubo<\/a><\/span>, <span style=\"color: #c6b370;\"><a style=\"color: #c6b370;\" href=\"https:\/\/flexfurn.com\/fr\/produit\/mur-de-kubo\/\" target=\"_blank\" rel=\"noopener\">Mur Kubo<\/a><\/span>, <span style=\"color: #c6b370;\"><a style=\"color: #c6b370;\" href=\"https:\/\/flexfurn.com\/fr\/produit\/diner-intelligent-kubo-ferro\/\" target=\"_blank\" rel=\"noopener\">Kubo Ferro Smart<\/a><\/span>, \u2026). De cette fa\u00e7on, vous conservez une apparence uniforme, quel que soit le contexte.<\/p>\n<p data-start=\"971\" data-end=\"1335\"><strong data-start=\"971\" data-end=\"1009\">Syst\u00e8me modulaire \u00e0 structure intelligente<\/strong><br data-start=\"1009\" data-end=\"1012\" \/>La force de la table Kubo r\u00e9side dans sa modularit\u00e9. Les structures en acier sont empilables, garantissant un rangement compact et un transport facilit\u00e9. Les plateaux interchangeables vous offrent la libert\u00e9 de cr\u00e9er un style diff\u00e9rent pour chaque \u00e9v\u00e9nement. Vous pouvez ainsi adapter facilement la configuration sans avoir besoin de pieds suppl\u00e9mentaires.<\/p>\n<p data-start=\"1337\" data-end=\"1711\"><strong data-start=\"1337\" data-end=\"1371\">Con\u00e7u pour une utilisation intensive<\/strong><br data-start=\"1371\" data-end=\"1374\" \/>Les structures en acier galvanis\u00e9 conviennent aussi bien \u00e0 une utilisation int\u00e9rieure qu&#039;ext\u00e9rieure. Cela conf\u00e8re au Kubo Dinner une grande polyvalence pour l&#039;\u00e9v\u00e9nementiel et la location. Disponibles en noir et blanc, ces structures s&#039;int\u00e8grent facilement \u00e0 diff\u00e9rents styles et concepts. <span style=\"color: #c6b370;\"><a style=\"color: #c6b370;\" href=\"https:\/\/flexfurn.com\/fr\/quels-materiaux-conviennent-a-une-utilisation-interieure-et-exterieure\/\" target=\"_blank\" rel=\"noopener\">Remarque : tous les plateaux de table ne sont pas adapt\u00e9s \u00e0 une utilisation en ext\u00e9rieur.<\/a>.<\/span><\/p>\n<p data-start=\"1713\" data-end=\"2010\"><strong data-start=\"1713\" data-end=\"1753\">Facile \u00e0 monter, forte pr\u00e9sence<\/strong><br data-start=\"1753\" data-end=\"1756\" \/>Avec le Kubo Dinner, travaillez plus rapidement et plus efficacement sur le terrain. Vous gagnez du temps lors du montage et du d\u00e9montage, tout en conservant une apparence soign\u00e9e et professionnelle. Un choix id\u00e9al pour ceux qui privil\u00e9gient la flexibilit\u00e9, la rapidit\u00e9 et une exp\u00e9rience globale impeccable.<\/p>","protected":false},"excerpt":{"rendered":"<p>Cadre empilable<br \/>\nAcier galvanis\u00e9<br \/>\nRev\u00eatement noir ou blanc<br \/>\nPlateaux de table interchangeables<br \/>\nDimensions du plateau : 120 x 70 cm<br \/>\nUtilisation int\u00e9rieure et ext\u00e9rieure (selon le type de plateau de table)<\/p>\n<p>Id\u00e9al pour :<br \/>\n\u2013 S\u00e9minaires<br \/>\n\u2013 \u00c9v\u00e9nements de r\u00e9seautage<br \/>\n\u2013 Salons professionnels<br \/>\n\u2013 \u2026<\/p>","protected":false},"featured_media":36214,"template":"","meta":[],"product_brand":[],"product_cat":[15,69,82,91],"product_tag":[],"class_list":{"0":"post-36096","1":"product","2":"type-product","3":"status-publish","4":"has-post-thumbnail","6":"product_cat-geen-categorie","7":"product_cat-eettafel","8":"product_cat-kubo","9":"product_cat-outdoor","11":"first","12":"instock","13":"taxable","14":"shipping-taxable","15":"purchasable","16":"product-type-variable"},"yoast_head":"<!-- This site is optimized with the Yoast SEO plugin v26.6 - https:\/\/yoast.com\/wordpress\/plugins\/seo\/ -->\n<title>Kubo Dinner Tafel - Flexfurn<\/title>\n<meta name=\"description\" content=\"De Kubo Dinner tafel is ideaal voor seminaries, werkgroepen en netwerkevents. Modulair, stapelbaar en geschikt voor binnen- en buitengebruik.\" \/>\n<meta name=\"robots\" content=\"index, follow, max-snippet:-1, max-image-preview:large, max-video-preview:-1\" \/>\n<link rel=\"canonical\" href=\"https:\/\/flexfurn.com\/fr\/produit\/diner-kubo\/\" \/>\n<meta property=\"og:locale\" content=\"fr_FR\" \/>\n<meta property=\"og:type\" content=\"article\" \/>\n<meta property=\"og:title\" content=\"Kubo Dinner Tafel - Flexfurn\" \/>\n<meta property=\"og:description\" content=\"De Kubo Dinner tafel is ideaal voor seminaries, werkgroepen en netwerkevents. Modulair, stapelbaar en geschikt voor binnen- en buitengebruik.\" \/>\n<meta property=\"og:url\" content=\"https:\/\/flexfurn.com\/fr\/produit\/diner-kubo\/\" \/>\n<meta property=\"og:site_name\" content=\"Flexfurn\" \/>\n<meta property=\"article:modified_time\" content=\"2026-04-24T15:13:53+00:00\" \/>\n<meta property=\"og:image\" content=\"https:\/\/flexfurn.com\/wp-content\/uploads\/2026\/04\/KUBO-GRANDE-DINNER_WHITE_120x70_MFCA18.OAK_.NAT-oak-natural_Low-view.jpg\" \/>\n\t<meta property=\"og:image:width\" content=\"2400\" \/>\n\t<meta property=\"og:image:height\" content=\"2400\" \/>\n\t<meta property=\"og:image:type\" content=\"image\/jpeg\" \/>\n<meta name=\"twitter:card\" content=\"summary_large_image\" \/>\n<meta name=\"twitter:label1\" content=\"Dur\u00e9e de lecture est.\" \/>\n\t<meta name=\"twitter:data1\" content=\"2 minutes\" \/>\n<script type=\"application\/ld+json\" class=\"yoast-schema-graph\">{\"@context\":\"https:\/\/schema.org\",\"@graph\":[{\"@type\":\"WebPage\",\"@id\":\"https:\/\/flexfurn.com\/product\/kubo-dinner\/\",\"url\":\"https:\/\/flexfurn.com\/product\/kubo-dinner\/\",\"name\":\"Kubo Dinner Tafel - Flexfurn\",\"isPartOf\":{\"@id\":\"https:\/\/flexfurn.com\/#website\"},\"primaryImageOfPage\":{\"@id\":\"https:\/\/flexfurn.com\/product\/kubo-dinner\/#primaryimage\"},\"image\":{\"@id\":\"https:\/\/flexfurn.com\/product\/kubo-dinner\/#primaryimage\"},\"thumbnailUrl\":\"https:\/\/flexfurn.com\/wp-content\/uploads\/2026\/04\/KUBO-GRANDE-DINNER_WHITE_120x70_MFCA18.OAK_.NAT-oak-natural_Low-view.jpg\",\"datePublished\":\"2026-04-24T13:37:18+00:00\",\"dateModified\":\"2026-04-24T15:13:53+00:00\",\"description\":\"De Kubo Dinner tafel is ideaal voor seminaries, werkgroepen en netwerkevents. Modulair, stapelbaar en geschikt voor binnen- en buitengebruik.\",\"breadcrumb\":{\"@id\":\"https:\/\/flexfurn.com\/product\/kubo-dinner\/#breadcrumb\"},\"inLanguage\":\"fr-BE\",\"potentialAction\":[{\"@type\":\"ReadAction\",\"target\":[\"https:\/\/flexfurn.com\/product\/kubo-dinner\/\"]}]},{\"@type\":\"ImageObject\",\"inLanguage\":\"fr-BE\",\"@id\":\"https:\/\/flexfurn.com\/product\/kubo-dinner\/#primaryimage\",\"url\":\"https:\/\/flexfurn.com\/wp-content\/uploads\/2026\/04\/KUBO-GRANDE-DINNER_WHITE_120x70_MFCA18.OAK_.NAT-oak-natural_Low-view.jpg\",\"contentUrl\":\"https:\/\/flexfurn.com\/wp-content\/uploads\/2026\/04\/KUBO-GRANDE-DINNER_WHITE_120x70_MFCA18.OAK_.NAT-oak-natural_Low-view.jpg\",\"width\":2400,\"height\":2400,\"caption\":\"Witte Kubo Dinner van Flexfurn met licht eiken decor melamine tafelblad.\"},{\"@type\":\"BreadcrumbList\",\"@id\":\"https:\/\/flexfurn.com\/product\/kubo-dinner\/#breadcrumb\",\"itemListElement\":[{\"@type\":\"ListItem\",\"position\":1,\"name\":\"Home\",\"item\":\"https:\/\/flexfurn.com\/\"},{\"@type\":\"ListItem\",\"position\":2,\"name\":\"Winkel\",\"item\":\"https:\/\/flexfurn.com\/winkel\/\"},{\"@type\":\"ListItem\",\"position\":3,\"name\":\"Kubo Dinner\"}]},{\"@type\":\"WebSite\",\"@id\":\"https:\/\/flexfurn.com\/#website\",\"url\":\"https:\/\/flexfurn.com\/\",\"name\":\"Flexfurn\",\"description\":\"\",\"publisher\":{\"@id\":\"https:\/\/flexfurn.com\/#organization\"},\"potentialAction\":[{\"@type\":\"SearchAction\",\"target\":{\"@type\":\"EntryPoint\",\"urlTemplate\":\"https:\/\/flexfurn.com\/?s={search_term_string}\"},\"query-input\":{\"@type\":\"PropertyValueSpecification\",\"valueRequired\":true,\"valueName\":\"search_term_string\"}}],\"inLanguage\":\"fr-BE\"},{\"@type\":\"Organization\",\"@id\":\"https:\/\/flexfurn.com\/#organization\",\"name\":\"Flexfurn\",\"url\":\"https:\/\/flexfurn.com\/\",\"logo\":{\"@type\":\"ImageObject\",\"inLanguage\":\"fr-BE\",\"@id\":\"https:\/\/flexfurn.com\/#\/schema\/logo\/image\/\",\"url\":\"https:\/\/flexfurn.com\/wp-content\/uploads\/2023\/08\/LogoBlack.svg\",\"contentUrl\":\"https:\/\/flexfurn.com\/wp-content\/uploads\/2023\/08\/LogoBlack.svg\",\"width\":210,\"height\":60,\"caption\":\"Flexfurn\"},\"image\":{\"@id\":\"https:\/\/flexfurn.com\/#\/schema\/logo\/image\/\"}}]}<\/script>\n<!-- \/ Yoast SEO plugin. -->","yoast_head_json":{"title":"Table \u00e0 manger Kubo - Flexfurn","description":"La table Kubo est id\u00e9ale pour les s\u00e9minaires, les groupes de travail et les \u00e9v\u00e9nements de r\u00e9seautage. Modulaire, empilable et adapt\u00e9e \u00e0 une utilisation int\u00e9rieure et ext\u00e9rieure.","robots":{"index":"index","follow":"follow","max-snippet":"max-snippet:-1","max-image-preview":"max-image-preview:large","max-video-preview":"max-video-preview:-1"},"canonical":"https:\/\/flexfurn.com\/fr\/produit\/diner-kubo\/","og_locale":"fr_FR","og_type":"article","og_title":"Kubo Dinner Tafel - Flexfurn","og_description":"De Kubo Dinner tafel is ideaal voor seminaries, werkgroepen en netwerkevents. Modulair, stapelbaar en geschikt voor binnen- en buitengebruik.","og_url":"https:\/\/flexfurn.com\/fr\/produit\/diner-kubo\/","og_site_name":"Flexfurn","article_modified_time":"2026-04-24T15:13:53+00:00","og_image":[{"width":2400,"height":2400,"url":"https:\/\/flexfurn.com\/wp-content\/uploads\/2026\/04\/KUBO-GRANDE-DINNER_WHITE_120x70_MFCA18.OAK_.NAT-oak-natural_Low-view.jpg","type":"image\/jpeg"}],"twitter_card":"summary_large_image","twitter_misc":{"Dur\u00e9e de lecture est.":"2 minutes"},"schema":{"@context":"https:\/\/schema.org","@graph":[{"@type":"WebPage","@id":"https:\/\/flexfurn.com\/product\/kubo-dinner\/","url":"https:\/\/flexfurn.com\/product\/kubo-dinner\/","name":"Table \u00e0 manger Kubo - Flexfurn","isPartOf":{"@id":"https:\/\/flexfurn.com\/#website"},"primaryImageOfPage":{"@id":"https:\/\/flexfurn.com\/product\/kubo-dinner\/#primaryimage"},"image":{"@id":"https:\/\/flexfurn.com\/product\/kubo-dinner\/#primaryimage"},"thumbnailUrl":"https:\/\/flexfurn.com\/wp-content\/uploads\/2026\/04\/KUBO-GRANDE-DINNER_WHITE_120x70_MFCA18.OAK_.NAT-oak-natural_Low-view.jpg","datePublished":"2026-04-24T13:37:18+00:00","dateModified":"2026-04-24T15:13:53+00:00","description":"La table Kubo est id\u00e9ale pour les s\u00e9minaires, les groupes de travail et les \u00e9v\u00e9nements de r\u00e9seautage. Modulaire, empilable et adapt\u00e9e \u00e0 une utilisation int\u00e9rieure et ext\u00e9rieure.","breadcrumb":{"@id":"https:\/\/flexfurn.com\/product\/kubo-dinner\/#breadcrumb"},"inLanguage":"fr-BE","potentialAction":[{"@type":"ReadAction","target":["https:\/\/flexfurn.com\/product\/kubo-dinner\/"]}]},{"@type":"ImageObject","inLanguage":"fr-BE","@id":"https:\/\/flexfurn.com\/product\/kubo-dinner\/#primaryimage","url":"https:\/\/flexfurn.com\/wp-content\/uploads\/2026\/04\/KUBO-GRANDE-DINNER_WHITE_120x70_MFCA18.OAK_.NAT-oak-natural_Low-view.jpg","contentUrl":"https:\/\/flexfurn.com\/wp-content\/uploads\/2026\/04\/KUBO-GRANDE-DINNER_WHITE_120x70_MFCA18.OAK_.NAT-oak-natural_Low-view.jpg","width":2400,"height":2400,"caption":"Witte Kubo Dinner van Flexfurn met licht eiken decor melamine tafelblad."},{"@type":"BreadcrumbList","@id":"https:\/\/flexfurn.com\/product\/kubo-dinner\/#breadcrumb","itemListElement":[{"@type":"ListItem","position":1,"name":"Home","item":"https:\/\/flexfurn.com\/"},{"@type":"ListItem","position":2,"name":"Winkel","item":"https:\/\/flexfurn.com\/winkel\/"},{"@type":"ListItem","position":3,"name":"Kubo Dinner"}]},{"@type":"WebSite","@id":"https:\/\/flexfurn.com\/#website","url":"https:\/\/flexfurn.com\/","name":"Flexfurn","description":"","publisher":{"@id":"https:\/\/flexfurn.com\/#organization"},"potentialAction":[{"@type":"SearchAction","target":{"@type":"EntryPoint","urlTemplate":"https:\/\/flexfurn.com\/?s={search_term_string}"},"query-input":{"@type":"PropertyValueSpecification","valueRequired":true,"valueName":"search_term_string"}}],"inLanguage":"fr-BE"},{"@type":"Organization","@id":"https:\/\/flexfurn.com\/#organization","name":"Flexfurn","url":"https:\/\/flexfurn.com\/","logo":{"@type":"ImageObject","inLanguage":"fr-BE","@id":"https:\/\/flexfurn.com\/#\/schema\/logo\/image\/","url":"https:\/\/flexfurn.com\/wp-content\/uploads\/2023\/08\/LogoBlack.svg","contentUrl":"https:\/\/flexfurn.com\/wp-content\/uploads\/2023\/08\/LogoBlack.svg","width":210,"height":60,"caption":"Flexfurn"},"image":{"@id":"https:\/\/flexfurn.com\/#\/schema\/logo\/image\/"}}]}},"_links":{"self":[{"href":"https:\/\/flexfurn.com\/fr\/wp-json\/wp\/v2\/product\/36096","targetHints":{"allow":["GET"]}}],"collection":[{"href":"https:\/\/flexfurn.com\/fr\/wp-json\/wp\/v2\/product"}],"about":[{"href":"https:\/\/flexfurn.com\/fr\/wp-json\/wp\/v2\/types\/product"}],"wp:featuredmedia":[{"embeddable":true,"href":"https:\/\/flexfurn.com\/fr\/wp-json\/wp\/v2\/media\/36214"}],"wp:attachment":[{"href":"https:\/\/flexfurn.com\/fr\/wp-json\/wp\/v2\/media?parent=36096"}],"wp:term":[{"taxonomy":"product_brand","embeddable":true,"href":"https:\/\/flexfurn.com\/fr\/wp-json\/wp\/v2\/product_brand?post=36096"},{"taxonomy":"product_cat","embeddable":true,"href":"https:\/\/flexfurn.com\/fr\/wp-json\/wp\/v2\/product_cat?post=36096"},{"taxonomy":"product_tag","embeddable":true,"href":"https:\/\/flexfurn.com\/fr\/wp-json\/wp\/v2\/product_tag?post=36096"}],"curies":[{"name":"wp","href":"https:\/\/api.w.org\/{rel}","templated":true}]}}