{"id":36358,"date":"2026-04-28T15:47:55","date_gmt":"2026-04-28T13:47:55","guid":{"rendered":"https:\/\/flexfurn.com\/?post_type=product&#038;p=36358"},"modified":"2026-04-28T15:47:55","modified_gmt":"2026-04-28T13:47:55","slug":"chariot-de-transport-tables-de-sel","status":"publish","type":"product","link":"https:\/\/flexfurn.com\/fr\/produit\/chariot-de-transport-tables-de-sel\/","title":{"rendered":"Chariot de transport Tables de sel"},"content":{"rendered":"<p data-start=\"0\" data-end=\"259\">Ne vous souciez plus du transport, du rangement et de la protection de vos tables de sel gr\u00e2ce \u00e0 ce chariot de transport sp\u00e9cialement con\u00e7u. Enti\u00e8rement adapt\u00e9 \u00e0 la forme et aux dimensions de la table, il vous permet de la d\u00e9placer et de la ranger en toute s\u00e9curit\u00e9 et stabilit\u00e9.<\/p>\n<p data-start=\"261\" data-end=\"489\">Chaque chariot pouvant contenir jusqu&#039;\u00e0 10 tables, vous travaillez plus efficacement et gagnez du temps lors du montage et du d\u00e9montage. Les tables s&#039;empilent de mani\u00e8re ordonn\u00e9e et compacte, ce qui permet non seulement d&#039;\u00e9conomiser de l&#039;espace, mais aussi de les prot\u00e9ger pendant le transport.<\/p>\n<p data-start=\"491\" data-end=\"718\">Le chariot de transport est \u00e9quip\u00e9 de roues robustes et silencieuses qui assurent un d\u00e9placement fluide et ma\u00eetris\u00e9, m\u00eame dans les espaces restreints ou encombr\u00e9s. Vous pouvez ainsi d\u00e9placer vos tables Salt sans effort de leur lieu de rangement \u00e0 leur emplacement.<\/p>","protected":false},"excerpt":{"rendered":"<p>Rev\u00eatement en poudre gris martel\u00e9<br data-start=\"44\" data-end=\"47\" \/>Peut contenir jusqu&#039;\u00e0 10 tables de sel<br data-start=\"75\" data-end=\"78\" \/>Sp\u00e9cialement con\u00e7u pour les tables de sel<br data-start=\"114\" data-end=\"117\" \/>Structure de support robuste pour un empilage stable<br data-start=\"163\" data-end=\"166\" \/>Roues vulcanis\u00e9es de diam\u00e8tre 125<br data-start=\"198\" data-end=\"201\" \/>2 roues pivotantes avec freins<br data-start=\"222\" data-end=\"225\" \/>2 roues fixes<br data-start=\"236\" data-end=\"239\" \/><em data-start=\"239\" data-end=\"299\" data-is-last-node=\"\">Veuillez noter\u00a0: prix pour chariot de transport assembl\u00e9 (tables non comprises)<\/em><\/p>","protected":false},"featured_media":36444,"template":"","meta":[],"product_brand":[],"product_cat":[15,92],"product_tag":[],"class_list":{"0":"post-36358","1":"product","2":"type-product","3":"status-publish","4":"has-post-thumbnail","6":"product_cat-geen-categorie","7":"product_cat-transportkarren","9":"first","10":"instock","11":"taxable","12":"shipping-taxable","13":"product-type-simple"},"yoast_head":"<!-- This site is optimized with the Yoast SEO plugin v26.6 - https:\/\/yoast.com\/wordpress\/plugins\/seo\/ -->\n<title>Transportkar Salt tafels - Flexfurn<\/title>\n<meta name=\"robots\" content=\"index, follow, max-snippet:-1, max-image-preview:large, max-video-preview:-1\" \/>\n<link rel=\"canonical\" href=\"https:\/\/flexfurn.com\/fr\/produit\/chariot-de-transport-tables-de-sel\/\" \/>\n<meta property=\"og:locale\" content=\"fr_FR\" \/>\n<meta property=\"og:type\" content=\"article\" \/>\n<meta property=\"og:title\" content=\"Transportkar Salt tafels - Flexfurn\" \/>\n<meta property=\"og:description\" content=\"Hamerslag grijs poedercoatingStockeert tot 10 Salt tafelsSpecifiek ontworpen voor Salt tafelsStevige draagconstructie voor stabiel stapelenGevulkaniseerde wielen diam. 1252 zwenkwielen met rem2 bokwielenLet op: prijs voor gemonteerde transportkar (excl. tafels)\" \/>\n<meta property=\"og:url\" content=\"https:\/\/flexfurn.com\/fr\/produit\/chariot-de-transport-tables-de-sel\/\" \/>\n<meta property=\"og:site_name\" content=\"Flexfurn\" \/>\n<meta property=\"og:image\" content=\"https:\/\/flexfurn.com\/wp-content\/uploads\/2026\/04\/5-1024x1024.png\" \/>\n\t<meta property=\"og:image:width\" content=\"1024\" \/>\n\t<meta property=\"og:image:height\" content=\"1024\" \/>\n\t<meta property=\"og:image:type\" content=\"image\/png\" \/>\n<meta name=\"twitter:card\" content=\"summary_large_image\" \/>\n<meta name=\"twitter:label1\" content=\"Dur\u00e9e de lecture est.\" \/>\n\t<meta name=\"twitter:data1\" content=\"1 minute\" \/>\n<script type=\"application\/ld+json\" class=\"yoast-schema-graph\">{\"@context\":\"https:\/\/schema.org\",\"@graph\":[{\"@type\":\"WebPage\",\"@id\":\"https:\/\/flexfurn.com\/product\/transportkar-salt-tafels\/\",\"url\":\"https:\/\/flexfurn.com\/product\/transportkar-salt-tafels\/\",\"name\":\"Transportkar Salt tafels - Flexfurn\",\"isPartOf\":{\"@id\":\"https:\/\/flexfurn.com\/#website\"},\"primaryImageOfPage\":{\"@id\":\"https:\/\/flexfurn.com\/product\/transportkar-salt-tafels\/#primaryimage\"},\"image\":{\"@id\":\"https:\/\/flexfurn.com\/product\/transportkar-salt-tafels\/#primaryimage\"},\"thumbnailUrl\":\"https:\/\/flexfurn.com\/wp-content\/uploads\/2026\/04\/5.png\",\"datePublished\":\"2026-04-28T13:47:55+00:00\",\"breadcrumb\":{\"@id\":\"https:\/\/flexfurn.com\/product\/transportkar-salt-tafels\/#breadcrumb\"},\"inLanguage\":\"fr-BE\",\"potentialAction\":[{\"@type\":\"ReadAction\",\"target\":[\"https:\/\/flexfurn.com\/product\/transportkar-salt-tafels\/\"]}]},{\"@type\":\"ImageObject\",\"inLanguage\":\"fr-BE\",\"@id\":\"https:\/\/flexfurn.com\/product\/transportkar-salt-tafels\/#primaryimage\",\"url\":\"https:\/\/flexfurn.com\/wp-content\/uploads\/2026\/04\/5.png\",\"contentUrl\":\"https:\/\/flexfurn.com\/wp-content\/uploads\/2026\/04\/5.png\",\"width\":2400,\"height\":2400},{\"@type\":\"BreadcrumbList\",\"@id\":\"https:\/\/flexfurn.com\/product\/transportkar-salt-tafels\/#breadcrumb\",\"itemListElement\":[{\"@type\":\"ListItem\",\"position\":1,\"name\":\"Home\",\"item\":\"https:\/\/flexfurn.com\/\"},{\"@type\":\"ListItem\",\"position\":2,\"name\":\"Winkel\",\"item\":\"https:\/\/flexfurn.com\/winkel\/\"},{\"@type\":\"ListItem\",\"position\":3,\"name\":\"Transportkar Salt tafels\"}]},{\"@type\":\"WebSite\",\"@id\":\"https:\/\/flexfurn.com\/#website\",\"url\":\"https:\/\/flexfurn.com\/\",\"name\":\"Flexfurn\",\"description\":\"\",\"publisher\":{\"@id\":\"https:\/\/flexfurn.com\/#organization\"},\"potentialAction\":[{\"@type\":\"SearchAction\",\"target\":{\"@type\":\"EntryPoint\",\"urlTemplate\":\"https:\/\/flexfurn.com\/?s={search_term_string}\"},\"query-input\":{\"@type\":\"PropertyValueSpecification\",\"valueRequired\":true,\"valueName\":\"search_term_string\"}}],\"inLanguage\":\"fr-BE\"},{\"@type\":\"Organization\",\"@id\":\"https:\/\/flexfurn.com\/#organization\",\"name\":\"Flexfurn\",\"url\":\"https:\/\/flexfurn.com\/\",\"logo\":{\"@type\":\"ImageObject\",\"inLanguage\":\"fr-BE\",\"@id\":\"https:\/\/flexfurn.com\/#\/schema\/logo\/image\/\",\"url\":\"https:\/\/flexfurn.com\/wp-content\/uploads\/2023\/08\/LogoBlack.svg\",\"contentUrl\":\"https:\/\/flexfurn.com\/wp-content\/uploads\/2023\/08\/LogoBlack.svg\",\"width\":210,\"height\":60,\"caption\":\"Flexfurn\"},\"image\":{\"@id\":\"https:\/\/flexfurn.com\/#\/schema\/logo\/image\/\"}}]}<\/script>\n<!-- \/ Yoast SEO plugin. -->","yoast_head_json":{"title":"Chariot de transport Tables \u00e0 sel - Flexfurn","robots":{"index":"index","follow":"follow","max-snippet":"max-snippet:-1","max-image-preview":"max-image-preview:large","max-video-preview":"max-video-preview:-1"},"canonical":"https:\/\/flexfurn.com\/fr\/produit\/chariot-de-transport-tables-de-sel\/","og_locale":"fr_FR","og_type":"article","og_title":"Transportkar Salt tafels - Flexfurn","og_description":"Hamerslag grijs poedercoatingStockeert tot 10 Salt tafelsSpecifiek ontworpen voor Salt tafelsStevige draagconstructie voor stabiel stapelenGevulkaniseerde wielen diam. 1252 zwenkwielen met rem2 bokwielenLet op: prijs voor gemonteerde transportkar (excl. tafels)","og_url":"https:\/\/flexfurn.com\/fr\/produit\/chariot-de-transport-tables-de-sel\/","og_site_name":"Flexfurn","og_image":[{"width":1024,"height":1024,"url":"https:\/\/flexfurn.com\/wp-content\/uploads\/2026\/04\/5-1024x1024.png","type":"image\/png"}],"twitter_card":"summary_large_image","twitter_misc":{"Dur\u00e9e de lecture est.":"1 minute"},"schema":{"@context":"https:\/\/schema.org","@graph":[{"@type":"WebPage","@id":"https:\/\/flexfurn.com\/product\/transportkar-salt-tafels\/","url":"https:\/\/flexfurn.com\/product\/transportkar-salt-tafels\/","name":"Chariot de transport Tables \u00e0 sel - Flexfurn","isPartOf":{"@id":"https:\/\/flexfurn.com\/#website"},"primaryImageOfPage":{"@id":"https:\/\/flexfurn.com\/product\/transportkar-salt-tafels\/#primaryimage"},"image":{"@id":"https:\/\/flexfurn.com\/product\/transportkar-salt-tafels\/#primaryimage"},"thumbnailUrl":"https:\/\/flexfurn.com\/wp-content\/uploads\/2026\/04\/5.png","datePublished":"2026-04-28T13:47:55+00:00","breadcrumb":{"@id":"https:\/\/flexfurn.com\/product\/transportkar-salt-tafels\/#breadcrumb"},"inLanguage":"fr-BE","potentialAction":[{"@type":"ReadAction","target":["https:\/\/flexfurn.com\/product\/transportkar-salt-tafels\/"]}]},{"@type":"ImageObject","inLanguage":"fr-BE","@id":"https:\/\/flexfurn.com\/product\/transportkar-salt-tafels\/#primaryimage","url":"https:\/\/flexfurn.com\/wp-content\/uploads\/2026\/04\/5.png","contentUrl":"https:\/\/flexfurn.com\/wp-content\/uploads\/2026\/04\/5.png","width":2400,"height":2400},{"@type":"BreadcrumbList","@id":"https:\/\/flexfurn.com\/product\/transportkar-salt-tafels\/#breadcrumb","itemListElement":[{"@type":"ListItem","position":1,"name":"Home","item":"https:\/\/flexfurn.com\/"},{"@type":"ListItem","position":2,"name":"Winkel","item":"https:\/\/flexfurn.com\/winkel\/"},{"@type":"ListItem","position":3,"name":"Transportkar Salt tafels"}]},{"@type":"WebSite","@id":"https:\/\/flexfurn.com\/#website","url":"https:\/\/flexfurn.com\/","name":"Flexfurn","description":"","publisher":{"@id":"https:\/\/flexfurn.com\/#organization"},"potentialAction":[{"@type":"SearchAction","target":{"@type":"EntryPoint","urlTemplate":"https:\/\/flexfurn.com\/?s={search_term_string}"},"query-input":{"@type":"PropertyValueSpecification","valueRequired":true,"valueName":"search_term_string"}}],"inLanguage":"fr-BE"},{"@type":"Organization","@id":"https:\/\/flexfurn.com\/#organization","name":"Flexfurn","url":"https:\/\/flexfurn.com\/","logo":{"@type":"ImageObject","inLanguage":"fr-BE","@id":"https:\/\/flexfurn.com\/#\/schema\/logo\/image\/","url":"https:\/\/flexfurn.com\/wp-content\/uploads\/2023\/08\/LogoBlack.svg","contentUrl":"https:\/\/flexfurn.com\/wp-content\/uploads\/2023\/08\/LogoBlack.svg","width":210,"height":60,"caption":"Flexfurn"},"image":{"@id":"https:\/\/flexfurn.com\/#\/schema\/logo\/image\/"}}]}},"_links":{"self":[{"href":"https:\/\/flexfurn.com\/fr\/wp-json\/wp\/v2\/product\/36358","targetHints":{"allow":["GET"]}}],"collection":[{"href":"https:\/\/flexfurn.com\/fr\/wp-json\/wp\/v2\/product"}],"about":[{"href":"https:\/\/flexfurn.com\/fr\/wp-json\/wp\/v2\/types\/product"}],"wp:featuredmedia":[{"embeddable":true,"href":"https:\/\/flexfurn.com\/fr\/wp-json\/wp\/v2\/media\/36444"}],"wp:attachment":[{"href":"https:\/\/flexfurn.com\/fr\/wp-json\/wp\/v2\/media?parent=36358"}],"wp:term":[{"taxonomy":"product_brand","embeddable":true,"href":"https:\/\/flexfurn.com\/fr\/wp-json\/wp\/v2\/product_brand?post=36358"},{"taxonomy":"product_cat","embeddable":true,"href":"https:\/\/flexfurn.com\/fr\/wp-json\/wp\/v2\/product_cat?post=36358"},{"taxonomy":"product_tag","embeddable":true,"href":"https:\/\/flexfurn.com\/fr\/wp-json\/wp\/v2\/product_tag?post=36358"}],"curies":[{"name":"wp","href":"https:\/\/api.w.org\/{rel}","templated":true}]}}