{"id":36445,"date":"2026-04-28T16:36:00","date_gmt":"2026-04-28T14:36:00","guid":{"rendered":"https:\/\/flexfurn.com\/?post_type=product&#038;p=36445"},"modified":"2026-04-29T11:57:46","modified_gmt":"2026-04-29T09:57:46","slug":"chariot-de-transport-pour-systeme-fly-twisted","status":"publish","type":"product","link":"https:\/\/flexfurn.com\/fr\/produit\/chariot-de-transport-pour-systeme-fly-twisted\/","title":{"rendered":"Chariot de transport pour syst\u00e8me Fly Twisted"},"content":{"rendered":"<p data-start=\"0\" data-end=\"238\">Ne vous souciez plus du transport et du rangement de vos tables Fly gr\u00e2ce \u00e0 ce chariot de transport astucieux et efficace. Ce chariot est sp\u00e9cialement con\u00e7u pour le syst\u00e8me Fly, dont les pieds sont embo\u00eetables et les plateaux facilement amovibles.<\/p>\n<p data-start=\"240\" data-end=\"558\">Gr\u00e2ce \u00e0 ce syst\u00e8me ing\u00e9nieux, vous pouvez ranger les pieds et les plateaux de table de mani\u00e8re compacte et ordonn\u00e9e dans un seul chariot. Les pieds embo\u00eetables optimisent l&#039;espace de rangement, tandis que les plateaux sont transport\u00e9s en toute s\u00e9curit\u00e9 et stabilit\u00e9. Avec une capacit\u00e9 allant jusqu&#039;\u00e0 10 tables par chariot, vous travaillez plus rapidement et plus efficacement lors du montage et du d\u00e9montage.<\/p>\n<p data-start=\"560\" data-end=\"705\">Le chariot de transport est \u00e9quip\u00e9 de roues robustes et \u00e0 roulement fluide, vous permettant de man\u0153uvrer sans effort dans divers espaces et conditions.<\/p>","protected":false},"excerpt":{"rendered":"<p>Ch\u00e2ssis en acier<br data-start=\"12\" data-end=\"15\" \/>Rev\u00eatement en poudre gris martel\u00e9<br data-start=\"44\" data-end=\"47\" \/>Capacit\u00e9 jusqu&#039;\u00e0 10 tables volantes<br data-start=\"75\" data-end=\"78\" \/>Convient aux pieds embo\u00eetables<br data-start=\"106\" data-end=\"109\" \/>Espace pour plateaux de table amovibles<br data-start=\"180\" data-end=\"183\" \/>Roues vulcanis\u00e9es de diam\u00e8tre 125<br data-start=\"215\" data-end=\"218\" \/>2 roues pivotantes avec freins<br data-start=\"239\" data-end=\"242\" \/>2 roues fixes<br data-start=\"253\" data-end=\"256\" \/><em data-start=\"256\" data-end=\"316\" data-is-last-node=\"\">Veuillez noter\u00a0: prix pour chariot de transport assembl\u00e9 (tables non comprises)<\/em><\/p>","protected":false},"featured_media":36507,"template":"","meta":[],"product_brand":[],"product_cat":[92],"product_tag":[],"class_list":{"0":"post-36445","1":"product","2":"type-product","3":"status-publish","4":"has-post-thumbnail","6":"product_cat-transportkarren","8":"first","9":"instock","10":"taxable","11":"shipping-taxable","12":"product-type-simple"},"yoast_head":"<!-- This site is optimized with the Yoast SEO plugin v26.6 - https:\/\/yoast.com\/wordpress\/plugins\/seo\/ -->\n<title>Transportkar voor Fly Twisted System - Flexfurn<\/title>\n<meta name=\"description\" content=\"Transportkar voor het Fly Twisted System: compact en effici\u00ebnt transport en opslag van tafels met nestbare poten en afneembare bladen, tot 10 stuks per kar.\" \/>\n<meta name=\"robots\" content=\"index, follow, max-snippet:-1, max-image-preview:large, max-video-preview:-1\" \/>\n<link rel=\"canonical\" href=\"https:\/\/flexfurn.com\/fr\/produit\/chariot-de-transport-pour-systeme-fly-twisted\/\" \/>\n<meta property=\"og:locale\" content=\"fr_FR\" \/>\n<meta property=\"og:type\" content=\"article\" \/>\n<meta property=\"og:title\" content=\"Transportkar voor Fly Twisted System - Flexfurn\" \/>\n<meta property=\"og:description\" content=\"Transportkar voor het Fly Twisted System: compact en effici\u00ebnt transport en opslag van tafels met nestbare poten en afneembare bladen, tot 10 stuks per kar.\" \/>\n<meta property=\"og:url\" content=\"https:\/\/flexfurn.com\/fr\/produit\/chariot-de-transport-pour-systeme-fly-twisted\/\" \/>\n<meta property=\"og:site_name\" content=\"Flexfurn\" \/>\n<meta property=\"article:modified_time\" content=\"2026-04-29T09:57:46+00:00\" \/>\n<meta property=\"og:image\" content=\"https:\/\/flexfurn.com\/wp-content\/uploads\/2026\/04\/6-1024x1024.png\" \/>\n\t<meta property=\"og:image:width\" content=\"1024\" \/>\n\t<meta property=\"og:image:height\" content=\"1024\" \/>\n\t<meta property=\"og:image:type\" content=\"image\/png\" \/>\n<meta name=\"twitter:card\" content=\"summary_large_image\" \/>\n<meta name=\"twitter:label1\" content=\"Dur\u00e9e de lecture est.\" \/>\n\t<meta name=\"twitter:data1\" content=\"1 minute\" \/>\n<script type=\"application\/ld+json\" class=\"yoast-schema-graph\">{\"@context\":\"https:\/\/schema.org\",\"@graph\":[{\"@type\":\"WebPage\",\"@id\":\"https:\/\/flexfurn.com\/product\/transportkar-voor-fly-twisted-system\/\",\"url\":\"https:\/\/flexfurn.com\/product\/transportkar-voor-fly-twisted-system\/\",\"name\":\"Transportkar voor Fly Twisted System - Flexfurn\",\"isPartOf\":{\"@id\":\"https:\/\/flexfurn.com\/#website\"},\"primaryImageOfPage\":{\"@id\":\"https:\/\/flexfurn.com\/product\/transportkar-voor-fly-twisted-system\/#primaryimage\"},\"image\":{\"@id\":\"https:\/\/flexfurn.com\/product\/transportkar-voor-fly-twisted-system\/#primaryimage\"},\"thumbnailUrl\":\"https:\/\/flexfurn.com\/wp-content\/uploads\/2026\/04\/6.png\",\"datePublished\":\"2026-04-28T14:36:00+00:00\",\"dateModified\":\"2026-04-29T09:57:46+00:00\",\"description\":\"Transportkar voor het Fly Twisted System: compact en effici\u00ebnt transport en opslag van tafels met nestbare poten en afneembare bladen, tot 10 stuks per kar.\",\"breadcrumb\":{\"@id\":\"https:\/\/flexfurn.com\/product\/transportkar-voor-fly-twisted-system\/#breadcrumb\"},\"inLanguage\":\"fr-BE\",\"potentialAction\":[{\"@type\":\"ReadAction\",\"target\":[\"https:\/\/flexfurn.com\/product\/transportkar-voor-fly-twisted-system\/\"]}]},{\"@type\":\"ImageObject\",\"inLanguage\":\"fr-BE\",\"@id\":\"https:\/\/flexfurn.com\/product\/transportkar-voor-fly-twisted-system\/#primaryimage\",\"url\":\"https:\/\/flexfurn.com\/wp-content\/uploads\/2026\/04\/6.png\",\"contentUrl\":\"https:\/\/flexfurn.com\/wp-content\/uploads\/2026\/04\/6.png\",\"width\":2400,\"height\":2400},{\"@type\":\"BreadcrumbList\",\"@id\":\"https:\/\/flexfurn.com\/product\/transportkar-voor-fly-twisted-system\/#breadcrumb\",\"itemListElement\":[{\"@type\":\"ListItem\",\"position\":1,\"name\":\"Home\",\"item\":\"https:\/\/flexfurn.com\/\"},{\"@type\":\"ListItem\",\"position\":2,\"name\":\"Winkel\",\"item\":\"https:\/\/flexfurn.com\/winkel\/\"},{\"@type\":\"ListItem\",\"position\":3,\"name\":\"Transportkar voor Fly Twisted System\"}]},{\"@type\":\"WebSite\",\"@id\":\"https:\/\/flexfurn.com\/#website\",\"url\":\"https:\/\/flexfurn.com\/\",\"name\":\"Flexfurn\",\"description\":\"\",\"publisher\":{\"@id\":\"https:\/\/flexfurn.com\/#organization\"},\"potentialAction\":[{\"@type\":\"SearchAction\",\"target\":{\"@type\":\"EntryPoint\",\"urlTemplate\":\"https:\/\/flexfurn.com\/?s={search_term_string}\"},\"query-input\":{\"@type\":\"PropertyValueSpecification\",\"valueRequired\":true,\"valueName\":\"search_term_string\"}}],\"inLanguage\":\"fr-BE\"},{\"@type\":\"Organization\",\"@id\":\"https:\/\/flexfurn.com\/#organization\",\"name\":\"Flexfurn\",\"url\":\"https:\/\/flexfurn.com\/\",\"logo\":{\"@type\":\"ImageObject\",\"inLanguage\":\"fr-BE\",\"@id\":\"https:\/\/flexfurn.com\/#\/schema\/logo\/image\/\",\"url\":\"https:\/\/flexfurn.com\/wp-content\/uploads\/2023\/08\/LogoBlack.svg\",\"contentUrl\":\"https:\/\/flexfurn.com\/wp-content\/uploads\/2023\/08\/LogoBlack.svg\",\"width\":210,\"height\":60,\"caption\":\"Flexfurn\"},\"image\":{\"@id\":\"https:\/\/flexfurn.com\/#\/schema\/logo\/image\/\"}}]}<\/script>\n<!-- \/ Yoast SEO plugin. -->","yoast_head_json":{"title":"Chariot de transport pour syst\u00e8me Fly Twisted - Flexfurn","description":"Chariot de transport pour le syst\u00e8me Fly Twisted\u00a0: transport et rangement compacts et efficaces de tables \u00e0 pieds embo\u00eetables et plateaux amovibles, jusqu\u2019\u00e0 10 pi\u00e8ces par chariot.","robots":{"index":"index","follow":"follow","max-snippet":"max-snippet:-1","max-image-preview":"max-image-preview:large","max-video-preview":"max-video-preview:-1"},"canonical":"https:\/\/flexfurn.com\/fr\/produit\/chariot-de-transport-pour-systeme-fly-twisted\/","og_locale":"fr_FR","og_type":"article","og_title":"Transportkar voor Fly Twisted System - Flexfurn","og_description":"Transportkar voor het Fly Twisted System: compact en effici\u00ebnt transport en opslag van tafels met nestbare poten en afneembare bladen, tot 10 stuks per kar.","og_url":"https:\/\/flexfurn.com\/fr\/produit\/chariot-de-transport-pour-systeme-fly-twisted\/","og_site_name":"Flexfurn","article_modified_time":"2026-04-29T09:57:46+00:00","og_image":[{"width":1024,"height":1024,"url":"https:\/\/flexfurn.com\/wp-content\/uploads\/2026\/04\/6-1024x1024.png","type":"image\/png"}],"twitter_card":"summary_large_image","twitter_misc":{"Dur\u00e9e de lecture est.":"1 minute"},"schema":{"@context":"https:\/\/schema.org","@graph":[{"@type":"WebPage","@id":"https:\/\/flexfurn.com\/product\/transportkar-voor-fly-twisted-system\/","url":"https:\/\/flexfurn.com\/product\/transportkar-voor-fly-twisted-system\/","name":"Chariot de transport pour syst\u00e8me Fly Twisted - Flexfurn","isPartOf":{"@id":"https:\/\/flexfurn.com\/#website"},"primaryImageOfPage":{"@id":"https:\/\/flexfurn.com\/product\/transportkar-voor-fly-twisted-system\/#primaryimage"},"image":{"@id":"https:\/\/flexfurn.com\/product\/transportkar-voor-fly-twisted-system\/#primaryimage"},"thumbnailUrl":"https:\/\/flexfurn.com\/wp-content\/uploads\/2026\/04\/6.png","datePublished":"2026-04-28T14:36:00+00:00","dateModified":"2026-04-29T09:57:46+00:00","description":"Chariot de transport pour le syst\u00e8me Fly Twisted\u00a0: transport et rangement compacts et efficaces de tables \u00e0 pieds embo\u00eetables et plateaux amovibles, jusqu\u2019\u00e0 10 pi\u00e8ces par chariot.","breadcrumb":{"@id":"https:\/\/flexfurn.com\/product\/transportkar-voor-fly-twisted-system\/#breadcrumb"},"inLanguage":"fr-BE","potentialAction":[{"@type":"ReadAction","target":["https:\/\/flexfurn.com\/product\/transportkar-voor-fly-twisted-system\/"]}]},{"@type":"ImageObject","inLanguage":"fr-BE","@id":"https:\/\/flexfurn.com\/product\/transportkar-voor-fly-twisted-system\/#primaryimage","url":"https:\/\/flexfurn.com\/wp-content\/uploads\/2026\/04\/6.png","contentUrl":"https:\/\/flexfurn.com\/wp-content\/uploads\/2026\/04\/6.png","width":2400,"height":2400},{"@type":"BreadcrumbList","@id":"https:\/\/flexfurn.com\/product\/transportkar-voor-fly-twisted-system\/#breadcrumb","itemListElement":[{"@type":"ListItem","position":1,"name":"Home","item":"https:\/\/flexfurn.com\/"},{"@type":"ListItem","position":2,"name":"Winkel","item":"https:\/\/flexfurn.com\/winkel\/"},{"@type":"ListItem","position":3,"name":"Transportkar voor Fly Twisted System"}]},{"@type":"WebSite","@id":"https:\/\/flexfurn.com\/#website","url":"https:\/\/flexfurn.com\/","name":"Flexfurn","description":"","publisher":{"@id":"https:\/\/flexfurn.com\/#organization"},"potentialAction":[{"@type":"SearchAction","target":{"@type":"EntryPoint","urlTemplate":"https:\/\/flexfurn.com\/?s={search_term_string}"},"query-input":{"@type":"PropertyValueSpecification","valueRequired":true,"valueName":"search_term_string"}}],"inLanguage":"fr-BE"},{"@type":"Organization","@id":"https:\/\/flexfurn.com\/#organization","name":"Flexfurn","url":"https:\/\/flexfurn.com\/","logo":{"@type":"ImageObject","inLanguage":"fr-BE","@id":"https:\/\/flexfurn.com\/#\/schema\/logo\/image\/","url":"https:\/\/flexfurn.com\/wp-content\/uploads\/2023\/08\/LogoBlack.svg","contentUrl":"https:\/\/flexfurn.com\/wp-content\/uploads\/2023\/08\/LogoBlack.svg","width":210,"height":60,"caption":"Flexfurn"},"image":{"@id":"https:\/\/flexfurn.com\/#\/schema\/logo\/image\/"}}]}},"_links":{"self":[{"href":"https:\/\/flexfurn.com\/fr\/wp-json\/wp\/v2\/product\/36445","targetHints":{"allow":["GET"]}}],"collection":[{"href":"https:\/\/flexfurn.com\/fr\/wp-json\/wp\/v2\/product"}],"about":[{"href":"https:\/\/flexfurn.com\/fr\/wp-json\/wp\/v2\/types\/product"}],"wp:featuredmedia":[{"embeddable":true,"href":"https:\/\/flexfurn.com\/fr\/wp-json\/wp\/v2\/media\/36507"}],"wp:attachment":[{"href":"https:\/\/flexfurn.com\/fr\/wp-json\/wp\/v2\/media?parent=36445"}],"wp:term":[{"taxonomy":"product_brand","embeddable":true,"href":"https:\/\/flexfurn.com\/fr\/wp-json\/wp\/v2\/product_brand?post=36445"},{"taxonomy":"product_cat","embeddable":true,"href":"https:\/\/flexfurn.com\/fr\/wp-json\/wp\/v2\/product_cat?post=36445"},{"taxonomy":"product_tag","embeddable":true,"href":"https:\/\/flexfurn.com\/fr\/wp-json\/wp\/v2\/product_tag?post=36445"}],"curies":[{"name":"wp","href":"https:\/\/api.w.org\/{rel}","templated":true}]}}