{"id":4217,"date":"2024-01-17T11:59:25","date_gmt":"2024-01-17T10:59:25","guid":{"rendered":"https:\/\/flexfurn.com\/?post_type=product&#038;p=4217"},"modified":"2025-04-28T10:25:23","modified_gmt":"2025-04-28T08:25:23","slug":"chariot-de-transport-salon-de-repos-4","status":"publish","type":"product","link":"https:\/\/flexfurn.com\/fr\/produit\/chariot-de-transport-salon-de-repos-4\/","title":{"rendered":"Chariot de transport Conic Lounge"},"content":{"rendered":"<p class=\"zw-paragraph heading0\" data-header=\"0\" data-textformat=\"{&quot;ff&quot;:&quot;Montserrat&quot;,&quot;fv&quot;:&quot;normal&quot;,&quot;td&quot;:&quot;none&quot;,&quot;cs&quot;:&quot;0pt&quot;,&quot;fw&quot;:&quot;none&quot;,&quot;fgc&quot;:&quot;rgb(0, 0, 0)&quot;,&quot;size&quot;:&quot;12.00&quot;,&quot;fw_i&quot;:400,&quot;va&quot;:&quot;baseline&quot;,&quot;type&quot;:&quot;text&quot;,&quot;fs&quot;:&quot;normal&quot;,&quot;bgc&quot;:&quot;rgba(0, 0, 0, 0)&quot;}\" data-margin-bottom=\"0pt\" data-hd-info=\"0\" data-line-height=\"1.2\" data-doc-id=\"3416738000000115172\" data-doc-type=\"writer\">Ne vous inqui\u00e9tez pas du transport, du stockage et de la protection de votre ensemble Conic Lounge gr\u00e2ce \u00e0 notre chariot de transport pratique pour 5 salons. Ce chariot de transport est sp\u00e9cialement con\u00e7u pour vous faciliter la t\u00e2che ! Le chariot de transport est \u00e9quip\u00e9 de quatre roues vulcanis\u00e9es robustes, dont deux roues pivotantes avec freins et deux roues fixes. De cette fa\u00e7on, vous pouvez man\u0153uvrer sans effort dans diff\u00e9rents espaces.<\/p>","protected":false},"excerpt":{"rendered":"<p>Ch\u00e2ssis en acier<br \/>\nRev\u00eatement en poudre gris martel\u00e9<br \/>\nStocke 5 salons<br \/>\nRoues vulcanis\u00e9es diam. 12,5 cm<br \/>\n2 roues pivotantes avec freins<br \/>\n2 roues fixes<br \/>\n*Remarque\u00a0: prix du chariot de transport mont\u00e9, hors meubles<\/p>","protected":false},"featured_media":4228,"template":"","meta":[],"product_brand":[],"product_cat":[86,96,92],"product_tag":[],"class_list":{"0":"post-4217","1":"product","2":"type-product","3":"status-publish","4":"has-post-thumbnail","6":"product_cat-conic","7":"product_cat-transportkar-lounges","8":"product_cat-transportkarren","10":"first","11":"instock","12":"taxable","13":"shipping-taxable","14":"purchasable","15":"product-type-simple"},"yoast_head":"<!-- This site is optimized with the Yoast SEO plugin v26.6 - https:\/\/yoast.com\/wordpress\/plugins\/seo\/ -->\n<title>Transportkar Conic Lounge - Flexfurn<\/title>\n<meta name=\"robots\" content=\"index, follow, max-snippet:-1, max-image-preview:large, max-video-preview:-1\" \/>\n<link rel=\"canonical\" href=\"https:\/\/flexfurn.com\/fr\/produit\/chariot-de-transport-salon-de-repos-4\/\" \/>\n<meta property=\"og:locale\" content=\"fr_FR\" \/>\n<meta property=\"og:type\" content=\"article\" \/>\n<meta property=\"og:title\" content=\"Transportkar Conic Lounge - Flexfurn\" \/>\n<meta property=\"og:description\" content=\"Stalen frame Hamerslag grijs poedercoating Stockeert 5 lounges Gevulkaniseerde wielen diam. 12,5cm 2 zwenkwielen met rem 2 bokwielen *Let op: prijs voor gemonteerde transportkar excl. meubelstukken\" \/>\n<meta property=\"og:url\" content=\"https:\/\/flexfurn.com\/fr\/produit\/chariot-de-transport-salon-de-repos-4\/\" \/>\n<meta property=\"og:site_name\" content=\"Flexfurn\" \/>\n<meta property=\"article:modified_time\" content=\"2025-04-28T08:25:23+00:00\" \/>\n<meta property=\"og:image\" content=\"https:\/\/flexfurn.com\/wp-content\/uploads\/2024\/01\/Transportkar-conic-lounge.jpg\" \/>\n\t<meta property=\"og:image:width\" content=\"2000\" \/>\n\t<meta property=\"og:image:height\" content=\"2000\" \/>\n\t<meta property=\"og:image:type\" content=\"image\/jpeg\" \/>\n<meta name=\"twitter:card\" content=\"summary_large_image\" \/>\n<meta name=\"twitter:label1\" content=\"Dur\u00e9e de lecture est.\" \/>\n\t<meta name=\"twitter:data1\" content=\"1 minute\" \/>\n<script type=\"application\/ld+json\" class=\"yoast-schema-graph\">{\"@context\":\"https:\/\/schema.org\",\"@graph\":[{\"@type\":\"WebPage\",\"@id\":\"https:\/\/flexfurn.com\/product\/transportkar-conic-lounge\/\",\"url\":\"https:\/\/flexfurn.com\/product\/transportkar-conic-lounge\/\",\"name\":\"Transportkar Conic Lounge - Flexfurn\",\"isPartOf\":{\"@id\":\"https:\/\/flexfurn.com\/#website\"},\"primaryImageOfPage\":{\"@id\":\"https:\/\/flexfurn.com\/product\/transportkar-conic-lounge\/#primaryimage\"},\"image\":{\"@id\":\"https:\/\/flexfurn.com\/product\/transportkar-conic-lounge\/#primaryimage\"},\"thumbnailUrl\":\"https:\/\/flexfurn.com\/wp-content\/uploads\/2024\/01\/Transportkar-conic-lounge.jpg\",\"datePublished\":\"2024-01-17T10:59:25+00:00\",\"dateModified\":\"2025-04-28T08:25:23+00:00\",\"breadcrumb\":{\"@id\":\"https:\/\/flexfurn.com\/product\/transportkar-conic-lounge\/#breadcrumb\"},\"inLanguage\":\"fr-BE\",\"potentialAction\":[{\"@type\":\"ReadAction\",\"target\":[\"https:\/\/flexfurn.com\/product\/transportkar-conic-lounge\/\"]}]},{\"@type\":\"ImageObject\",\"inLanguage\":\"fr-BE\",\"@id\":\"https:\/\/flexfurn.com\/product\/transportkar-conic-lounge\/#primaryimage\",\"url\":\"https:\/\/flexfurn.com\/wp-content\/uploads\/2024\/01\/Transportkar-conic-lounge.jpg\",\"contentUrl\":\"https:\/\/flexfurn.com\/wp-content\/uploads\/2024\/01\/Transportkar-conic-lounge.jpg\",\"width\":2000,\"height\":2000},{\"@type\":\"BreadcrumbList\",\"@id\":\"https:\/\/flexfurn.com\/product\/transportkar-conic-lounge\/#breadcrumb\",\"itemListElement\":[{\"@type\":\"ListItem\",\"position\":1,\"name\":\"Home\",\"item\":\"https:\/\/flexfurn.com\/\"},{\"@type\":\"ListItem\",\"position\":2,\"name\":\"Winkel\",\"item\":\"https:\/\/flexfurn.com\/winkel\/\"},{\"@type\":\"ListItem\",\"position\":3,\"name\":\"Transportkar Conic Lounge\"}]},{\"@type\":\"WebSite\",\"@id\":\"https:\/\/flexfurn.com\/#website\",\"url\":\"https:\/\/flexfurn.com\/\",\"name\":\"Flexfurn\",\"description\":\"\",\"publisher\":{\"@id\":\"https:\/\/flexfurn.com\/#organization\"},\"potentialAction\":[{\"@type\":\"SearchAction\",\"target\":{\"@type\":\"EntryPoint\",\"urlTemplate\":\"https:\/\/flexfurn.com\/?s={search_term_string}\"},\"query-input\":{\"@type\":\"PropertyValueSpecification\",\"valueRequired\":true,\"valueName\":\"search_term_string\"}}],\"inLanguage\":\"fr-BE\"},{\"@type\":\"Organization\",\"@id\":\"https:\/\/flexfurn.com\/#organization\",\"name\":\"Flexfurn\",\"url\":\"https:\/\/flexfurn.com\/\",\"logo\":{\"@type\":\"ImageObject\",\"inLanguage\":\"fr-BE\",\"@id\":\"https:\/\/flexfurn.com\/#\/schema\/logo\/image\/\",\"url\":\"https:\/\/flexfurn.com\/wp-content\/uploads\/2023\/08\/LogoBlack.svg\",\"contentUrl\":\"https:\/\/flexfurn.com\/wp-content\/uploads\/2023\/08\/LogoBlack.svg\",\"width\":210,\"height\":60,\"caption\":\"Flexfurn\"},\"image\":{\"@id\":\"https:\/\/flexfurn.com\/#\/schema\/logo\/image\/\"}}]}<\/script>\n<!-- \/ Yoast SEO plugin. -->","yoast_head_json":{"title":"Chariot de transport Conic Lounge - Flexfurn","robots":{"index":"index","follow":"follow","max-snippet":"max-snippet:-1","max-image-preview":"max-image-preview:large","max-video-preview":"max-video-preview:-1"},"canonical":"https:\/\/flexfurn.com\/fr\/produit\/chariot-de-transport-salon-de-repos-4\/","og_locale":"fr_FR","og_type":"article","og_title":"Transportkar Conic Lounge - Flexfurn","og_description":"Stalen frame Hamerslag grijs poedercoating Stockeert 5 lounges Gevulkaniseerde wielen diam. 12,5cm 2 zwenkwielen met rem 2 bokwielen *Let op: prijs voor gemonteerde transportkar excl. meubelstukken","og_url":"https:\/\/flexfurn.com\/fr\/produit\/chariot-de-transport-salon-de-repos-4\/","og_site_name":"Flexfurn","article_modified_time":"2025-04-28T08:25:23+00:00","og_image":[{"width":2000,"height":2000,"url":"https:\/\/flexfurn.com\/wp-content\/uploads\/2024\/01\/Transportkar-conic-lounge.jpg","type":"image\/jpeg"}],"twitter_card":"summary_large_image","twitter_misc":{"Dur\u00e9e de lecture est.":"1 minute"},"schema":{"@context":"https:\/\/schema.org","@graph":[{"@type":"WebPage","@id":"https:\/\/flexfurn.com\/product\/transportkar-conic-lounge\/","url":"https:\/\/flexfurn.com\/product\/transportkar-conic-lounge\/","name":"Chariot de transport Conic Lounge - Flexfurn","isPartOf":{"@id":"https:\/\/flexfurn.com\/#website"},"primaryImageOfPage":{"@id":"https:\/\/flexfurn.com\/product\/transportkar-conic-lounge\/#primaryimage"},"image":{"@id":"https:\/\/flexfurn.com\/product\/transportkar-conic-lounge\/#primaryimage"},"thumbnailUrl":"https:\/\/flexfurn.com\/wp-content\/uploads\/2024\/01\/Transportkar-conic-lounge.jpg","datePublished":"2024-01-17T10:59:25+00:00","dateModified":"2025-04-28T08:25:23+00:00","breadcrumb":{"@id":"https:\/\/flexfurn.com\/product\/transportkar-conic-lounge\/#breadcrumb"},"inLanguage":"fr-BE","potentialAction":[{"@type":"ReadAction","target":["https:\/\/flexfurn.com\/product\/transportkar-conic-lounge\/"]}]},{"@type":"ImageObject","inLanguage":"fr-BE","@id":"https:\/\/flexfurn.com\/product\/transportkar-conic-lounge\/#primaryimage","url":"https:\/\/flexfurn.com\/wp-content\/uploads\/2024\/01\/Transportkar-conic-lounge.jpg","contentUrl":"https:\/\/flexfurn.com\/wp-content\/uploads\/2024\/01\/Transportkar-conic-lounge.jpg","width":2000,"height":2000},{"@type":"BreadcrumbList","@id":"https:\/\/flexfurn.com\/product\/transportkar-conic-lounge\/#breadcrumb","itemListElement":[{"@type":"ListItem","position":1,"name":"Home","item":"https:\/\/flexfurn.com\/"},{"@type":"ListItem","position":2,"name":"Winkel","item":"https:\/\/flexfurn.com\/winkel\/"},{"@type":"ListItem","position":3,"name":"Transportkar Conic Lounge"}]},{"@type":"WebSite","@id":"https:\/\/flexfurn.com\/#website","url":"https:\/\/flexfurn.com\/","name":"Flexfurn","description":"","publisher":{"@id":"https:\/\/flexfurn.com\/#organization"},"potentialAction":[{"@type":"SearchAction","target":{"@type":"EntryPoint","urlTemplate":"https:\/\/flexfurn.com\/?s={search_term_string}"},"query-input":{"@type":"PropertyValueSpecification","valueRequired":true,"valueName":"search_term_string"}}],"inLanguage":"fr-BE"},{"@type":"Organization","@id":"https:\/\/flexfurn.com\/#organization","name":"Flexfurn","url":"https:\/\/flexfurn.com\/","logo":{"@type":"ImageObject","inLanguage":"fr-BE","@id":"https:\/\/flexfurn.com\/#\/schema\/logo\/image\/","url":"https:\/\/flexfurn.com\/wp-content\/uploads\/2023\/08\/LogoBlack.svg","contentUrl":"https:\/\/flexfurn.com\/wp-content\/uploads\/2023\/08\/LogoBlack.svg","width":210,"height":60,"caption":"Flexfurn"},"image":{"@id":"https:\/\/flexfurn.com\/#\/schema\/logo\/image\/"}}]}},"_links":{"self":[{"href":"https:\/\/flexfurn.com\/fr\/wp-json\/wp\/v2\/product\/4217","targetHints":{"allow":["GET"]}}],"collection":[{"href":"https:\/\/flexfurn.com\/fr\/wp-json\/wp\/v2\/product"}],"about":[{"href":"https:\/\/flexfurn.com\/fr\/wp-json\/wp\/v2\/types\/product"}],"wp:featuredmedia":[{"embeddable":true,"href":"https:\/\/flexfurn.com\/fr\/wp-json\/wp\/v2\/media\/4228"}],"wp:attachment":[{"href":"https:\/\/flexfurn.com\/fr\/wp-json\/wp\/v2\/media?parent=4217"}],"wp:term":[{"taxonomy":"product_brand","embeddable":true,"href":"https:\/\/flexfurn.com\/fr\/wp-json\/wp\/v2\/product_brand?post=4217"},{"taxonomy":"product_cat","embeddable":true,"href":"https:\/\/flexfurn.com\/fr\/wp-json\/wp\/v2\/product_cat?post=4217"},{"taxonomy":"product_tag","embeddable":true,"href":"https:\/\/flexfurn.com\/fr\/wp-json\/wp\/v2\/product_tag?post=4217"}],"curies":[{"name":"wp","href":"https:\/\/api.w.org\/{rel}","templated":true}]}}