{"id":508,"date":"2023-10-18T08:07:42","date_gmt":"2023-10-18T06:07:42","guid":{"rendered":"https:\/\/beta.flexfurn.com\/product\/super-de-luxe-klapstoel\/"},"modified":"2025-08-28T13:41:19","modified_gmt":"2025-08-28T11:41:19","slug":"chaise-pliante-super-luxueuse","status":"publish","type":"product","link":"https:\/\/flexfurn.com\/fr\/produit\/chaise-pliante-super-luxueuse\/","title":{"rendered":"Chaise pliante Super de Luxe"},"content":{"rendered":"<p>La CHAISE PLIANTE SUPER DE LUXE est une chaise classique avec une structure en acier et un si\u00e8ge et un dossier rembourr\u00e9s doux et ignifuges. Gr\u00e2ce au dossier l\u00e9g\u00e8rement incurv\u00e9 et \u00e0 l&#039;assise moelleuse, vous b\u00e9n\u00e9ficiez d&#039;un confort d&#039;assise ultime. Une petite ouverture a \u00e9t\u00e9 ajout\u00e9e au dossier comme poign\u00e9e, facilitant le levage et le d\u00e9placement de la chaise. Le tube renforc\u00e9 entre les pieds avant et arri\u00e8re rend cette \u00e9l\u00e9gante chaise tr\u00e8s robuste. De plus, les dommages lors du pliage et de l&#039;empilage sont \u00e9vit\u00e9s gr\u00e2ce aux capuchons de protection durables.<\/p>","protected":false},"excerpt":{"rendered":"<p>Chaise pliante<br \/>\nAssise et dossier rembourr\u00e9s<br \/>\nLe dossier est l\u00e9g\u00e8rement incurv\u00e9 pour un confort d&#039;assise optimal<br \/>\nStructure en acier martel\u00e9 gris ou \u00e9poxy dor\u00e9<br \/>\n\u00c9quip\u00e9 de capuchons de protection durables et d&#039;un tube de renfort<br \/>\nUtilisation int\u00e9rieure<\/p>","protected":false},"featured_media":4591,"template":"","meta":[],"product_brand":[],"product_cat":[64],"product_tag":[],"class_list":{"0":"post-508","1":"product","2":"type-product","3":"status-publish","4":"has-post-thumbnail","6":"product_cat-klapstoel","8":"first","9":"instock","10":"taxable","11":"shipping-taxable","12":"purchasable","13":"product-type-variable"},"yoast_head":"<!-- This site is optimized with the Yoast SEO plugin v26.6 - https:\/\/yoast.com\/wordpress\/plugins\/seo\/ -->\n<title>Super de Luxe klapstoel - Flexfurn<\/title>\n<meta name=\"robots\" content=\"index, follow, max-snippet:-1, max-image-preview:large, max-video-preview:-1\" \/>\n<link rel=\"canonical\" href=\"https:\/\/flexfurn.com\/fr\/produit\/chaise-pliante-super-luxueuse\/\" \/>\n<meta property=\"og:locale\" content=\"fr_FR\" \/>\n<meta property=\"og:type\" content=\"article\" \/>\n<meta property=\"og:title\" content=\"Super de Luxe klapstoel - Flexfurn\" \/>\n<meta property=\"og:description\" content=\"Klapstoel Gestoffeerde zitting en rug De rug is licht gebogen voor optimaal zitcomfort Stalen frame vervaardigt uit hamerslag grijs of epoxy goud Voorzien van duurzame beschermingsdoppen en verstevigingsbuis Binnengebruik\" \/>\n<meta property=\"og:url\" content=\"https:\/\/flexfurn.com\/fr\/produit\/chaise-pliante-super-luxueuse\/\" \/>\n<meta property=\"og:site_name\" content=\"Flexfurn\" \/>\n<meta property=\"article:modified_time\" content=\"2025-08-28T11:41:19+00:00\" \/>\n<meta property=\"og:image\" content=\"https:\/\/flexfurn.com\/wp-content\/uploads\/2024\/03\/359939f2e31a464dbdf1ad09c4d1bd9516b425a9f1be443fbe76cf0c8f076809c9dab6bb288941c39d7170e750da7890.jpg\" \/>\n\t<meta property=\"og:image:width\" content=\"2000\" \/>\n\t<meta property=\"og:image:height\" content=\"2000\" \/>\n\t<meta property=\"og:image:type\" content=\"image\/jpeg\" \/>\n<meta name=\"twitter:card\" content=\"summary_large_image\" \/>\n<meta name=\"twitter:label1\" content=\"Dur\u00e9e de lecture est.\" \/>\n\t<meta name=\"twitter:data1\" content=\"1 minute\" \/>\n<script type=\"application\/ld+json\" class=\"yoast-schema-graph\">{\"@context\":\"https:\/\/schema.org\",\"@graph\":[{\"@type\":\"WebPage\",\"@id\":\"https:\/\/flexfurn.com\/product\/super-de-luxe-klapstoel\/\",\"url\":\"https:\/\/flexfurn.com\/product\/super-de-luxe-klapstoel\/\",\"name\":\"Super de Luxe klapstoel - Flexfurn\",\"isPartOf\":{\"@id\":\"https:\/\/flexfurn.com\/#website\"},\"primaryImageOfPage\":{\"@id\":\"https:\/\/flexfurn.com\/product\/super-de-luxe-klapstoel\/#primaryimage\"},\"image\":{\"@id\":\"https:\/\/flexfurn.com\/product\/super-de-luxe-klapstoel\/#primaryimage\"},\"thumbnailUrl\":\"https:\/\/flexfurn.com\/wp-content\/uploads\/2024\/03\/359939f2e31a464dbdf1ad09c4d1bd9516b425a9f1be443fbe76cf0c8f076809c9dab6bb288941c39d7170e750da7890.jpg\",\"datePublished\":\"2023-10-18T06:07:42+00:00\",\"dateModified\":\"2025-08-28T11:41:19+00:00\",\"breadcrumb\":{\"@id\":\"https:\/\/flexfurn.com\/product\/super-de-luxe-klapstoel\/#breadcrumb\"},\"inLanguage\":\"fr-BE\",\"potentialAction\":[{\"@type\":\"ReadAction\",\"target\":[\"https:\/\/flexfurn.com\/product\/super-de-luxe-klapstoel\/\"]}]},{\"@type\":\"ImageObject\",\"inLanguage\":\"fr-BE\",\"@id\":\"https:\/\/flexfurn.com\/product\/super-de-luxe-klapstoel\/#primaryimage\",\"url\":\"https:\/\/flexfurn.com\/wp-content\/uploads\/2024\/03\/359939f2e31a464dbdf1ad09c4d1bd9516b425a9f1be443fbe76cf0c8f076809c9dab6bb288941c39d7170e750da7890.jpg\",\"contentUrl\":\"https:\/\/flexfurn.com\/wp-content\/uploads\/2024\/03\/359939f2e31a464dbdf1ad09c4d1bd9516b425a9f1be443fbe76cf0c8f076809c9dab6bb288941c39d7170e750da7890.jpg\",\"width\":2000,\"height\":2000,\"caption\":\"Super De Luxe - Folding Chair - Black\"},{\"@type\":\"BreadcrumbList\",\"@id\":\"https:\/\/flexfurn.com\/product\/super-de-luxe-klapstoel\/#breadcrumb\",\"itemListElement\":[{\"@type\":\"ListItem\",\"position\":1,\"name\":\"Home\",\"item\":\"https:\/\/flexfurn.com\/\"},{\"@type\":\"ListItem\",\"position\":2,\"name\":\"Winkel\",\"item\":\"https:\/\/flexfurn.com\/winkel\/\"},{\"@type\":\"ListItem\",\"position\":3,\"name\":\"Super de Luxe klapstoel\"}]},{\"@type\":\"WebSite\",\"@id\":\"https:\/\/flexfurn.com\/#website\",\"url\":\"https:\/\/flexfurn.com\/\",\"name\":\"Flexfurn\",\"description\":\"\",\"publisher\":{\"@id\":\"https:\/\/flexfurn.com\/#organization\"},\"potentialAction\":[{\"@type\":\"SearchAction\",\"target\":{\"@type\":\"EntryPoint\",\"urlTemplate\":\"https:\/\/flexfurn.com\/?s={search_term_string}\"},\"query-input\":{\"@type\":\"PropertyValueSpecification\",\"valueRequired\":true,\"valueName\":\"search_term_string\"}}],\"inLanguage\":\"fr-BE\"},{\"@type\":\"Organization\",\"@id\":\"https:\/\/flexfurn.com\/#organization\",\"name\":\"Flexfurn\",\"url\":\"https:\/\/flexfurn.com\/\",\"logo\":{\"@type\":\"ImageObject\",\"inLanguage\":\"fr-BE\",\"@id\":\"https:\/\/flexfurn.com\/#\/schema\/logo\/image\/\",\"url\":\"https:\/\/flexfurn.com\/wp-content\/uploads\/2023\/08\/LogoBlack.svg\",\"contentUrl\":\"https:\/\/flexfurn.com\/wp-content\/uploads\/2023\/08\/LogoBlack.svg\",\"width\":210,\"height\":60,\"caption\":\"Flexfurn\"},\"image\":{\"@id\":\"https:\/\/flexfurn.com\/#\/schema\/logo\/image\/\"}}]}<\/script>\n<!-- \/ Yoast SEO plugin. -->","yoast_head_json":{"title":"Chaise pliante Super de Luxe - Flexfurn","robots":{"index":"index","follow":"follow","max-snippet":"max-snippet:-1","max-image-preview":"max-image-preview:large","max-video-preview":"max-video-preview:-1"},"canonical":"https:\/\/flexfurn.com\/fr\/produit\/chaise-pliante-super-luxueuse\/","og_locale":"fr_FR","og_type":"article","og_title":"Super de Luxe klapstoel - Flexfurn","og_description":"Klapstoel Gestoffeerde zitting en rug De rug is licht gebogen voor optimaal zitcomfort Stalen frame vervaardigt uit hamerslag grijs of epoxy goud Voorzien van duurzame beschermingsdoppen en verstevigingsbuis Binnengebruik","og_url":"https:\/\/flexfurn.com\/fr\/produit\/chaise-pliante-super-luxueuse\/","og_site_name":"Flexfurn","article_modified_time":"2025-08-28T11:41:19+00:00","og_image":[{"width":2000,"height":2000,"url":"https:\/\/flexfurn.com\/wp-content\/uploads\/2024\/03\/359939f2e31a464dbdf1ad09c4d1bd9516b425a9f1be443fbe76cf0c8f076809c9dab6bb288941c39d7170e750da7890.jpg","type":"image\/jpeg"}],"twitter_card":"summary_large_image","twitter_misc":{"Dur\u00e9e de lecture est.":"1 minute"},"schema":{"@context":"https:\/\/schema.org","@graph":[{"@type":"WebPage","@id":"https:\/\/flexfurn.com\/product\/super-de-luxe-klapstoel\/","url":"https:\/\/flexfurn.com\/product\/super-de-luxe-klapstoel\/","name":"Chaise pliante Super de Luxe - Flexfurn","isPartOf":{"@id":"https:\/\/flexfurn.com\/#website"},"primaryImageOfPage":{"@id":"https:\/\/flexfurn.com\/product\/super-de-luxe-klapstoel\/#primaryimage"},"image":{"@id":"https:\/\/flexfurn.com\/product\/super-de-luxe-klapstoel\/#primaryimage"},"thumbnailUrl":"https:\/\/flexfurn.com\/wp-content\/uploads\/2024\/03\/359939f2e31a464dbdf1ad09c4d1bd9516b425a9f1be443fbe76cf0c8f076809c9dab6bb288941c39d7170e750da7890.jpg","datePublished":"2023-10-18T06:07:42+00:00","dateModified":"2025-08-28T11:41:19+00:00","breadcrumb":{"@id":"https:\/\/flexfurn.com\/product\/super-de-luxe-klapstoel\/#breadcrumb"},"inLanguage":"fr-BE","potentialAction":[{"@type":"ReadAction","target":["https:\/\/flexfurn.com\/product\/super-de-luxe-klapstoel\/"]}]},{"@type":"ImageObject","inLanguage":"fr-BE","@id":"https:\/\/flexfurn.com\/product\/super-de-luxe-klapstoel\/#primaryimage","url":"https:\/\/flexfurn.com\/wp-content\/uploads\/2024\/03\/359939f2e31a464dbdf1ad09c4d1bd9516b425a9f1be443fbe76cf0c8f076809c9dab6bb288941c39d7170e750da7890.jpg","contentUrl":"https:\/\/flexfurn.com\/wp-content\/uploads\/2024\/03\/359939f2e31a464dbdf1ad09c4d1bd9516b425a9f1be443fbe76cf0c8f076809c9dab6bb288941c39d7170e750da7890.jpg","width":2000,"height":2000,"caption":"Super De Luxe - Folding Chair - Black"},{"@type":"BreadcrumbList","@id":"https:\/\/flexfurn.com\/product\/super-de-luxe-klapstoel\/#breadcrumb","itemListElement":[{"@type":"ListItem","position":1,"name":"Home","item":"https:\/\/flexfurn.com\/"},{"@type":"ListItem","position":2,"name":"Winkel","item":"https:\/\/flexfurn.com\/winkel\/"},{"@type":"ListItem","position":3,"name":"Super de Luxe klapstoel"}]},{"@type":"WebSite","@id":"https:\/\/flexfurn.com\/#website","url":"https:\/\/flexfurn.com\/","name":"Flexfurn","description":"","publisher":{"@id":"https:\/\/flexfurn.com\/#organization"},"potentialAction":[{"@type":"SearchAction","target":{"@type":"EntryPoint","urlTemplate":"https:\/\/flexfurn.com\/?s={search_term_string}"},"query-input":{"@type":"PropertyValueSpecification","valueRequired":true,"valueName":"search_term_string"}}],"inLanguage":"fr-BE"},{"@type":"Organization","@id":"https:\/\/flexfurn.com\/#organization","name":"Flexfurn","url":"https:\/\/flexfurn.com\/","logo":{"@type":"ImageObject","inLanguage":"fr-BE","@id":"https:\/\/flexfurn.com\/#\/schema\/logo\/image\/","url":"https:\/\/flexfurn.com\/wp-content\/uploads\/2023\/08\/LogoBlack.svg","contentUrl":"https:\/\/flexfurn.com\/wp-content\/uploads\/2023\/08\/LogoBlack.svg","width":210,"height":60,"caption":"Flexfurn"},"image":{"@id":"https:\/\/flexfurn.com\/#\/schema\/logo\/image\/"}}]}},"_links":{"self":[{"href":"https:\/\/flexfurn.com\/fr\/wp-json\/wp\/v2\/product\/508","targetHints":{"allow":["GET"]}}],"collection":[{"href":"https:\/\/flexfurn.com\/fr\/wp-json\/wp\/v2\/product"}],"about":[{"href":"https:\/\/flexfurn.com\/fr\/wp-json\/wp\/v2\/types\/product"}],"wp:featuredmedia":[{"embeddable":true,"href":"https:\/\/flexfurn.com\/fr\/wp-json\/wp\/v2\/media\/4591"}],"wp:attachment":[{"href":"https:\/\/flexfurn.com\/fr\/wp-json\/wp\/v2\/media?parent=508"}],"wp:term":[{"taxonomy":"product_brand","embeddable":true,"href":"https:\/\/flexfurn.com\/fr\/wp-json\/wp\/v2\/product_brand?post=508"},{"taxonomy":"product_cat","embeddable":true,"href":"https:\/\/flexfurn.com\/fr\/wp-json\/wp\/v2\/product_cat?post=508"},{"taxonomy":"product_tag","embeddable":true,"href":"https:\/\/flexfurn.com\/fr\/wp-json\/wp\/v2\/product_tag?post=508"}],"curies":[{"name":"wp","href":"https:\/\/api.w.org\/{rel}","templated":true}]}}