{"id":524,"date":"2023-10-18T08:07:44","date_gmt":"2023-10-18T06:07:44","guid":{"rendered":"https:\/\/beta.flexfurn.com\/product\/tolix-style-barstoel-2\/"},"modified":"2025-07-15T11:02:58","modified_gmt":"2025-07-15T09:02:58","slug":"coussin-de-siege-de-tabouret-de-bar-de-style-tolix","status":"publish","type":"product","link":"https:\/\/flexfurn.com\/fr\/produit\/coussin-de-siege-de-tabouret-de-bar-de-style-tolix\/","title":{"rendered":"Tabouret de bar style Tolix \u2013 Incl. coussin de si\u00e8ge"},"content":{"rendered":"<p>Le tabouret de bar TOLIX STYLE est un tabouret de bar \u00e9l\u00e9gant et robuste qui donne \u00e0 tout int\u00e9rieur un look industriel. Le cadre robuste en acier avec rev\u00eatement en poudre garantit des ann\u00e9es d&#039;utilisation et de plaisir. Qu&#039;il s&#039;agisse d&#039;un bar branch\u00e9, d&#039;un restaurant \u00e0 la mode ou d&#039;un lieu \u00e9v\u00e9nementiel anim\u00e9, le tabouret de bar Tolix Style offre un look industriel ! De plus, vous pouvez facilement empiler, ranger et transporter le tabouret gr\u00e2ce au chariot de transport inclus. Notre collection de coussins d&#039;assise pour le tabouret de bar Tolix Style est d\u00e9sormais plus vaste que jamais. En plus du si\u00e8ge classique en bois d&#039;orme, vous pouvez d\u00e9sormais \u00e9galement choisir entre : du velours doux en 5 couleurs : noir, bleu, vert, or et rose ou du tissu Teddy tendance en noir et blanc \u00e9l\u00e9gant. Mais ce n&#039;est pas tout : les versions velours et peluche sont toutes deux dot\u00e9es d&#039;un rev\u00eatement en T\u00e9flon et sont trait\u00e9es ignifuges (Crib 5). Cela les prot\u00e8ge mieux contre la salet\u00e9, l&#039;eau et l&#039;usure, pour une utilisation durable et esth\u00e9tique.<\/p>","protected":false},"excerpt":{"rendered":"<p>Empilable<br \/>\nStructure en acier thermolaqu\u00e9<br \/>\nAssise en bois d&#039;orme<br \/>\nPoids l\u00e9ger<br \/>\nEquip\u00e9 de capuchons de protection<br \/>\nUtilisation int\u00e9rieure<\/p>\n<p><strong>Coussin de si\u00e8ge<\/strong>:<\/p>\n<p>Facile \u00e0 attacher<br \/>\nFacilement interchangeables<br \/>\nTissu velours et peluche : rev\u00eatement T\u00e9flon et trait\u00e9 ignifuge (Crib 5)<br \/>\nApplicable uniquement au tabouret de bar et \u00e0 la chaise Tolix Style de Flexfurn<\/p>","protected":false},"featured_media":7804,"template":"","meta":[],"product_brand":[],"product_cat":[25,129],"product_tag":[],"class_list":{"0":"post-524","1":"product","2":"type-product","3":"status-publish","4":"has-post-thumbnail","6":"product_cat-barstoel","7":"product_cat-tolix-style","9":"first","10":"instock","11":"taxable","12":"shipping-taxable","13":"purchasable","14":"product-type-variable"},"yoast_head":"<!-- This site is optimized with the Yoast SEO plugin v26.6 - https:\/\/yoast.com\/wordpress\/plugins\/seo\/ -->\n<title>Tolix Style barstoel - Incl. zitkussen - Flexfurn<\/title>\n<meta name=\"robots\" content=\"index, follow, max-snippet:-1, max-image-preview:large, max-video-preview:-1\" \/>\n<link rel=\"canonical\" href=\"https:\/\/flexfurn.com\/fr\/produit\/coussin-de-siege-de-tabouret-de-bar-de-style-tolix\/\" \/>\n<meta property=\"og:locale\" content=\"fr_FR\" \/>\n<meta property=\"og:type\" content=\"article\" \/>\n<meta property=\"og:title\" content=\"Tolix Style barstoel - Incl. zitkussen - Flexfurn\" \/>\n<meta property=\"og:description\" content=\"Stapelbaar Stalen frame poedercoating Iepenhouten zitting Lichtgewicht Voorzien van beschermdoppen Binnengebruik  Zitkussen:  Gemakkelijk bevestigbaar Gemakkelijk verwisselbaar Fluweel &amp; Teddy stof: Teflon-coating \u00e9n brandvertragend behandeld (Crib 5) Enkel toepasbaar op Flexfurn\u2019s Tolix Style barstoel en stoel\" \/>\n<meta property=\"og:url\" content=\"https:\/\/flexfurn.com\/fr\/produit\/coussin-de-siege-de-tabouret-de-bar-de-style-tolix\/\" \/>\n<meta property=\"og:site_name\" content=\"Flexfurn\" \/>\n<meta property=\"article:modified_time\" content=\"2025-07-15T09:02:58+00:00\" \/>\n<meta property=\"og:image\" content=\"https:\/\/flexfurn.com\/wp-content\/uploads\/2025\/05\/TOLIX_BARSTOOL_BLACK_ELM.NAT_Low-view.jpg\" \/>\n\t<meta property=\"og:image:width\" content=\"2400\" \/>\n\t<meta property=\"og:image:height\" content=\"2400\" \/>\n\t<meta property=\"og:image:type\" content=\"image\/jpeg\" \/>\n<meta name=\"twitter:card\" content=\"summary_large_image\" \/>\n<meta name=\"twitter:label1\" content=\"Dur\u00e9e de lecture est.\" \/>\n\t<meta name=\"twitter:data1\" content=\"1 minute\" \/>\n<script type=\"application\/ld+json\" class=\"yoast-schema-graph\">{\"@context\":\"https:\/\/schema.org\",\"@graph\":[{\"@type\":\"WebPage\",\"@id\":\"https:\/\/flexfurn.com\/product\/tolix-style-barstoel-zitkussen\/\",\"url\":\"https:\/\/flexfurn.com\/product\/tolix-style-barstoel-zitkussen\/\",\"name\":\"Tolix Style barstoel - Incl. zitkussen - Flexfurn\",\"isPartOf\":{\"@id\":\"https:\/\/flexfurn.com\/#website\"},\"primaryImageOfPage\":{\"@id\":\"https:\/\/flexfurn.com\/product\/tolix-style-barstoel-zitkussen\/#primaryimage\"},\"image\":{\"@id\":\"https:\/\/flexfurn.com\/product\/tolix-style-barstoel-zitkussen\/#primaryimage\"},\"thumbnailUrl\":\"https:\/\/flexfurn.com\/wp-content\/uploads\/2025\/05\/TOLIX_BARSTOOL_BLACK_ELM.NAT_Low-view.jpg\",\"datePublished\":\"2023-10-18T06:07:44+00:00\",\"dateModified\":\"2025-07-15T09:02:58+00:00\",\"breadcrumb\":{\"@id\":\"https:\/\/flexfurn.com\/product\/tolix-style-barstoel-zitkussen\/#breadcrumb\"},\"inLanguage\":\"fr-BE\",\"potentialAction\":[{\"@type\":\"ReadAction\",\"target\":[\"https:\/\/flexfurn.com\/product\/tolix-style-barstoel-zitkussen\/\"]}]},{\"@type\":\"ImageObject\",\"inLanguage\":\"fr-BE\",\"@id\":\"https:\/\/flexfurn.com\/product\/tolix-style-barstoel-zitkussen\/#primaryimage\",\"url\":\"https:\/\/flexfurn.com\/wp-content\/uploads\/2025\/05\/TOLIX_BARSTOOL_BLACK_ELM.NAT_Low-view.jpg\",\"contentUrl\":\"https:\/\/flexfurn.com\/wp-content\/uploads\/2025\/05\/TOLIX_BARSTOOL_BLACK_ELM.NAT_Low-view.jpg\",\"width\":2400,\"height\":2400,\"caption\":\"Zwwarte Tolix style barkruk met detail van houten zitje en strak design.\"},{\"@type\":\"BreadcrumbList\",\"@id\":\"https:\/\/flexfurn.com\/product\/tolix-style-barstoel-zitkussen\/#breadcrumb\",\"itemListElement\":[{\"@type\":\"ListItem\",\"position\":1,\"name\":\"Home\",\"item\":\"https:\/\/flexfurn.com\/\"},{\"@type\":\"ListItem\",\"position\":2,\"name\":\"Winkel\",\"item\":\"https:\/\/flexfurn.com\/winkel\/\"},{\"@type\":\"ListItem\",\"position\":3,\"name\":\"Tolix Style barstoel &#8211; Incl. zitkussen\"}]},{\"@type\":\"WebSite\",\"@id\":\"https:\/\/flexfurn.com\/#website\",\"url\":\"https:\/\/flexfurn.com\/\",\"name\":\"Flexfurn\",\"description\":\"\",\"publisher\":{\"@id\":\"https:\/\/flexfurn.com\/#organization\"},\"potentialAction\":[{\"@type\":\"SearchAction\",\"target\":{\"@type\":\"EntryPoint\",\"urlTemplate\":\"https:\/\/flexfurn.com\/?s={search_term_string}\"},\"query-input\":{\"@type\":\"PropertyValueSpecification\",\"valueRequired\":true,\"valueName\":\"search_term_string\"}}],\"inLanguage\":\"fr-BE\"},{\"@type\":\"Organization\",\"@id\":\"https:\/\/flexfurn.com\/#organization\",\"name\":\"Flexfurn\",\"url\":\"https:\/\/flexfurn.com\/\",\"logo\":{\"@type\":\"ImageObject\",\"inLanguage\":\"fr-BE\",\"@id\":\"https:\/\/flexfurn.com\/#\/schema\/logo\/image\/\",\"url\":\"https:\/\/flexfurn.com\/wp-content\/uploads\/2023\/08\/LogoBlack.svg\",\"contentUrl\":\"https:\/\/flexfurn.com\/wp-content\/uploads\/2023\/08\/LogoBlack.svg\",\"width\":210,\"height\":60,\"caption\":\"Flexfurn\"},\"image\":{\"@id\":\"https:\/\/flexfurn.com\/#\/schema\/logo\/image\/\"}}]}<\/script>\n<!-- \/ Yoast SEO plugin. -->","yoast_head_json":{"title":"Tabouret de bar style Tolix - Incl. coussin d&#039;assise - Flexfurn","robots":{"index":"index","follow":"follow","max-snippet":"max-snippet:-1","max-image-preview":"max-image-preview:large","max-video-preview":"max-video-preview:-1"},"canonical":"https:\/\/flexfurn.com\/fr\/produit\/coussin-de-siege-de-tabouret-de-bar-de-style-tolix\/","og_locale":"fr_FR","og_type":"article","og_title":"Tolix Style barstoel - Incl. zitkussen - Flexfurn","og_description":"Stapelbaar Stalen frame poedercoating Iepenhouten zitting Lichtgewicht Voorzien van beschermdoppen Binnengebruik  Zitkussen:  Gemakkelijk bevestigbaar Gemakkelijk verwisselbaar Fluweel &amp; Teddy stof: Teflon-coating \u00e9n brandvertragend behandeld (Crib 5) Enkel toepasbaar op Flexfurn\u2019s Tolix Style barstoel en stoel","og_url":"https:\/\/flexfurn.com\/fr\/produit\/coussin-de-siege-de-tabouret-de-bar-de-style-tolix\/","og_site_name":"Flexfurn","article_modified_time":"2025-07-15T09:02:58+00:00","og_image":[{"width":2400,"height":2400,"url":"https:\/\/flexfurn.com\/wp-content\/uploads\/2025\/05\/TOLIX_BARSTOOL_BLACK_ELM.NAT_Low-view.jpg","type":"image\/jpeg"}],"twitter_card":"summary_large_image","twitter_misc":{"Dur\u00e9e de lecture est.":"1 minute"},"schema":{"@context":"https:\/\/schema.org","@graph":[{"@type":"WebPage","@id":"https:\/\/flexfurn.com\/product\/tolix-style-barstoel-zitkussen\/","url":"https:\/\/flexfurn.com\/product\/tolix-style-barstoel-zitkussen\/","name":"Tabouret de bar style Tolix - Incl. coussin d&#039;assise - Flexfurn","isPartOf":{"@id":"https:\/\/flexfurn.com\/#website"},"primaryImageOfPage":{"@id":"https:\/\/flexfurn.com\/product\/tolix-style-barstoel-zitkussen\/#primaryimage"},"image":{"@id":"https:\/\/flexfurn.com\/product\/tolix-style-barstoel-zitkussen\/#primaryimage"},"thumbnailUrl":"https:\/\/flexfurn.com\/wp-content\/uploads\/2025\/05\/TOLIX_BARSTOOL_BLACK_ELM.NAT_Low-view.jpg","datePublished":"2023-10-18T06:07:44+00:00","dateModified":"2025-07-15T09:02:58+00:00","breadcrumb":{"@id":"https:\/\/flexfurn.com\/product\/tolix-style-barstoel-zitkussen\/#breadcrumb"},"inLanguage":"fr-BE","potentialAction":[{"@type":"ReadAction","target":["https:\/\/flexfurn.com\/product\/tolix-style-barstoel-zitkussen\/"]}]},{"@type":"ImageObject","inLanguage":"fr-BE","@id":"https:\/\/flexfurn.com\/product\/tolix-style-barstoel-zitkussen\/#primaryimage","url":"https:\/\/flexfurn.com\/wp-content\/uploads\/2025\/05\/TOLIX_BARSTOOL_BLACK_ELM.NAT_Low-view.jpg","contentUrl":"https:\/\/flexfurn.com\/wp-content\/uploads\/2025\/05\/TOLIX_BARSTOOL_BLACK_ELM.NAT_Low-view.jpg","width":2400,"height":2400,"caption":"Zwwarte Tolix style barkruk met detail van houten zitje en strak design."},{"@type":"BreadcrumbList","@id":"https:\/\/flexfurn.com\/product\/tolix-style-barstoel-zitkussen\/#breadcrumb","itemListElement":[{"@type":"ListItem","position":1,"name":"Home","item":"https:\/\/flexfurn.com\/"},{"@type":"ListItem","position":2,"name":"Winkel","item":"https:\/\/flexfurn.com\/winkel\/"},{"@type":"ListItem","position":3,"name":"Tolix Style barstoel &#8211; Incl. zitkussen"}]},{"@type":"WebSite","@id":"https:\/\/flexfurn.com\/#website","url":"https:\/\/flexfurn.com\/","name":"Flexfurn","description":"","publisher":{"@id":"https:\/\/flexfurn.com\/#organization"},"potentialAction":[{"@type":"SearchAction","target":{"@type":"EntryPoint","urlTemplate":"https:\/\/flexfurn.com\/?s={search_term_string}"},"query-input":{"@type":"PropertyValueSpecification","valueRequired":true,"valueName":"search_term_string"}}],"inLanguage":"fr-BE"},{"@type":"Organization","@id":"https:\/\/flexfurn.com\/#organization","name":"Flexfurn","url":"https:\/\/flexfurn.com\/","logo":{"@type":"ImageObject","inLanguage":"fr-BE","@id":"https:\/\/flexfurn.com\/#\/schema\/logo\/image\/","url":"https:\/\/flexfurn.com\/wp-content\/uploads\/2023\/08\/LogoBlack.svg","contentUrl":"https:\/\/flexfurn.com\/wp-content\/uploads\/2023\/08\/LogoBlack.svg","width":210,"height":60,"caption":"Flexfurn"},"image":{"@id":"https:\/\/flexfurn.com\/#\/schema\/logo\/image\/"}}]}},"_links":{"self":[{"href":"https:\/\/flexfurn.com\/fr\/wp-json\/wp\/v2\/product\/524","targetHints":{"allow":["GET"]}}],"collection":[{"href":"https:\/\/flexfurn.com\/fr\/wp-json\/wp\/v2\/product"}],"about":[{"href":"https:\/\/flexfurn.com\/fr\/wp-json\/wp\/v2\/types\/product"}],"wp:featuredmedia":[{"embeddable":true,"href":"https:\/\/flexfurn.com\/fr\/wp-json\/wp\/v2\/media\/7804"}],"wp:attachment":[{"href":"https:\/\/flexfurn.com\/fr\/wp-json\/wp\/v2\/media?parent=524"}],"wp:term":[{"taxonomy":"product_brand","embeddable":true,"href":"https:\/\/flexfurn.com\/fr\/wp-json\/wp\/v2\/product_brand?post=524"},{"taxonomy":"product_cat","embeddable":true,"href":"https:\/\/flexfurn.com\/fr\/wp-json\/wp\/v2\/product_cat?post=524"},{"taxonomy":"product_tag","embeddable":true,"href":"https:\/\/flexfurn.com\/fr\/wp-json\/wp\/v2\/product_tag?post=524"}],"curies":[{"name":"wp","href":"https:\/\/api.w.org\/{rel}","templated":true}]}}