{"id":5252,"date":"2024-06-05T08:30:02","date_gmt":"2024-06-05T06:30:02","guid":{"rendered":"https:\/\/flexfurn.com\/?post_type=product&#038;p=5252"},"modified":"2026-01-28T14:00:05","modified_gmt":"2026-01-28T13:00:05","slug":"ensemble-de-pique-nique-matrix","status":"publish","type":"product","link":"https:\/\/flexfurn.com\/fr\/produit\/ensemble-de-pique-nique-matrix\/","title":{"rendered":"Ensemble de pique-nique Matrix"},"content":{"rendered":"<p>La table de pique-nique et les bancs Matrix sont en aluminium. Gr\u00e2ce au syst\u00e8me de connexion bien int\u00e9gr\u00e9, vous pouvez fixer les plateaux de table et de si\u00e8ge aux cadres en un rien de temps. Les cadres sont \u00e9galement empilables, ce qui vous permet de ranger la table de pique-nique rapidement et facilement. M\u00e9langez et assortissez avec un plateau de table d\u00e9coratif de votre choix et profitez d&#039;un sublime ajout \u00e0 votre terrasse.<\/p>","protected":false},"excerpt":{"rendered":"<p>Empilable<br \/>\nCadres en aluminium<br \/>\nPlateaux de table interchangeables<br \/>\nUtilisation int\u00e9rieure et ext\u00e9rieure<br \/>\nTableau : 200x80x74 cm<br \/>\nCanap\u00e9 : 200x35x47,5 cm<br \/>\nEnsemble = 1 table + 2 bancs<\/p>\n<p><a href=\"https:\/\/youtu.be\/rjLWLDh7bCE\" target=\"_blank\" rel=\"noopener\">VID\u00c9O DU PRODUIT<\/a><\/p>","protected":false},"featured_media":5266,"template":"","meta":[],"product_brand":[],"product_cat":[69,91],"product_tag":[],"class_list":{"0":"post-5252","1":"product","2":"type-product","3":"status-publish","4":"has-post-thumbnail","6":"product_cat-eettafel","7":"product_cat-outdoor","9":"first","10":"instock","11":"taxable","12":"shipping-taxable","13":"purchasable","14":"product-type-variable"},"yoast_head":"<!-- This site is optimized with the Yoast SEO plugin v26.6 - https:\/\/yoast.com\/wordpress\/plugins\/seo\/ -->\n<title>Matrix picknick set - Flexfurn<\/title>\n<meta name=\"robots\" content=\"index, follow, max-snippet:-1, max-image-preview:large, max-video-preview:-1\" \/>\n<link rel=\"canonical\" href=\"https:\/\/flexfurn.com\/fr\/produit\/ensemble-de-pique-nique-matrix\/\" \/>\n<meta property=\"og:locale\" content=\"fr_FR\" \/>\n<meta property=\"og:type\" content=\"article\" \/>\n<meta property=\"og:title\" content=\"Matrix picknick set - Flexfurn\" \/>\n<meta property=\"og:description\" content=\"Stapelbaar Aluminium frames Verwisselbare tafelbladen Binnen- en buitengebruik Tafel: 200x80x74 cm Bank: 200x35x47,5 cm Set = 1 tafel + 2 banken  Product VIDEO\" \/>\n<meta property=\"og:url\" content=\"https:\/\/flexfurn.com\/fr\/produit\/ensemble-de-pique-nique-matrix\/\" \/>\n<meta property=\"og:site_name\" content=\"Flexfurn\" \/>\n<meta property=\"article:modified_time\" content=\"2026-01-28T13:00:05+00:00\" \/>\n<meta property=\"og:image\" content=\"https:\/\/flexfurn.com\/wp-content\/uploads\/2024\/06\/X-FRAME-DINNERBENCH_BLACK_200x80_LHC12.BMO-black-moon_Mid-view.jpg\" \/>\n\t<meta property=\"og:image:width\" content=\"2400\" \/>\n\t<meta property=\"og:image:height\" content=\"2400\" \/>\n\t<meta property=\"og:image:type\" content=\"image\/jpeg\" \/>\n<meta name=\"twitter:card\" content=\"summary_large_image\" \/>\n<meta name=\"twitter:label1\" content=\"Dur\u00e9e de lecture est.\" \/>\n\t<meta name=\"twitter:data1\" content=\"1 minute\" \/>\n<script type=\"application\/ld+json\" class=\"yoast-schema-graph\">{\"@context\":\"https:\/\/schema.org\",\"@graph\":[{\"@type\":\"WebPage\",\"@id\":\"https:\/\/flexfurn.com\/product\/matrix-picknick-set\/\",\"url\":\"https:\/\/flexfurn.com\/product\/matrix-picknick-set\/\",\"name\":\"Matrix picknick set - Flexfurn\",\"isPartOf\":{\"@id\":\"https:\/\/flexfurn.com\/#website\"},\"primaryImageOfPage\":{\"@id\":\"https:\/\/flexfurn.com\/product\/matrix-picknick-set\/#primaryimage\"},\"image\":{\"@id\":\"https:\/\/flexfurn.com\/product\/matrix-picknick-set\/#primaryimage\"},\"thumbnailUrl\":\"https:\/\/flexfurn.com\/wp-content\/uploads\/2024\/06\/X-FRAME-DINNERBENCH_BLACK_200x80_LHC12.BMO-black-moon_Mid-view.jpg\",\"datePublished\":\"2024-06-05T06:30:02+00:00\",\"dateModified\":\"2026-01-28T13:00:05+00:00\",\"breadcrumb\":{\"@id\":\"https:\/\/flexfurn.com\/product\/matrix-picknick-set\/#breadcrumb\"},\"inLanguage\":\"fr-BE\",\"potentialAction\":[{\"@type\":\"ReadAction\",\"target\":[\"https:\/\/flexfurn.com\/product\/matrix-picknick-set\/\"]}]},{\"@type\":\"ImageObject\",\"inLanguage\":\"fr-BE\",\"@id\":\"https:\/\/flexfurn.com\/product\/matrix-picknick-set\/#primaryimage\",\"url\":\"https:\/\/flexfurn.com\/wp-content\/uploads\/2024\/06\/X-FRAME-DINNERBENCH_BLACK_200x80_LHC12.BMO-black-moon_Mid-view.jpg\",\"contentUrl\":\"https:\/\/flexfurn.com\/wp-content\/uploads\/2024\/06\/X-FRAME-DINNERBENCH_BLACK_200x80_LHC12.BMO-black-moon_Mid-view.jpg\",\"width\":2400,\"height\":2400},{\"@type\":\"BreadcrumbList\",\"@id\":\"https:\/\/flexfurn.com\/product\/matrix-picknick-set\/#breadcrumb\",\"itemListElement\":[{\"@type\":\"ListItem\",\"position\":1,\"name\":\"Home\",\"item\":\"https:\/\/flexfurn.com\/\"},{\"@type\":\"ListItem\",\"position\":2,\"name\":\"Winkel\",\"item\":\"https:\/\/flexfurn.com\/winkel\/\"},{\"@type\":\"ListItem\",\"position\":3,\"name\":\"Matrix picknick set\"}]},{\"@type\":\"WebSite\",\"@id\":\"https:\/\/flexfurn.com\/#website\",\"url\":\"https:\/\/flexfurn.com\/\",\"name\":\"Flexfurn\",\"description\":\"\",\"publisher\":{\"@id\":\"https:\/\/flexfurn.com\/#organization\"},\"potentialAction\":[{\"@type\":\"SearchAction\",\"target\":{\"@type\":\"EntryPoint\",\"urlTemplate\":\"https:\/\/flexfurn.com\/?s={search_term_string}\"},\"query-input\":{\"@type\":\"PropertyValueSpecification\",\"valueRequired\":true,\"valueName\":\"search_term_string\"}}],\"inLanguage\":\"fr-BE\"},{\"@type\":\"Organization\",\"@id\":\"https:\/\/flexfurn.com\/#organization\",\"name\":\"Flexfurn\",\"url\":\"https:\/\/flexfurn.com\/\",\"logo\":{\"@type\":\"ImageObject\",\"inLanguage\":\"fr-BE\",\"@id\":\"https:\/\/flexfurn.com\/#\/schema\/logo\/image\/\",\"url\":\"https:\/\/flexfurn.com\/wp-content\/uploads\/2023\/08\/LogoBlack.svg\",\"contentUrl\":\"https:\/\/flexfurn.com\/wp-content\/uploads\/2023\/08\/LogoBlack.svg\",\"width\":210,\"height\":60,\"caption\":\"Flexfurn\"},\"image\":{\"@id\":\"https:\/\/flexfurn.com\/#\/schema\/logo\/image\/\"}}]}<\/script>\n<!-- \/ Yoast SEO plugin. -->","yoast_head_json":{"title":"Ensemble de pique-nique Matrix - Flexfurn","robots":{"index":"index","follow":"follow","max-snippet":"max-snippet:-1","max-image-preview":"max-image-preview:large","max-video-preview":"max-video-preview:-1"},"canonical":"https:\/\/flexfurn.com\/fr\/produit\/ensemble-de-pique-nique-matrix\/","og_locale":"fr_FR","og_type":"article","og_title":"Matrix picknick set - Flexfurn","og_description":"Stapelbaar Aluminium frames Verwisselbare tafelbladen Binnen- en buitengebruik Tafel: 200x80x74 cm Bank: 200x35x47,5 cm Set = 1 tafel + 2 banken  Product VIDEO","og_url":"https:\/\/flexfurn.com\/fr\/produit\/ensemble-de-pique-nique-matrix\/","og_site_name":"Flexfurn","article_modified_time":"2026-01-28T13:00:05+00:00","og_image":[{"width":2400,"height":2400,"url":"https:\/\/flexfurn.com\/wp-content\/uploads\/2024\/06\/X-FRAME-DINNERBENCH_BLACK_200x80_LHC12.BMO-black-moon_Mid-view.jpg","type":"image\/jpeg"}],"twitter_card":"summary_large_image","twitter_misc":{"Dur\u00e9e de lecture est.":"1 minute"},"schema":{"@context":"https:\/\/schema.org","@graph":[{"@type":"WebPage","@id":"https:\/\/flexfurn.com\/product\/matrix-picknick-set\/","url":"https:\/\/flexfurn.com\/product\/matrix-picknick-set\/","name":"Ensemble de pique-nique Matrix - Flexfurn","isPartOf":{"@id":"https:\/\/flexfurn.com\/#website"},"primaryImageOfPage":{"@id":"https:\/\/flexfurn.com\/product\/matrix-picknick-set\/#primaryimage"},"image":{"@id":"https:\/\/flexfurn.com\/product\/matrix-picknick-set\/#primaryimage"},"thumbnailUrl":"https:\/\/flexfurn.com\/wp-content\/uploads\/2024\/06\/X-FRAME-DINNERBENCH_BLACK_200x80_LHC12.BMO-black-moon_Mid-view.jpg","datePublished":"2024-06-05T06:30:02+00:00","dateModified":"2026-01-28T13:00:05+00:00","breadcrumb":{"@id":"https:\/\/flexfurn.com\/product\/matrix-picknick-set\/#breadcrumb"},"inLanguage":"fr-BE","potentialAction":[{"@type":"ReadAction","target":["https:\/\/flexfurn.com\/product\/matrix-picknick-set\/"]}]},{"@type":"ImageObject","inLanguage":"fr-BE","@id":"https:\/\/flexfurn.com\/product\/matrix-picknick-set\/#primaryimage","url":"https:\/\/flexfurn.com\/wp-content\/uploads\/2024\/06\/X-FRAME-DINNERBENCH_BLACK_200x80_LHC12.BMO-black-moon_Mid-view.jpg","contentUrl":"https:\/\/flexfurn.com\/wp-content\/uploads\/2024\/06\/X-FRAME-DINNERBENCH_BLACK_200x80_LHC12.BMO-black-moon_Mid-view.jpg","width":2400,"height":2400},{"@type":"BreadcrumbList","@id":"https:\/\/flexfurn.com\/product\/matrix-picknick-set\/#breadcrumb","itemListElement":[{"@type":"ListItem","position":1,"name":"Home","item":"https:\/\/flexfurn.com\/"},{"@type":"ListItem","position":2,"name":"Winkel","item":"https:\/\/flexfurn.com\/winkel\/"},{"@type":"ListItem","position":3,"name":"Matrix picknick set"}]},{"@type":"WebSite","@id":"https:\/\/flexfurn.com\/#website","url":"https:\/\/flexfurn.com\/","name":"Flexfurn","description":"","publisher":{"@id":"https:\/\/flexfurn.com\/#organization"},"potentialAction":[{"@type":"SearchAction","target":{"@type":"EntryPoint","urlTemplate":"https:\/\/flexfurn.com\/?s={search_term_string}"},"query-input":{"@type":"PropertyValueSpecification","valueRequired":true,"valueName":"search_term_string"}}],"inLanguage":"fr-BE"},{"@type":"Organization","@id":"https:\/\/flexfurn.com\/#organization","name":"Flexfurn","url":"https:\/\/flexfurn.com\/","logo":{"@type":"ImageObject","inLanguage":"fr-BE","@id":"https:\/\/flexfurn.com\/#\/schema\/logo\/image\/","url":"https:\/\/flexfurn.com\/wp-content\/uploads\/2023\/08\/LogoBlack.svg","contentUrl":"https:\/\/flexfurn.com\/wp-content\/uploads\/2023\/08\/LogoBlack.svg","width":210,"height":60,"caption":"Flexfurn"},"image":{"@id":"https:\/\/flexfurn.com\/#\/schema\/logo\/image\/"}}]}},"_links":{"self":[{"href":"https:\/\/flexfurn.com\/fr\/wp-json\/wp\/v2\/product\/5252","targetHints":{"allow":["GET"]}}],"collection":[{"href":"https:\/\/flexfurn.com\/fr\/wp-json\/wp\/v2\/product"}],"about":[{"href":"https:\/\/flexfurn.com\/fr\/wp-json\/wp\/v2\/types\/product"}],"wp:featuredmedia":[{"embeddable":true,"href":"https:\/\/flexfurn.com\/fr\/wp-json\/wp\/v2\/media\/5266"}],"wp:attachment":[{"href":"https:\/\/flexfurn.com\/fr\/wp-json\/wp\/v2\/media?parent=5252"}],"wp:term":[{"taxonomy":"product_brand","embeddable":true,"href":"https:\/\/flexfurn.com\/fr\/wp-json\/wp\/v2\/product_brand?post=5252"},{"taxonomy":"product_cat","embeddable":true,"href":"https:\/\/flexfurn.com\/fr\/wp-json\/wp\/v2\/product_cat?post=5252"},{"taxonomy":"product_tag","embeddable":true,"href":"https:\/\/flexfurn.com\/fr\/wp-json\/wp\/v2\/product_tag?post=5252"}],"curies":[{"name":"wp","href":"https:\/\/api.w.org\/{rel}","templated":true}]}}