{"id":5455,"date":"2024-08-01T09:32:53","date_gmt":"2024-08-01T07:32:53","guid":{"rendered":"https:\/\/flexfurn.com\/?post_type=product&#038;p=5455"},"modified":"2025-06-27T10:24:03","modified_gmt":"2025-06-27T08:24:03","slug":"chaises-empilables-pour-chariot-de-transport-universel","status":"publish","type":"product","link":"https:\/\/flexfurn.com\/fr\/produit\/chaises-empilables-pour-chariot-de-transport-universel\/","title":{"rendered":"Chaises empilables sur chariot de transport universel"},"content":{"rendered":"<p>Ne vous souciez plus du transport, du rangement et de la protection de vos chaises empilables gr\u00e2ce \u00e0 ce chariot de transport universel. Ce chariot de transport est con\u00e7u pour vous faciliter la t\u00e2che\u00a0! Gr\u00e2ce \u00e0 une plaque de support r\u00e9glable, vous pourrez l&#039;ajuster correctement, en fonction du type de chaises empilables, afin que les chaises soient bien empil\u00e9es et droites. Selon le type de chaise, l&#039;empilabilit\u00e9 varie entre 10 et 19 pi\u00e8ces (voir fiche technique). Le chariot de transport est \u00e9quip\u00e9 de quatre roues vulcanis\u00e9es robustes, dont deux roues pivotantes avec freins et deux roues fixes. De cette fa\u00e7on, vous pouvez man\u0153uvrer sans effort dans diff\u00e9rents espaces. Pour les chaises empilables suivantes : Wave, Audrey, Nina, Veneto, Sorrento, Capri, Pepper et Teddy.<\/p>","protected":false},"excerpt":{"rendered":"<p>Ch\u00e2ssis en acier<br \/>\nRev\u00eatement en poudre gris martel\u00e9<br \/>\nPermet de ranger 10 \u00e0 19 chaises<br \/>\nComprend une barre de verrouillage<br \/>\nPlaque de support r\u00e9glable<br \/>\nRoues vulcanis\u00e9es diam. 100<br \/>\n2 roues pivotantes avec freins<br \/>\n2 roues fixes<br \/>\n*Remarque\u00a0: prix du chariot de transport assembl\u00e9 (hors si\u00e8ges)<\/p>\n<p>&nbsp;<\/p>","protected":false},"featured_media":5458,"template":"","meta":[],"product_brand":[],"product_cat":[130,93,92],"product_tag":[],"class_list":{"0":"post-5455","1":"product","2":"type-product","3":"status-publish","4":"has-post-thumbnail","6":"product_cat-teddy","7":"product_cat-transportkar-stapelstoelen","8":"product_cat-transportkarren","10":"first","11":"instock","12":"taxable","13":"shipping-taxable","14":"purchasable","15":"product-type-simple"},"yoast_head":"<!-- This site is optimized with the Yoast SEO plugin v26.6 - https:\/\/yoast.com\/wordpress\/plugins\/seo\/ -->\n<title>Universele transportkar stapelstoelen - Flexfurn<\/title>\n<meta name=\"robots\" content=\"index, follow, max-snippet:-1, max-image-preview:large, max-video-preview:-1\" \/>\n<link rel=\"canonical\" href=\"https:\/\/flexfurn.com\/fr\/produit\/chaises-empilables-pour-chariot-de-transport-universel\/\" \/>\n<meta property=\"og:locale\" content=\"fr_FR\" \/>\n<meta property=\"og:type\" content=\"article\" \/>\n<meta property=\"og:title\" content=\"Universele transportkar stapelstoelen - Flexfurn\" \/>\n<meta property=\"og:description\" content=\"Stalen frame Hamerslag grijs poedercoating Stockeert 10 tot 19 stoelen Inclusief vergrendelingsstang Aanpasbare steunplaat Gevulkaniseerde wielen diam. 100 2 zwenkwielen met rem 2 bokwielen *Let op: prijs voor gemonteerde transportkar (excl. stoelen)  &nbsp;\" \/>\n<meta property=\"og:url\" content=\"https:\/\/flexfurn.com\/fr\/produit\/chaises-empilables-pour-chariot-de-transport-universel\/\" \/>\n<meta property=\"og:site_name\" content=\"Flexfurn\" \/>\n<meta property=\"article:modified_time\" content=\"2025-06-27T08:24:03+00:00\" \/>\n<meta property=\"og:image\" content=\"https:\/\/flexfurn.com\/wp-content\/uploads\/2024\/08\/KSUN10.STHA_Rev-A-scaled.jpg\" \/>\n\t<meta property=\"og:image:width\" content=\"1978\" \/>\n\t<meta property=\"og:image:height\" content=\"2560\" \/>\n\t<meta property=\"og:image:type\" content=\"image\/jpeg\" \/>\n<meta name=\"twitter:card\" content=\"summary_large_image\" \/>\n<meta name=\"twitter:label1\" content=\"Dur\u00e9e de lecture est.\" \/>\n\t<meta name=\"twitter:data1\" content=\"1 minute\" \/>\n<script type=\"application\/ld+json\" class=\"yoast-schema-graph\">{\"@context\":\"https:\/\/schema.org\",\"@graph\":[{\"@type\":\"WebPage\",\"@id\":\"https:\/\/flexfurn.com\/product\/universele-transportkar-stapelstoelen\/\",\"url\":\"https:\/\/flexfurn.com\/product\/universele-transportkar-stapelstoelen\/\",\"name\":\"Universele transportkar stapelstoelen - Flexfurn\",\"isPartOf\":{\"@id\":\"https:\/\/flexfurn.com\/#website\"},\"primaryImageOfPage\":{\"@id\":\"https:\/\/flexfurn.com\/product\/universele-transportkar-stapelstoelen\/#primaryimage\"},\"image\":{\"@id\":\"https:\/\/flexfurn.com\/product\/universele-transportkar-stapelstoelen\/#primaryimage\"},\"thumbnailUrl\":\"https:\/\/flexfurn.com\/wp-content\/uploads\/2024\/08\/KSUN10.STHA_Rev-A-scaled.jpg\",\"datePublished\":\"2024-08-01T07:32:53+00:00\",\"dateModified\":\"2025-06-27T08:24:03+00:00\",\"breadcrumb\":{\"@id\":\"https:\/\/flexfurn.com\/product\/universele-transportkar-stapelstoelen\/#breadcrumb\"},\"inLanguage\":\"fr-BE\",\"potentialAction\":[{\"@type\":\"ReadAction\",\"target\":[\"https:\/\/flexfurn.com\/product\/universele-transportkar-stapelstoelen\/\"]}]},{\"@type\":\"ImageObject\",\"inLanguage\":\"fr-BE\",\"@id\":\"https:\/\/flexfurn.com\/product\/universele-transportkar-stapelstoelen\/#primaryimage\",\"url\":\"https:\/\/flexfurn.com\/wp-content\/uploads\/2024\/08\/KSUN10.STHA_Rev-A-scaled.jpg\",\"contentUrl\":\"https:\/\/flexfurn.com\/wp-content\/uploads\/2024\/08\/KSUN10.STHA_Rev-A-scaled.jpg\",\"width\":1978,\"height\":2560},{\"@type\":\"BreadcrumbList\",\"@id\":\"https:\/\/flexfurn.com\/product\/universele-transportkar-stapelstoelen\/#breadcrumb\",\"itemListElement\":[{\"@type\":\"ListItem\",\"position\":1,\"name\":\"Home\",\"item\":\"https:\/\/flexfurn.com\/\"},{\"@type\":\"ListItem\",\"position\":2,\"name\":\"Winkel\",\"item\":\"https:\/\/flexfurn.com\/winkel\/\"},{\"@type\":\"ListItem\",\"position\":3,\"name\":\"Universele transportkar stapelstoelen\"}]},{\"@type\":\"WebSite\",\"@id\":\"https:\/\/flexfurn.com\/#website\",\"url\":\"https:\/\/flexfurn.com\/\",\"name\":\"Flexfurn\",\"description\":\"\",\"publisher\":{\"@id\":\"https:\/\/flexfurn.com\/#organization\"},\"potentialAction\":[{\"@type\":\"SearchAction\",\"target\":{\"@type\":\"EntryPoint\",\"urlTemplate\":\"https:\/\/flexfurn.com\/?s={search_term_string}\"},\"query-input\":{\"@type\":\"PropertyValueSpecification\",\"valueRequired\":true,\"valueName\":\"search_term_string\"}}],\"inLanguage\":\"fr-BE\"},{\"@type\":\"Organization\",\"@id\":\"https:\/\/flexfurn.com\/#organization\",\"name\":\"Flexfurn\",\"url\":\"https:\/\/flexfurn.com\/\",\"logo\":{\"@type\":\"ImageObject\",\"inLanguage\":\"fr-BE\",\"@id\":\"https:\/\/flexfurn.com\/#\/schema\/logo\/image\/\",\"url\":\"https:\/\/flexfurn.com\/wp-content\/uploads\/2023\/08\/LogoBlack.svg\",\"contentUrl\":\"https:\/\/flexfurn.com\/wp-content\/uploads\/2023\/08\/LogoBlack.svg\",\"width\":210,\"height\":60,\"caption\":\"Flexfurn\"},\"image\":{\"@id\":\"https:\/\/flexfurn.com\/#\/schema\/logo\/image\/\"}}]}<\/script>\n<!-- \/ Yoast SEO plugin. -->","yoast_head_json":{"title":"Chaises empilables universelles pour chariot de transport - Flexfurn","robots":{"index":"index","follow":"follow","max-snippet":"max-snippet:-1","max-image-preview":"max-image-preview:large","max-video-preview":"max-video-preview:-1"},"canonical":"https:\/\/flexfurn.com\/fr\/produit\/chaises-empilables-pour-chariot-de-transport-universel\/","og_locale":"fr_FR","og_type":"article","og_title":"Universele transportkar stapelstoelen - Flexfurn","og_description":"Stalen frame Hamerslag grijs poedercoating Stockeert 10 tot 19 stoelen Inclusief vergrendelingsstang Aanpasbare steunplaat Gevulkaniseerde wielen diam. 100 2 zwenkwielen met rem 2 bokwielen *Let op: prijs voor gemonteerde transportkar (excl. stoelen)  &nbsp;","og_url":"https:\/\/flexfurn.com\/fr\/produit\/chaises-empilables-pour-chariot-de-transport-universel\/","og_site_name":"Flexfurn","article_modified_time":"2025-06-27T08:24:03+00:00","og_image":[{"width":1978,"height":2560,"url":"https:\/\/flexfurn.com\/wp-content\/uploads\/2024\/08\/KSUN10.STHA_Rev-A-scaled.jpg","type":"image\/jpeg"}],"twitter_card":"summary_large_image","twitter_misc":{"Dur\u00e9e de lecture est.":"1 minute"},"schema":{"@context":"https:\/\/schema.org","@graph":[{"@type":"WebPage","@id":"https:\/\/flexfurn.com\/product\/universele-transportkar-stapelstoelen\/","url":"https:\/\/flexfurn.com\/product\/universele-transportkar-stapelstoelen\/","name":"Chaises empilables universelles pour chariot de transport - Flexfurn","isPartOf":{"@id":"https:\/\/flexfurn.com\/#website"},"primaryImageOfPage":{"@id":"https:\/\/flexfurn.com\/product\/universele-transportkar-stapelstoelen\/#primaryimage"},"image":{"@id":"https:\/\/flexfurn.com\/product\/universele-transportkar-stapelstoelen\/#primaryimage"},"thumbnailUrl":"https:\/\/flexfurn.com\/wp-content\/uploads\/2024\/08\/KSUN10.STHA_Rev-A-scaled.jpg","datePublished":"2024-08-01T07:32:53+00:00","dateModified":"2025-06-27T08:24:03+00:00","breadcrumb":{"@id":"https:\/\/flexfurn.com\/product\/universele-transportkar-stapelstoelen\/#breadcrumb"},"inLanguage":"fr-BE","potentialAction":[{"@type":"ReadAction","target":["https:\/\/flexfurn.com\/product\/universele-transportkar-stapelstoelen\/"]}]},{"@type":"ImageObject","inLanguage":"fr-BE","@id":"https:\/\/flexfurn.com\/product\/universele-transportkar-stapelstoelen\/#primaryimage","url":"https:\/\/flexfurn.com\/wp-content\/uploads\/2024\/08\/KSUN10.STHA_Rev-A-scaled.jpg","contentUrl":"https:\/\/flexfurn.com\/wp-content\/uploads\/2024\/08\/KSUN10.STHA_Rev-A-scaled.jpg","width":1978,"height":2560},{"@type":"BreadcrumbList","@id":"https:\/\/flexfurn.com\/product\/universele-transportkar-stapelstoelen\/#breadcrumb","itemListElement":[{"@type":"ListItem","position":1,"name":"Home","item":"https:\/\/flexfurn.com\/"},{"@type":"ListItem","position":2,"name":"Winkel","item":"https:\/\/flexfurn.com\/winkel\/"},{"@type":"ListItem","position":3,"name":"Universele transportkar stapelstoelen"}]},{"@type":"WebSite","@id":"https:\/\/flexfurn.com\/#website","url":"https:\/\/flexfurn.com\/","name":"Flexfurn","description":"","publisher":{"@id":"https:\/\/flexfurn.com\/#organization"},"potentialAction":[{"@type":"SearchAction","target":{"@type":"EntryPoint","urlTemplate":"https:\/\/flexfurn.com\/?s={search_term_string}"},"query-input":{"@type":"PropertyValueSpecification","valueRequired":true,"valueName":"search_term_string"}}],"inLanguage":"fr-BE"},{"@type":"Organization","@id":"https:\/\/flexfurn.com\/#organization","name":"Flexfurn","url":"https:\/\/flexfurn.com\/","logo":{"@type":"ImageObject","inLanguage":"fr-BE","@id":"https:\/\/flexfurn.com\/#\/schema\/logo\/image\/","url":"https:\/\/flexfurn.com\/wp-content\/uploads\/2023\/08\/LogoBlack.svg","contentUrl":"https:\/\/flexfurn.com\/wp-content\/uploads\/2023\/08\/LogoBlack.svg","width":210,"height":60,"caption":"Flexfurn"},"image":{"@id":"https:\/\/flexfurn.com\/#\/schema\/logo\/image\/"}}]}},"_links":{"self":[{"href":"https:\/\/flexfurn.com\/fr\/wp-json\/wp\/v2\/product\/5455","targetHints":{"allow":["GET"]}}],"collection":[{"href":"https:\/\/flexfurn.com\/fr\/wp-json\/wp\/v2\/product"}],"about":[{"href":"https:\/\/flexfurn.com\/fr\/wp-json\/wp\/v2\/types\/product"}],"wp:featuredmedia":[{"embeddable":true,"href":"https:\/\/flexfurn.com\/fr\/wp-json\/wp\/v2\/media\/5458"}],"wp:attachment":[{"href":"https:\/\/flexfurn.com\/fr\/wp-json\/wp\/v2\/media?parent=5455"}],"wp:term":[{"taxonomy":"product_brand","embeddable":true,"href":"https:\/\/flexfurn.com\/fr\/wp-json\/wp\/v2\/product_brand?post=5455"},{"taxonomy":"product_cat","embeddable":true,"href":"https:\/\/flexfurn.com\/fr\/wp-json\/wp\/v2\/product_cat?post=5455"},{"taxonomy":"product_tag","embeddable":true,"href":"https:\/\/flexfurn.com\/fr\/wp-json\/wp\/v2\/product_tag?post=5455"}],"curies":[{"name":"wp","href":"https:\/\/api.w.org\/{rel}","templated":true}]}}