{"id":6186,"date":"2025-01-01T06:00:13","date_gmt":"2025-01-01T05:00:13","guid":{"rendered":"https:\/\/flexfurn.com\/?post_type=product&#038;p=6186"},"modified":"2025-07-10T14:30:03","modified_gmt":"2025-07-10T12:30:03","slug":"table-a-manger-alice-xxl","status":"publish","type":"product","link":"https:\/\/flexfurn.com\/fr\/produit\/table-a-manger-alice-xxl\/","title":{"rendered":"Table \u00e0 manger Alice XXL"},"content":{"rendered":"<p>La COLLECTION DE TABLES ALICE s&#039;appuie sur l&#039;\u00e9l\u00e9gance du tabouret de bar Alice et propose une gamme polyvalente de tables qui s&#039;int\u00e8grent parfaitement \u00e0 tous les d\u00e9cors. Disponible en trois hauteurs\u00a0: 110\u00a0cm pour un bar, 74\u00a0cm pour une salle \u00e0 manger et une version extra-large de 74\u00a0cm pour des repas plus conviviaux, ainsi qu&#039;une table de salon de 45\u00a0cm, cette collection r\u00e9pond avec \u00e9l\u00e9gance \u00e0 une vari\u00e9t\u00e9 de besoins. Les structures sont disponibles en chrome noir chic ou en chrome or rose raffin\u00e9, cr\u00e9ant une finition luxueuse et contemporaine pour tous les int\u00e9rieurs.<\/p>","protected":false},"excerpt":{"rendered":"<p>Cadre empilable<br \/>\nCh\u00e2ssis en acier<br \/>\nDisponible en chrome noir ou chrome or rose<br \/>\nSyst\u00e8me de vis pratique (cfr. Linea)<br \/>\nChangez facilement la d\u00e9coration du plateau de table<br \/>\nUtilisation int\u00e9rieure<\/p>\n<p>Dimensions:<br \/>\ncm diam.150\/180 x 74 (\u00d8xH)<\/p>","protected":false},"featured_media":6191,"template":"","meta":[],"product_brand":[],"product_cat":[123,69],"product_tag":[],"class_list":{"0":"post-6186","1":"product","2":"type-product","3":"status-publish","4":"has-post-thumbnail","6":"product_cat-alice","7":"product_cat-eettafel","9":"first","10":"outofstock","11":"taxable","12":"shipping-taxable","13":"purchasable","14":"product-type-variable"},"yoast_head":"<!-- This site is optimized with the Yoast SEO plugin v26.6 - https:\/\/yoast.com\/wordpress\/plugins\/seo\/ -->\n<title>Alice eettafel XXL - Flexfurn<\/title>\n<meta name=\"robots\" content=\"index, follow, max-snippet:-1, max-image-preview:large, max-video-preview:-1\" \/>\n<link rel=\"canonical\" href=\"https:\/\/flexfurn.com\/fr\/produit\/table-a-manger-alice-xxl\/\" \/>\n<meta property=\"og:locale\" content=\"fr_FR\" \/>\n<meta property=\"og:type\" content=\"article\" \/>\n<meta property=\"og:title\" content=\"Alice eettafel XXL - Flexfurn\" \/>\n<meta property=\"og:description\" content=\"Stapelbaar frame Stalen frame Beschikbaar in chrome zwart of chrome ros\u00e9 goud Handig schroefsysteem (cfr. Linea) Gemakkelijk wisselen van tafelblad decor Binnengebruik  Dimensies: cm diam.150\/180 x 74 (\u00d8xH)\" \/>\n<meta property=\"og:url\" content=\"https:\/\/flexfurn.com\/fr\/produit\/table-a-manger-alice-xxl\/\" \/>\n<meta property=\"og:site_name\" content=\"Flexfurn\" \/>\n<meta property=\"article:modified_time\" content=\"2025-07-10T12:30:03+00:00\" \/>\n<meta property=\"og:image\" content=\"https:\/\/flexfurn.com\/wp-content\/uploads\/2024\/12\/ALICE-DINNER-XXL_BLACK_D180_LHC12.DARK-MARBLE_Low-view.jpg\" \/>\n\t<meta property=\"og:image:width\" content=\"2400\" \/>\n\t<meta property=\"og:image:height\" content=\"2400\" \/>\n\t<meta property=\"og:image:type\" content=\"image\/jpeg\" \/>\n<meta name=\"twitter:card\" content=\"summary_large_image\" \/>\n<meta name=\"twitter:label1\" content=\"Dur\u00e9e de lecture est.\" \/>\n\t<meta name=\"twitter:data1\" content=\"1 minute\" \/>\n<script type=\"application\/ld+json\" class=\"yoast-schema-graph\">{\"@context\":\"https:\/\/schema.org\",\"@graph\":[{\"@type\":\"WebPage\",\"@id\":\"https:\/\/flexfurn.com\/product\/alice-eettafel-xxl\/\",\"url\":\"https:\/\/flexfurn.com\/product\/alice-eettafel-xxl\/\",\"name\":\"Alice eettafel XXL - Flexfurn\",\"isPartOf\":{\"@id\":\"https:\/\/flexfurn.com\/#website\"},\"primaryImageOfPage\":{\"@id\":\"https:\/\/flexfurn.com\/product\/alice-eettafel-xxl\/#primaryimage\"},\"image\":{\"@id\":\"https:\/\/flexfurn.com\/product\/alice-eettafel-xxl\/#primaryimage\"},\"thumbnailUrl\":\"https:\/\/flexfurn.com\/wp-content\/uploads\/2024\/12\/ALICE-DINNER-XXL_BLACK_D180_LHC12.DARK-MARBLE_Low-view.jpg\",\"datePublished\":\"2025-01-01T05:00:13+00:00\",\"dateModified\":\"2025-07-10T12:30:03+00:00\",\"breadcrumb\":{\"@id\":\"https:\/\/flexfurn.com\/product\/alice-eettafel-xxl\/#breadcrumb\"},\"inLanguage\":\"fr-BE\",\"potentialAction\":[{\"@type\":\"ReadAction\",\"target\":[\"https:\/\/flexfurn.com\/product\/alice-eettafel-xxl\/\"]}]},{\"@type\":\"ImageObject\",\"inLanguage\":\"fr-BE\",\"@id\":\"https:\/\/flexfurn.com\/product\/alice-eettafel-xxl\/#primaryimage\",\"url\":\"https:\/\/flexfurn.com\/wp-content\/uploads\/2024\/12\/ALICE-DINNER-XXL_BLACK_D180_LHC12.DARK-MARBLE_Low-view.jpg\",\"contentUrl\":\"https:\/\/flexfurn.com\/wp-content\/uploads\/2024\/12\/ALICE-DINNER-XXL_BLACK_D180_LHC12.DARK-MARBLE_Low-view.jpg\",\"width\":2400,\"height\":2400},{\"@type\":\"BreadcrumbList\",\"@id\":\"https:\/\/flexfurn.com\/product\/alice-eettafel-xxl\/#breadcrumb\",\"itemListElement\":[{\"@type\":\"ListItem\",\"position\":1,\"name\":\"Home\",\"item\":\"https:\/\/flexfurn.com\/\"},{\"@type\":\"ListItem\",\"position\":2,\"name\":\"Winkel\",\"item\":\"https:\/\/flexfurn.com\/winkel\/\"},{\"@type\":\"ListItem\",\"position\":3,\"name\":\"Alice eettafel XXL\"}]},{\"@type\":\"WebSite\",\"@id\":\"https:\/\/flexfurn.com\/#website\",\"url\":\"https:\/\/flexfurn.com\/\",\"name\":\"Flexfurn\",\"description\":\"\",\"publisher\":{\"@id\":\"https:\/\/flexfurn.com\/#organization\"},\"potentialAction\":[{\"@type\":\"SearchAction\",\"target\":{\"@type\":\"EntryPoint\",\"urlTemplate\":\"https:\/\/flexfurn.com\/?s={search_term_string}\"},\"query-input\":{\"@type\":\"PropertyValueSpecification\",\"valueRequired\":true,\"valueName\":\"search_term_string\"}}],\"inLanguage\":\"fr-BE\"},{\"@type\":\"Organization\",\"@id\":\"https:\/\/flexfurn.com\/#organization\",\"name\":\"Flexfurn\",\"url\":\"https:\/\/flexfurn.com\/\",\"logo\":{\"@type\":\"ImageObject\",\"inLanguage\":\"fr-BE\",\"@id\":\"https:\/\/flexfurn.com\/#\/schema\/logo\/image\/\",\"url\":\"https:\/\/flexfurn.com\/wp-content\/uploads\/2023\/08\/LogoBlack.svg\",\"contentUrl\":\"https:\/\/flexfurn.com\/wp-content\/uploads\/2023\/08\/LogoBlack.svg\",\"width\":210,\"height\":60,\"caption\":\"Flexfurn\"},\"image\":{\"@id\":\"https:\/\/flexfurn.com\/#\/schema\/logo\/image\/\"}}]}<\/script>\n<!-- \/ Yoast SEO plugin. -->","yoast_head_json":{"title":"Table \u00e0 manger Alice XXL - Flexfurn","robots":{"index":"index","follow":"follow","max-snippet":"max-snippet:-1","max-image-preview":"max-image-preview:large","max-video-preview":"max-video-preview:-1"},"canonical":"https:\/\/flexfurn.com\/fr\/produit\/table-a-manger-alice-xxl\/","og_locale":"fr_FR","og_type":"article","og_title":"Alice eettafel XXL - Flexfurn","og_description":"Stapelbaar frame Stalen frame Beschikbaar in chrome zwart of chrome ros\u00e9 goud Handig schroefsysteem (cfr. Linea) Gemakkelijk wisselen van tafelblad decor Binnengebruik  Dimensies: cm diam.150\/180 x 74 (\u00d8xH)","og_url":"https:\/\/flexfurn.com\/fr\/produit\/table-a-manger-alice-xxl\/","og_site_name":"Flexfurn","article_modified_time":"2025-07-10T12:30:03+00:00","og_image":[{"width":2400,"height":2400,"url":"https:\/\/flexfurn.com\/wp-content\/uploads\/2024\/12\/ALICE-DINNER-XXL_BLACK_D180_LHC12.DARK-MARBLE_Low-view.jpg","type":"image\/jpeg"}],"twitter_card":"summary_large_image","twitter_misc":{"Dur\u00e9e de lecture est.":"1 minute"},"schema":{"@context":"https:\/\/schema.org","@graph":[{"@type":"WebPage","@id":"https:\/\/flexfurn.com\/product\/alice-eettafel-xxl\/","url":"https:\/\/flexfurn.com\/product\/alice-eettafel-xxl\/","name":"Table \u00e0 manger Alice XXL - Flexfurn","isPartOf":{"@id":"https:\/\/flexfurn.com\/#website"},"primaryImageOfPage":{"@id":"https:\/\/flexfurn.com\/product\/alice-eettafel-xxl\/#primaryimage"},"image":{"@id":"https:\/\/flexfurn.com\/product\/alice-eettafel-xxl\/#primaryimage"},"thumbnailUrl":"https:\/\/flexfurn.com\/wp-content\/uploads\/2024\/12\/ALICE-DINNER-XXL_BLACK_D180_LHC12.DARK-MARBLE_Low-view.jpg","datePublished":"2025-01-01T05:00:13+00:00","dateModified":"2025-07-10T12:30:03+00:00","breadcrumb":{"@id":"https:\/\/flexfurn.com\/product\/alice-eettafel-xxl\/#breadcrumb"},"inLanguage":"fr-BE","potentialAction":[{"@type":"ReadAction","target":["https:\/\/flexfurn.com\/product\/alice-eettafel-xxl\/"]}]},{"@type":"ImageObject","inLanguage":"fr-BE","@id":"https:\/\/flexfurn.com\/product\/alice-eettafel-xxl\/#primaryimage","url":"https:\/\/flexfurn.com\/wp-content\/uploads\/2024\/12\/ALICE-DINNER-XXL_BLACK_D180_LHC12.DARK-MARBLE_Low-view.jpg","contentUrl":"https:\/\/flexfurn.com\/wp-content\/uploads\/2024\/12\/ALICE-DINNER-XXL_BLACK_D180_LHC12.DARK-MARBLE_Low-view.jpg","width":2400,"height":2400},{"@type":"BreadcrumbList","@id":"https:\/\/flexfurn.com\/product\/alice-eettafel-xxl\/#breadcrumb","itemListElement":[{"@type":"ListItem","position":1,"name":"Home","item":"https:\/\/flexfurn.com\/"},{"@type":"ListItem","position":2,"name":"Winkel","item":"https:\/\/flexfurn.com\/winkel\/"},{"@type":"ListItem","position":3,"name":"Alice eettafel XXL"}]},{"@type":"WebSite","@id":"https:\/\/flexfurn.com\/#website","url":"https:\/\/flexfurn.com\/","name":"Flexfurn","description":"","publisher":{"@id":"https:\/\/flexfurn.com\/#organization"},"potentialAction":[{"@type":"SearchAction","target":{"@type":"EntryPoint","urlTemplate":"https:\/\/flexfurn.com\/?s={search_term_string}"},"query-input":{"@type":"PropertyValueSpecification","valueRequired":true,"valueName":"search_term_string"}}],"inLanguage":"fr-BE"},{"@type":"Organization","@id":"https:\/\/flexfurn.com\/#organization","name":"Flexfurn","url":"https:\/\/flexfurn.com\/","logo":{"@type":"ImageObject","inLanguage":"fr-BE","@id":"https:\/\/flexfurn.com\/#\/schema\/logo\/image\/","url":"https:\/\/flexfurn.com\/wp-content\/uploads\/2023\/08\/LogoBlack.svg","contentUrl":"https:\/\/flexfurn.com\/wp-content\/uploads\/2023\/08\/LogoBlack.svg","width":210,"height":60,"caption":"Flexfurn"},"image":{"@id":"https:\/\/flexfurn.com\/#\/schema\/logo\/image\/"}}]}},"_links":{"self":[{"href":"https:\/\/flexfurn.com\/fr\/wp-json\/wp\/v2\/product\/6186","targetHints":{"allow":["GET"]}}],"collection":[{"href":"https:\/\/flexfurn.com\/fr\/wp-json\/wp\/v2\/product"}],"about":[{"href":"https:\/\/flexfurn.com\/fr\/wp-json\/wp\/v2\/types\/product"}],"wp:featuredmedia":[{"embeddable":true,"href":"https:\/\/flexfurn.com\/fr\/wp-json\/wp\/v2\/media\/6191"}],"wp:attachment":[{"href":"https:\/\/flexfurn.com\/fr\/wp-json\/wp\/v2\/media?parent=6186"}],"wp:term":[{"taxonomy":"product_brand","embeddable":true,"href":"https:\/\/flexfurn.com\/fr\/wp-json\/wp\/v2\/product_brand?post=6186"},{"taxonomy":"product_cat","embeddable":true,"href":"https:\/\/flexfurn.com\/fr\/wp-json\/wp\/v2\/product_cat?post=6186"},{"taxonomy":"product_tag","embeddable":true,"href":"https:\/\/flexfurn.com\/fr\/wp-json\/wp\/v2\/product_tag?post=6186"}],"curies":[{"name":"wp","href":"https:\/\/api.w.org\/{rel}","templated":true}]}}