{"id":6207,"date":"2025-01-01T06:01:23","date_gmt":"2025-01-01T05:01:23","guid":{"rendered":"https:\/\/flexfurn.com\/?post_type=product&#038;p=6207"},"modified":"2025-08-13T14:27:51","modified_gmt":"2025-08-13T12:27:51","slug":"tabouret-alice","status":"publish","type":"product","link":"https:\/\/flexfurn.com\/fr\/produit\/tabouret-alice\/","title":{"rendered":"Tabouret Alice"},"content":{"rendered":"<p>L&#039;ALICE STOOL est un petit tabouret mince et luxueux qui rayonne d&#039;\u00e9l\u00e9gance et de classe pures. Disponible avec une finition en chrome or rose ou chrome noir et \u00e9quip\u00e9 d&#039;une assise en velours ou en tissu teddy dont la couleur peut \u00eatre assortie \u00e0 votre int\u00e9rieur. Le tabouret se trouve-t-il dans un environnement diff\u00e9rent\u00a0? Changez facilement le si\u00e8ge pour une couleur diff\u00e9rente.<\/p>","protected":false},"excerpt":{"rendered":"<p>Cadre empilable<br \/>\nCadre en chrome noir ou chrome or rose<br \/>\nSi\u00e8ges interchangeables<br \/>\nAssise en velours ou Teddy<br \/>\nLes si\u00e8ges sont ignifuges<br \/>\nLes si\u00e8ges sont trait\u00e9s au T\u00e9flon (CRIB5)<br \/>\nUtilisation int\u00e9rieure<\/p>","protected":false},"featured_media":6208,"template":"","meta":[],"product_brand":[],"product_cat":[123,67],"product_tag":[],"class_list":{"0":"post-6207","1":"product","2":"type-product","3":"status-publish","4":"has-post-thumbnail","6":"product_cat-alice","7":"product_cat-lounge","9":"first","10":"instock","11":"taxable","12":"shipping-taxable","13":"purchasable","14":"product-type-variable"},"yoast_head":"<!-- This site is optimized with the Yoast SEO plugin v26.6 - https:\/\/yoast.com\/wordpress\/plugins\/seo\/ -->\n<title>Alice stool - Flexfurn<\/title>\n<meta name=\"robots\" content=\"index, follow, max-snippet:-1, max-image-preview:large, max-video-preview:-1\" \/>\n<link rel=\"canonical\" href=\"https:\/\/flexfurn.com\/fr\/produit\/tabouret-alice\/\" \/>\n<meta property=\"og:locale\" content=\"fr_FR\" \/>\n<meta property=\"og:type\" content=\"article\" \/>\n<meta property=\"og:title\" content=\"Alice stool - Flexfurn\" \/>\n<meta property=\"og:description\" content=\"Stapelbaar frame Frame in zwart chrome of roze-goud chrome Verwisselbare zittingen Fluwelen of Teddy zitting Zittingen zijn brandvertragend Zittingen zijn Teflon behandeld (CRIB5) Binnengebruik\" \/>\n<meta property=\"og:url\" content=\"https:\/\/flexfurn.com\/fr\/produit\/tabouret-alice\/\" \/>\n<meta property=\"og:site_name\" content=\"Flexfurn\" \/>\n<meta property=\"article:modified_time\" content=\"2025-08-13T12:27:51+00:00\" \/>\n<meta property=\"og:image\" content=\"https:\/\/flexfurn.com\/wp-content\/uploads\/2024\/12\/ALICE-STOOL_GOLD_VELVET.PINK_Low-view.jpg\" \/>\n\t<meta property=\"og:image:width\" content=\"2400\" \/>\n\t<meta property=\"og:image:height\" content=\"2400\" \/>\n\t<meta property=\"og:image:type\" content=\"image\/jpeg\" \/>\n<meta name=\"twitter:card\" content=\"summary_large_image\" \/>\n<meta name=\"twitter:label1\" content=\"Dur\u00e9e de lecture est.\" \/>\n\t<meta name=\"twitter:data1\" content=\"1 minute\" \/>\n<script type=\"application\/ld+json\" class=\"yoast-schema-graph\">{\"@context\":\"https:\/\/schema.org\",\"@graph\":[{\"@type\":\"WebPage\",\"@id\":\"https:\/\/flexfurn.com\/product\/alice-stool\/\",\"url\":\"https:\/\/flexfurn.com\/product\/alice-stool\/\",\"name\":\"Alice stool - Flexfurn\",\"isPartOf\":{\"@id\":\"https:\/\/flexfurn.com\/#website\"},\"primaryImageOfPage\":{\"@id\":\"https:\/\/flexfurn.com\/product\/alice-stool\/#primaryimage\"},\"image\":{\"@id\":\"https:\/\/flexfurn.com\/product\/alice-stool\/#primaryimage\"},\"thumbnailUrl\":\"https:\/\/flexfurn.com\/wp-content\/uploads\/2024\/12\/ALICE-STOOL_GOLD_VELVET.PINK_Low-view.jpg\",\"datePublished\":\"2025-01-01T05:01:23+00:00\",\"dateModified\":\"2025-08-13T12:27:51+00:00\",\"breadcrumb\":{\"@id\":\"https:\/\/flexfurn.com\/product\/alice-stool\/#breadcrumb\"},\"inLanguage\":\"fr-BE\",\"potentialAction\":[{\"@type\":\"ReadAction\",\"target\":[\"https:\/\/flexfurn.com\/product\/alice-stool\/\"]}]},{\"@type\":\"ImageObject\",\"inLanguage\":\"fr-BE\",\"@id\":\"https:\/\/flexfurn.com\/product\/alice-stool\/#primaryimage\",\"url\":\"https:\/\/flexfurn.com\/wp-content\/uploads\/2024\/12\/ALICE-STOOL_GOLD_VELVET.PINK_Low-view.jpg\",\"contentUrl\":\"https:\/\/flexfurn.com\/wp-content\/uploads\/2024\/12\/ALICE-STOOL_GOLD_VELVET.PINK_Low-view.jpg\",\"width\":2400,\"height\":2400},{\"@type\":\"BreadcrumbList\",\"@id\":\"https:\/\/flexfurn.com\/product\/alice-stool\/#breadcrumb\",\"itemListElement\":[{\"@type\":\"ListItem\",\"position\":1,\"name\":\"Home\",\"item\":\"https:\/\/flexfurn.com\/\"},{\"@type\":\"ListItem\",\"position\":2,\"name\":\"Winkel\",\"item\":\"https:\/\/flexfurn.com\/winkel\/\"},{\"@type\":\"ListItem\",\"position\":3,\"name\":\"Alice stool\"}]},{\"@type\":\"WebSite\",\"@id\":\"https:\/\/flexfurn.com\/#website\",\"url\":\"https:\/\/flexfurn.com\/\",\"name\":\"Flexfurn\",\"description\":\"\",\"publisher\":{\"@id\":\"https:\/\/flexfurn.com\/#organization\"},\"potentialAction\":[{\"@type\":\"SearchAction\",\"target\":{\"@type\":\"EntryPoint\",\"urlTemplate\":\"https:\/\/flexfurn.com\/?s={search_term_string}\"},\"query-input\":{\"@type\":\"PropertyValueSpecification\",\"valueRequired\":true,\"valueName\":\"search_term_string\"}}],\"inLanguage\":\"fr-BE\"},{\"@type\":\"Organization\",\"@id\":\"https:\/\/flexfurn.com\/#organization\",\"name\":\"Flexfurn\",\"url\":\"https:\/\/flexfurn.com\/\",\"logo\":{\"@type\":\"ImageObject\",\"inLanguage\":\"fr-BE\",\"@id\":\"https:\/\/flexfurn.com\/#\/schema\/logo\/image\/\",\"url\":\"https:\/\/flexfurn.com\/wp-content\/uploads\/2023\/08\/LogoBlack.svg\",\"contentUrl\":\"https:\/\/flexfurn.com\/wp-content\/uploads\/2023\/08\/LogoBlack.svg\",\"width\":210,\"height\":60,\"caption\":\"Flexfurn\"},\"image\":{\"@id\":\"https:\/\/flexfurn.com\/#\/schema\/logo\/image\/\"}}]}<\/script>\n<!-- \/ Yoast SEO plugin. -->","yoast_head_json":{"title":"Tabouret Alice - Flexfurn","robots":{"index":"index","follow":"follow","max-snippet":"max-snippet:-1","max-image-preview":"max-image-preview:large","max-video-preview":"max-video-preview:-1"},"canonical":"https:\/\/flexfurn.com\/fr\/produit\/tabouret-alice\/","og_locale":"fr_FR","og_type":"article","og_title":"Alice stool - Flexfurn","og_description":"Stapelbaar frame Frame in zwart chrome of roze-goud chrome Verwisselbare zittingen Fluwelen of Teddy zitting Zittingen zijn brandvertragend Zittingen zijn Teflon behandeld (CRIB5) Binnengebruik","og_url":"https:\/\/flexfurn.com\/fr\/produit\/tabouret-alice\/","og_site_name":"Flexfurn","article_modified_time":"2025-08-13T12:27:51+00:00","og_image":[{"width":2400,"height":2400,"url":"https:\/\/flexfurn.com\/wp-content\/uploads\/2024\/12\/ALICE-STOOL_GOLD_VELVET.PINK_Low-view.jpg","type":"image\/jpeg"}],"twitter_card":"summary_large_image","twitter_misc":{"Dur\u00e9e de lecture est.":"1 minute"},"schema":{"@context":"https:\/\/schema.org","@graph":[{"@type":"WebPage","@id":"https:\/\/flexfurn.com\/product\/alice-stool\/","url":"https:\/\/flexfurn.com\/product\/alice-stool\/","name":"Tabouret Alice - Flexfurn","isPartOf":{"@id":"https:\/\/flexfurn.com\/#website"},"primaryImageOfPage":{"@id":"https:\/\/flexfurn.com\/product\/alice-stool\/#primaryimage"},"image":{"@id":"https:\/\/flexfurn.com\/product\/alice-stool\/#primaryimage"},"thumbnailUrl":"https:\/\/flexfurn.com\/wp-content\/uploads\/2024\/12\/ALICE-STOOL_GOLD_VELVET.PINK_Low-view.jpg","datePublished":"2025-01-01T05:01:23+00:00","dateModified":"2025-08-13T12:27:51+00:00","breadcrumb":{"@id":"https:\/\/flexfurn.com\/product\/alice-stool\/#breadcrumb"},"inLanguage":"fr-BE","potentialAction":[{"@type":"ReadAction","target":["https:\/\/flexfurn.com\/product\/alice-stool\/"]}]},{"@type":"ImageObject","inLanguage":"fr-BE","@id":"https:\/\/flexfurn.com\/product\/alice-stool\/#primaryimage","url":"https:\/\/flexfurn.com\/wp-content\/uploads\/2024\/12\/ALICE-STOOL_GOLD_VELVET.PINK_Low-view.jpg","contentUrl":"https:\/\/flexfurn.com\/wp-content\/uploads\/2024\/12\/ALICE-STOOL_GOLD_VELVET.PINK_Low-view.jpg","width":2400,"height":2400},{"@type":"BreadcrumbList","@id":"https:\/\/flexfurn.com\/product\/alice-stool\/#breadcrumb","itemListElement":[{"@type":"ListItem","position":1,"name":"Home","item":"https:\/\/flexfurn.com\/"},{"@type":"ListItem","position":2,"name":"Winkel","item":"https:\/\/flexfurn.com\/winkel\/"},{"@type":"ListItem","position":3,"name":"Alice stool"}]},{"@type":"WebSite","@id":"https:\/\/flexfurn.com\/#website","url":"https:\/\/flexfurn.com\/","name":"Flexfurn","description":"","publisher":{"@id":"https:\/\/flexfurn.com\/#organization"},"potentialAction":[{"@type":"SearchAction","target":{"@type":"EntryPoint","urlTemplate":"https:\/\/flexfurn.com\/?s={search_term_string}"},"query-input":{"@type":"PropertyValueSpecification","valueRequired":true,"valueName":"search_term_string"}}],"inLanguage":"fr-BE"},{"@type":"Organization","@id":"https:\/\/flexfurn.com\/#organization","name":"Flexfurn","url":"https:\/\/flexfurn.com\/","logo":{"@type":"ImageObject","inLanguage":"fr-BE","@id":"https:\/\/flexfurn.com\/#\/schema\/logo\/image\/","url":"https:\/\/flexfurn.com\/wp-content\/uploads\/2023\/08\/LogoBlack.svg","contentUrl":"https:\/\/flexfurn.com\/wp-content\/uploads\/2023\/08\/LogoBlack.svg","width":210,"height":60,"caption":"Flexfurn"},"image":{"@id":"https:\/\/flexfurn.com\/#\/schema\/logo\/image\/"}}]}},"_links":{"self":[{"href":"https:\/\/flexfurn.com\/fr\/wp-json\/wp\/v2\/product\/6207","targetHints":{"allow":["GET"]}}],"collection":[{"href":"https:\/\/flexfurn.com\/fr\/wp-json\/wp\/v2\/product"}],"about":[{"href":"https:\/\/flexfurn.com\/fr\/wp-json\/wp\/v2\/types\/product"}],"wp:featuredmedia":[{"embeddable":true,"href":"https:\/\/flexfurn.com\/fr\/wp-json\/wp\/v2\/media\/6208"}],"wp:attachment":[{"href":"https:\/\/flexfurn.com\/fr\/wp-json\/wp\/v2\/media?parent=6207"}],"wp:term":[{"taxonomy":"product_brand","embeddable":true,"href":"https:\/\/flexfurn.com\/fr\/wp-json\/wp\/v2\/product_brand?post=6207"},{"taxonomy":"product_cat","embeddable":true,"href":"https:\/\/flexfurn.com\/fr\/wp-json\/wp\/v2\/product_cat?post=6207"},{"taxonomy":"product_tag","embeddable":true,"href":"https:\/\/flexfurn.com\/fr\/wp-json\/wp\/v2\/product_tag?post=6207"}],"curies":[{"name":"wp","href":"https:\/\/api.w.org\/{rel}","templated":true}]}}