{"id":6439,"date":"2025-01-01T06:00:05","date_gmt":"2025-01-01T05:00:05","guid":{"rendered":"https:\/\/flexfurn.com\/?post_type=product&#038;p=6439"},"modified":"2025-06-11T12:28:46","modified_gmt":"2025-06-11T10:28:46","slug":"salon-rimini","status":"publish","type":"product","link":"https:\/\/flexfurn.com\/fr\/produit\/salon-rimini\/","title":{"rendered":"Salon Rimini"},"content":{"rendered":"<p>La collection RIMINI LOUNGE incarne la symbiose parfaite entre confort, style et polyvalence, transformant n&#039;importe quel espace en une oasis de tranquillit\u00e9 et d&#039;\u00e9l\u00e9gance. Avec son design contemporain, le Rimini Lounge d\u00e9gage une \u00e9l\u00e9gance intemporelle qui s&#039;int\u00e8gre parfaitement dans diff\u00e9rents int\u00e9rieurs. Que vous souhaitiez cr\u00e9er un salon chic dans le hall d&#039;un h\u00f4tel, une atmosph\u00e8re relaxante dans un espace ext\u00e9rieur ou un espace de r\u00e9ception \u00e9l\u00e9gant dans un environnement d&#039;affaires, le Rimini Lounge s&#039;adaptera sans effort \u00e0 votre vision.<\/p>","protected":false},"excerpt":{"rendered":"<p>Utilisation int\u00e9rieure et ext\u00e9rieure<br \/>\nR\u00e9sistant aux UV et \u00e0 l&#039;eau<\/p>\n<p>1 place (avec accoudoir) \u2013 Incl. 1x cadre de base, 1x coussin d&#039;assise, 1x coussin de dossier, 1x dossier et 2x accoudoirs<br \/>\n1 place (sans accoudoir) \u2013 Incl. 1x coussin de si\u00e8ge, 1x coussin de dossier et 1x support de dossier<br \/>\n2 places (avec accoudoir) \u2013 Incl. 2x cadre de base, 2x coussin d&#039;assise, 2x coussin de dossier, 2x support de dossier, 2x accoudoir et 2x connecteur<br \/>\nTable de salon \u2013 Incl. 1x cadre de base et 1x plaque de verre<\/p>\n<p>Envie de cr\u00e9er votre propre ambiance lounge ? Contactez notre <a href=\"https:\/\/flexfurn.com\/fr\/contact\/\">service de vente<\/a>!<\/p>","protected":false},"featured_media":6455,"template":"","meta":[],"product_brand":[],"product_cat":[67,91,125],"product_tag":[],"class_list":{"0":"post-6439","1":"product","2":"type-product","3":"status-publish","4":"has-post-thumbnail","6":"product_cat-lounge","7":"product_cat-outdoor","8":"product_cat-rimini","10":"first","11":"outofstock","12":"taxable","13":"shipping-taxable","14":"purchasable","15":"product-type-variable"},"yoast_head":"<!-- This site is optimized with the Yoast SEO plugin v26.6 - https:\/\/yoast.com\/wordpress\/plugins\/seo\/ -->\n<title>Rimini Lounge - Flexfurn<\/title>\n<meta name=\"robots\" content=\"index, follow, max-snippet:-1, max-image-preview:large, max-video-preview:-1\" \/>\n<link rel=\"canonical\" href=\"https:\/\/flexfurn.com\/fr\/produit\/salon-rimini\/\" \/>\n<meta property=\"og:locale\" content=\"fr_FR\" \/>\n<meta property=\"og:type\" content=\"article\" \/>\n<meta property=\"og:title\" content=\"Rimini Lounge - Flexfurn\" \/>\n<meta property=\"og:description\" content=\"Binnen- en buitengebruik UV- en waterbestendig  1-zit (met armleuning) - Incl. 1x basis frame, 1x zitkussen, 1x rugkussen, 1x rugsteun en 2x armleuning 1-zit (zonder armleuning) - Incl. 1x zitkussen, 1x rugkussen en 1x rugsteun 2-zit (met armleuning) - Incl. 2x basis frame, 2x zitkussen, 2x rugkussen, 2x rugsteun, 2x armleuning en 2x connector Tafel lounge - Incl. 1x basis frame en 1x glasplaat  Je eigen lounge setting cre\u00ebren? Neem contact op met onze verkoopsdienst!\" \/>\n<meta property=\"og:url\" content=\"https:\/\/flexfurn.com\/fr\/produit\/salon-rimini\/\" \/>\n<meta property=\"og:site_name\" content=\"Flexfurn\" \/>\n<meta property=\"article:modified_time\" content=\"2025-06-11T10:28:46+00:00\" \/>\n<meta property=\"og:image\" content=\"https:\/\/flexfurn.com\/wp-content\/uploads\/2024\/12\/ededbf7fd8e24d29a99c711b16da7cea0c25832ff79d4341a7cee251fbeebe305ea63b67814a4dc98561dada21234a6d.jpg\" \/>\n\t<meta property=\"og:image:width\" content=\"2000\" \/>\n\t<meta property=\"og:image:height\" content=\"2000\" \/>\n\t<meta property=\"og:image:type\" content=\"image\/jpeg\" \/>\n<meta name=\"twitter:card\" content=\"summary_large_image\" \/>\n<meta name=\"twitter:label1\" content=\"Dur\u00e9e de lecture est.\" \/>\n\t<meta name=\"twitter:data1\" content=\"1 minute\" \/>\n<script type=\"application\/ld+json\" class=\"yoast-schema-graph\">{\"@context\":\"https:\/\/schema.org\",\"@graph\":[{\"@type\":\"WebPage\",\"@id\":\"https:\/\/flexfurn.com\/product\/rimini-lounge\/\",\"url\":\"https:\/\/flexfurn.com\/product\/rimini-lounge\/\",\"name\":\"Rimini Lounge - Flexfurn\",\"isPartOf\":{\"@id\":\"https:\/\/flexfurn.com\/#website\"},\"primaryImageOfPage\":{\"@id\":\"https:\/\/flexfurn.com\/product\/rimini-lounge\/#primaryimage\"},\"image\":{\"@id\":\"https:\/\/flexfurn.com\/product\/rimini-lounge\/#primaryimage\"},\"thumbnailUrl\":\"https:\/\/flexfurn.com\/wp-content\/uploads\/2024\/12\/ededbf7fd8e24d29a99c711b16da7cea0c25832ff79d4341a7cee251fbeebe305ea63b67814a4dc98561dada21234a6d.jpg\",\"datePublished\":\"2025-01-01T05:00:05+00:00\",\"dateModified\":\"2025-06-11T10:28:46+00:00\",\"breadcrumb\":{\"@id\":\"https:\/\/flexfurn.com\/product\/rimini-lounge\/#breadcrumb\"},\"inLanguage\":\"fr-BE\",\"potentialAction\":[{\"@type\":\"ReadAction\",\"target\":[\"https:\/\/flexfurn.com\/product\/rimini-lounge\/\"]}]},{\"@type\":\"ImageObject\",\"inLanguage\":\"fr-BE\",\"@id\":\"https:\/\/flexfurn.com\/product\/rimini-lounge\/#primaryimage\",\"url\":\"https:\/\/flexfurn.com\/wp-content\/uploads\/2024\/12\/ededbf7fd8e24d29a99c711b16da7cea0c25832ff79d4341a7cee251fbeebe305ea63b67814a4dc98561dada21234a6d.jpg\",\"contentUrl\":\"https:\/\/flexfurn.com\/wp-content\/uploads\/2024\/12\/ededbf7fd8e24d29a99c711b16da7cea0c25832ff79d4341a7cee251fbeebe305ea63b67814a4dc98561dada21234a6d.jpg\",\"width\":2000,\"height\":2000,\"caption\":\"Rimini lounge - White\"},{\"@type\":\"BreadcrumbList\",\"@id\":\"https:\/\/flexfurn.com\/product\/rimini-lounge\/#breadcrumb\",\"itemListElement\":[{\"@type\":\"ListItem\",\"position\":1,\"name\":\"Home\",\"item\":\"https:\/\/flexfurn.com\/\"},{\"@type\":\"ListItem\",\"position\":2,\"name\":\"Winkel\",\"item\":\"https:\/\/flexfurn.com\/winkel\/\"},{\"@type\":\"ListItem\",\"position\":3,\"name\":\"Rimini Lounge\"}]},{\"@type\":\"WebSite\",\"@id\":\"https:\/\/flexfurn.com\/#website\",\"url\":\"https:\/\/flexfurn.com\/\",\"name\":\"Flexfurn\",\"description\":\"\",\"publisher\":{\"@id\":\"https:\/\/flexfurn.com\/#organization\"},\"potentialAction\":[{\"@type\":\"SearchAction\",\"target\":{\"@type\":\"EntryPoint\",\"urlTemplate\":\"https:\/\/flexfurn.com\/?s={search_term_string}\"},\"query-input\":{\"@type\":\"PropertyValueSpecification\",\"valueRequired\":true,\"valueName\":\"search_term_string\"}}],\"inLanguage\":\"fr-BE\"},{\"@type\":\"Organization\",\"@id\":\"https:\/\/flexfurn.com\/#organization\",\"name\":\"Flexfurn\",\"url\":\"https:\/\/flexfurn.com\/\",\"logo\":{\"@type\":\"ImageObject\",\"inLanguage\":\"fr-BE\",\"@id\":\"https:\/\/flexfurn.com\/#\/schema\/logo\/image\/\",\"url\":\"https:\/\/flexfurn.com\/wp-content\/uploads\/2023\/08\/LogoBlack.svg\",\"contentUrl\":\"https:\/\/flexfurn.com\/wp-content\/uploads\/2023\/08\/LogoBlack.svg\",\"width\":210,\"height\":60,\"caption\":\"Flexfurn\"},\"image\":{\"@id\":\"https:\/\/flexfurn.com\/#\/schema\/logo\/image\/\"}}]}<\/script>\n<!-- \/ Yoast SEO plugin. -->","yoast_head_json":{"title":"Rimini Lounge - Flexfurn","robots":{"index":"index","follow":"follow","max-snippet":"max-snippet:-1","max-image-preview":"max-image-preview:large","max-video-preview":"max-video-preview:-1"},"canonical":"https:\/\/flexfurn.com\/fr\/produit\/salon-rimini\/","og_locale":"fr_FR","og_type":"article","og_title":"Rimini Lounge - Flexfurn","og_description":"Binnen- en buitengebruik UV- en waterbestendig  1-zit (met armleuning) - Incl. 1x basis frame, 1x zitkussen, 1x rugkussen, 1x rugsteun en 2x armleuning 1-zit (zonder armleuning) - Incl. 1x zitkussen, 1x rugkussen en 1x rugsteun 2-zit (met armleuning) - Incl. 2x basis frame, 2x zitkussen, 2x rugkussen, 2x rugsteun, 2x armleuning en 2x connector Tafel lounge - Incl. 1x basis frame en 1x glasplaat  Je eigen lounge setting cre\u00ebren? Neem contact op met onze verkoopsdienst!","og_url":"https:\/\/flexfurn.com\/fr\/produit\/salon-rimini\/","og_site_name":"Flexfurn","article_modified_time":"2025-06-11T10:28:46+00:00","og_image":[{"width":2000,"height":2000,"url":"https:\/\/flexfurn.com\/wp-content\/uploads\/2024\/12\/ededbf7fd8e24d29a99c711b16da7cea0c25832ff79d4341a7cee251fbeebe305ea63b67814a4dc98561dada21234a6d.jpg","type":"image\/jpeg"}],"twitter_card":"summary_large_image","twitter_misc":{"Dur\u00e9e de lecture est.":"1 minute"},"schema":{"@context":"https:\/\/schema.org","@graph":[{"@type":"WebPage","@id":"https:\/\/flexfurn.com\/product\/rimini-lounge\/","url":"https:\/\/flexfurn.com\/product\/rimini-lounge\/","name":"Rimini Lounge - Flexfurn","isPartOf":{"@id":"https:\/\/flexfurn.com\/#website"},"primaryImageOfPage":{"@id":"https:\/\/flexfurn.com\/product\/rimini-lounge\/#primaryimage"},"image":{"@id":"https:\/\/flexfurn.com\/product\/rimini-lounge\/#primaryimage"},"thumbnailUrl":"https:\/\/flexfurn.com\/wp-content\/uploads\/2024\/12\/ededbf7fd8e24d29a99c711b16da7cea0c25832ff79d4341a7cee251fbeebe305ea63b67814a4dc98561dada21234a6d.jpg","datePublished":"2025-01-01T05:00:05+00:00","dateModified":"2025-06-11T10:28:46+00:00","breadcrumb":{"@id":"https:\/\/flexfurn.com\/product\/rimini-lounge\/#breadcrumb"},"inLanguage":"fr-BE","potentialAction":[{"@type":"ReadAction","target":["https:\/\/flexfurn.com\/product\/rimini-lounge\/"]}]},{"@type":"ImageObject","inLanguage":"fr-BE","@id":"https:\/\/flexfurn.com\/product\/rimini-lounge\/#primaryimage","url":"https:\/\/flexfurn.com\/wp-content\/uploads\/2024\/12\/ededbf7fd8e24d29a99c711b16da7cea0c25832ff79d4341a7cee251fbeebe305ea63b67814a4dc98561dada21234a6d.jpg","contentUrl":"https:\/\/flexfurn.com\/wp-content\/uploads\/2024\/12\/ededbf7fd8e24d29a99c711b16da7cea0c25832ff79d4341a7cee251fbeebe305ea63b67814a4dc98561dada21234a6d.jpg","width":2000,"height":2000,"caption":"Rimini lounge - White"},{"@type":"BreadcrumbList","@id":"https:\/\/flexfurn.com\/product\/rimini-lounge\/#breadcrumb","itemListElement":[{"@type":"ListItem","position":1,"name":"Home","item":"https:\/\/flexfurn.com\/"},{"@type":"ListItem","position":2,"name":"Winkel","item":"https:\/\/flexfurn.com\/winkel\/"},{"@type":"ListItem","position":3,"name":"Rimini Lounge"}]},{"@type":"WebSite","@id":"https:\/\/flexfurn.com\/#website","url":"https:\/\/flexfurn.com\/","name":"Flexfurn","description":"","publisher":{"@id":"https:\/\/flexfurn.com\/#organization"},"potentialAction":[{"@type":"SearchAction","target":{"@type":"EntryPoint","urlTemplate":"https:\/\/flexfurn.com\/?s={search_term_string}"},"query-input":{"@type":"PropertyValueSpecification","valueRequired":true,"valueName":"search_term_string"}}],"inLanguage":"fr-BE"},{"@type":"Organization","@id":"https:\/\/flexfurn.com\/#organization","name":"Flexfurn","url":"https:\/\/flexfurn.com\/","logo":{"@type":"ImageObject","inLanguage":"fr-BE","@id":"https:\/\/flexfurn.com\/#\/schema\/logo\/image\/","url":"https:\/\/flexfurn.com\/wp-content\/uploads\/2023\/08\/LogoBlack.svg","contentUrl":"https:\/\/flexfurn.com\/wp-content\/uploads\/2023\/08\/LogoBlack.svg","width":210,"height":60,"caption":"Flexfurn"},"image":{"@id":"https:\/\/flexfurn.com\/#\/schema\/logo\/image\/"}}]}},"_links":{"self":[{"href":"https:\/\/flexfurn.com\/fr\/wp-json\/wp\/v2\/product\/6439","targetHints":{"allow":["GET"]}}],"collection":[{"href":"https:\/\/flexfurn.com\/fr\/wp-json\/wp\/v2\/product"}],"about":[{"href":"https:\/\/flexfurn.com\/fr\/wp-json\/wp\/v2\/types\/product"}],"wp:featuredmedia":[{"embeddable":true,"href":"https:\/\/flexfurn.com\/fr\/wp-json\/wp\/v2\/media\/6455"}],"wp:attachment":[{"href":"https:\/\/flexfurn.com\/fr\/wp-json\/wp\/v2\/media?parent=6439"}],"wp:term":[{"taxonomy":"product_brand","embeddable":true,"href":"https:\/\/flexfurn.com\/fr\/wp-json\/wp\/v2\/product_brand?post=6439"},{"taxonomy":"product_cat","embeddable":true,"href":"https:\/\/flexfurn.com\/fr\/wp-json\/wp\/v2\/product_cat?post=6439"},{"taxonomy":"product_tag","embeddable":true,"href":"https:\/\/flexfurn.com\/fr\/wp-json\/wp\/v2\/product_tag?post=6439"}],"curies":[{"name":"wp","href":"https:\/\/api.w.org\/{rel}","templated":true}]}}