{"id":7204,"date":"2025-04-16T08:30:13","date_gmt":"2025-04-16T06:30:13","guid":{"rendered":"https:\/\/flexfurn.com\/?post_type=product&#038;p=7204"},"modified":"2026-04-23T10:43:04","modified_gmt":"2026-04-23T08:43:04","slug":"chaise-pliante-europeenne-depuis-1997","status":"publish","type":"product","link":"https:\/\/flexfurn.com\/fr\/produit\/chaise-pliante-europeenne-depuis-1997\/","title":{"rendered":"Chaise pliante Europa anthracite"},"content":{"rendered":"<p>La CHAISE PLIANTE EUROPA est la chaise id\u00e9ale pour les f\u00eates et \u00e9v\u00e9nements en plein air. Il s&#039;agit d&#039;une chaise pliante classique et neutre avec une structure en acier et un dossier et une assise en polypropyl\u00e8ne r\u00e9sistant aux UV. Le si\u00e8ge est dot\u00e9 d&#039;ouvertures pour l&#039;\u00e9vacuation de l&#039;eau. Des capuchons de protection durables ont \u00e9t\u00e9 ajout\u00e9s aux pieds des chaises pour prot\u00e9ger les chaises lors d&#039;\u00e9v\u00e9nements et lors de l&#039;empilage dans un chariot.<\/p>","protected":false},"excerpt":{"rendered":"<p>Pliable<br \/>\nCadre \u00e9poxy gris<br \/>\nAssise et dossier de couleur anthracite<br \/>\nPoids l\u00e9ger<br \/>\nUtilisation int\u00e9rieure et ext\u00e9rieure<\/p>\n<p><strong>*Le PRIX NET indiqu\u00e9 est valable exclusivement dans le cadre de cette campagne et dans la limite des stocks disponibles. Valable \u00e0 partir du mercredi 16 avril 2025. Non applicable r\u00e9troactivement aux commandes pass\u00e9es ant\u00e9rieurement. Ne peut \u00eatre combin\u00e9 avec d&#039;autres promotions ou r\u00e9ductions. Flexfurn se r\u00e9serve le droit de modifier les prix, les conditions ou la disponibilit\u00e9 \u00e0 tout moment et sans pr\u00e9avis. Livraison Franco NON applicable dans le cadre de cette campagne.<\/strong><\/p>","protected":false},"featured_media":7208,"template":"","meta":[],"product_brand":[],"product_cat":[127],"product_tag":[],"class_list":{"0":"post-7204","1":"product","2":"type-product","3":"status-publish","4":"has-post-thumbnail","6":"product_cat-since-1997","8":"first","9":"instock","10":"sale","11":"taxable","12":"shipping-taxable","13":"purchasable","14":"product-type-simple"},"yoast_head":"<!-- This site is optimized with the Yoast SEO plugin v26.6 - https:\/\/yoast.com\/wordpress\/plugins\/seo\/ -->\n<title>Europa klapstoel anthraciet - Flexfurn<\/title>\n<meta name=\"robots\" content=\"index, follow, max-snippet:-1, max-image-preview:large, max-video-preview:-1\" \/>\n<link rel=\"canonical\" href=\"https:\/\/flexfurn.com\/fr\/produit\/chaise-pliante-europeenne-depuis-1997\/\" \/>\n<meta property=\"og:locale\" content=\"fr_FR\" \/>\n<meta property=\"og:type\" content=\"article\" \/>\n<meta property=\"og:title\" content=\"Europa klapstoel anthraciet - Flexfurn\" \/>\n<meta property=\"og:description\" content=\"Klapbaar Epoxy grijs frame Anthraciet kleur zitting en rugleuning Lichtgewicht Binnen- en buitengebruik  *De vermelde NETTOPRIJS is exclusief geldig binnen de context van deze campagne en zolang de voorraad strekt. Geldig vanaf woensdag 16 april 2025. Niet retroactief toepasbaar op eerder geplaatste bestellingen. Niet cumuleerbaar met andere acties, promoties of kortingen. Flexfurn behoudt zich het recht voor om prijzen, voorwaarden of beschikbaarheid op elk moment zonder voorafgaande kennisgeving te wijzigen. Franco levering NIET van toepassing binnen de context van deze campagne.\" \/>\n<meta property=\"og:url\" content=\"https:\/\/flexfurn.com\/fr\/produit\/chaise-pliante-europeenne-depuis-1997\/\" \/>\n<meta property=\"og:site_name\" content=\"Flexfurn\" \/>\n<meta property=\"article:modified_time\" content=\"2026-04-23T08:43:04+00:00\" \/>\n<meta property=\"og:image\" content=\"https:\/\/flexfurn.com\/wp-content\/uploads\/2025\/04\/f0199c7ece4f49979d138450e18894d18183235e5f3e46b18d011c99bd16055ece92a1774f3341d2a057db2d75f271f6.jpg\" \/>\n\t<meta property=\"og:image:width\" content=\"2000\" \/>\n\t<meta property=\"og:image:height\" content=\"2000\" \/>\n\t<meta property=\"og:image:type\" content=\"image\/jpeg\" \/>\n<meta name=\"twitter:card\" content=\"summary_large_image\" \/>\n<meta name=\"twitter:label1\" content=\"Dur\u00e9e de lecture est.\" \/>\n\t<meta name=\"twitter:data1\" content=\"1 minute\" \/>\n<script type=\"application\/ld+json\" class=\"yoast-schema-graph\">{\"@context\":\"https:\/\/schema.org\",\"@graph\":[{\"@type\":\"WebPage\",\"@id\":\"https:\/\/flexfurn.com\/product\/europaklapstoelsince1997\/\",\"url\":\"https:\/\/flexfurn.com\/product\/europaklapstoelsince1997\/\",\"name\":\"Europa klapstoel anthraciet - Flexfurn\",\"isPartOf\":{\"@id\":\"https:\/\/flexfurn.com\/#website\"},\"primaryImageOfPage\":{\"@id\":\"https:\/\/flexfurn.com\/product\/europaklapstoelsince1997\/#primaryimage\"},\"image\":{\"@id\":\"https:\/\/flexfurn.com\/product\/europaklapstoelsince1997\/#primaryimage\"},\"thumbnailUrl\":\"https:\/\/flexfurn.com\/wp-content\/uploads\/2025\/04\/f0199c7ece4f49979d138450e18894d18183235e5f3e46b18d011c99bd16055ece92a1774f3341d2a057db2d75f271f6.jpg\",\"datePublished\":\"2025-04-16T06:30:13+00:00\",\"dateModified\":\"2026-04-23T08:43:04+00:00\",\"breadcrumb\":{\"@id\":\"https:\/\/flexfurn.com\/product\/europaklapstoelsince1997\/#breadcrumb\"},\"inLanguage\":\"fr-BE\",\"potentialAction\":[{\"@type\":\"ReadAction\",\"target\":[\"https:\/\/flexfurn.com\/product\/europaklapstoelsince1997\/\"]}]},{\"@type\":\"ImageObject\",\"inLanguage\":\"fr-BE\",\"@id\":\"https:\/\/flexfurn.com\/product\/europaklapstoelsince1997\/#primaryimage\",\"url\":\"https:\/\/flexfurn.com\/wp-content\/uploads\/2025\/04\/f0199c7ece4f49979d138450e18894d18183235e5f3e46b18d011c99bd16055ece92a1774f3341d2a057db2d75f271f6.jpg\",\"contentUrl\":\"https:\/\/flexfurn.com\/wp-content\/uploads\/2025\/04\/f0199c7ece4f49979d138450e18894d18183235e5f3e46b18d011c99bd16055ece92a1774f3341d2a057db2d75f271f6.jpg\",\"width\":2000,\"height\":2000,\"caption\":\"Europa - Folding Chair - Grey\"},{\"@type\":\"BreadcrumbList\",\"@id\":\"https:\/\/flexfurn.com\/product\/europaklapstoelsince1997\/#breadcrumb\",\"itemListElement\":[{\"@type\":\"ListItem\",\"position\":1,\"name\":\"Home\",\"item\":\"https:\/\/flexfurn.com\/\"},{\"@type\":\"ListItem\",\"position\":2,\"name\":\"Winkel\",\"item\":\"https:\/\/flexfurn.com\/winkel\/\"},{\"@type\":\"ListItem\",\"position\":3,\"name\":\"Europa klapstoel anthraciet\"}]},{\"@type\":\"WebSite\",\"@id\":\"https:\/\/flexfurn.com\/#website\",\"url\":\"https:\/\/flexfurn.com\/\",\"name\":\"Flexfurn\",\"description\":\"\",\"publisher\":{\"@id\":\"https:\/\/flexfurn.com\/#organization\"},\"potentialAction\":[{\"@type\":\"SearchAction\",\"target\":{\"@type\":\"EntryPoint\",\"urlTemplate\":\"https:\/\/flexfurn.com\/?s={search_term_string}\"},\"query-input\":{\"@type\":\"PropertyValueSpecification\",\"valueRequired\":true,\"valueName\":\"search_term_string\"}}],\"inLanguage\":\"fr-BE\"},{\"@type\":\"Organization\",\"@id\":\"https:\/\/flexfurn.com\/#organization\",\"name\":\"Flexfurn\",\"url\":\"https:\/\/flexfurn.com\/\",\"logo\":{\"@type\":\"ImageObject\",\"inLanguage\":\"fr-BE\",\"@id\":\"https:\/\/flexfurn.com\/#\/schema\/logo\/image\/\",\"url\":\"https:\/\/flexfurn.com\/wp-content\/uploads\/2023\/08\/LogoBlack.svg\",\"contentUrl\":\"https:\/\/flexfurn.com\/wp-content\/uploads\/2023\/08\/LogoBlack.svg\",\"width\":210,\"height\":60,\"caption\":\"Flexfurn\"},\"image\":{\"@id\":\"https:\/\/flexfurn.com\/#\/schema\/logo\/image\/\"}}]}<\/script>\n<!-- \/ Yoast SEO plugin. -->","yoast_head_json":{"title":"Chaise pliante Europe anthracite - Flexfurn","robots":{"index":"index","follow":"follow","max-snippet":"max-snippet:-1","max-image-preview":"max-image-preview:large","max-video-preview":"max-video-preview:-1"},"canonical":"https:\/\/flexfurn.com\/fr\/produit\/chaise-pliante-europeenne-depuis-1997\/","og_locale":"fr_FR","og_type":"article","og_title":"Europa klapstoel anthraciet - Flexfurn","og_description":"Klapbaar Epoxy grijs frame Anthraciet kleur zitting en rugleuning Lichtgewicht Binnen- en buitengebruik  *De vermelde NETTOPRIJS is exclusief geldig binnen de context van deze campagne en zolang de voorraad strekt. Geldig vanaf woensdag 16 april 2025. Niet retroactief toepasbaar op eerder geplaatste bestellingen. Niet cumuleerbaar met andere acties, promoties of kortingen. Flexfurn behoudt zich het recht voor om prijzen, voorwaarden of beschikbaarheid op elk moment zonder voorafgaande kennisgeving te wijzigen. Franco levering NIET van toepassing binnen de context van deze campagne.","og_url":"https:\/\/flexfurn.com\/fr\/produit\/chaise-pliante-europeenne-depuis-1997\/","og_site_name":"Flexfurn","article_modified_time":"2026-04-23T08:43:04+00:00","og_image":[{"width":2000,"height":2000,"url":"https:\/\/flexfurn.com\/wp-content\/uploads\/2025\/04\/f0199c7ece4f49979d138450e18894d18183235e5f3e46b18d011c99bd16055ece92a1774f3341d2a057db2d75f271f6.jpg","type":"image\/jpeg"}],"twitter_card":"summary_large_image","twitter_misc":{"Dur\u00e9e de lecture est.":"1 minute"},"schema":{"@context":"https:\/\/schema.org","@graph":[{"@type":"WebPage","@id":"https:\/\/flexfurn.com\/product\/europaklapstoelsince1997\/","url":"https:\/\/flexfurn.com\/product\/europaklapstoelsince1997\/","name":"Chaise pliante Europe anthracite - Flexfurn","isPartOf":{"@id":"https:\/\/flexfurn.com\/#website"},"primaryImageOfPage":{"@id":"https:\/\/flexfurn.com\/product\/europaklapstoelsince1997\/#primaryimage"},"image":{"@id":"https:\/\/flexfurn.com\/product\/europaklapstoelsince1997\/#primaryimage"},"thumbnailUrl":"https:\/\/flexfurn.com\/wp-content\/uploads\/2025\/04\/f0199c7ece4f49979d138450e18894d18183235e5f3e46b18d011c99bd16055ece92a1774f3341d2a057db2d75f271f6.jpg","datePublished":"2025-04-16T06:30:13+00:00","dateModified":"2026-04-23T08:43:04+00:00","breadcrumb":{"@id":"https:\/\/flexfurn.com\/product\/europaklapstoelsince1997\/#breadcrumb"},"inLanguage":"fr-BE","potentialAction":[{"@type":"ReadAction","target":["https:\/\/flexfurn.com\/product\/europaklapstoelsince1997\/"]}]},{"@type":"ImageObject","inLanguage":"fr-BE","@id":"https:\/\/flexfurn.com\/product\/europaklapstoelsince1997\/#primaryimage","url":"https:\/\/flexfurn.com\/wp-content\/uploads\/2025\/04\/f0199c7ece4f49979d138450e18894d18183235e5f3e46b18d011c99bd16055ece92a1774f3341d2a057db2d75f271f6.jpg","contentUrl":"https:\/\/flexfurn.com\/wp-content\/uploads\/2025\/04\/f0199c7ece4f49979d138450e18894d18183235e5f3e46b18d011c99bd16055ece92a1774f3341d2a057db2d75f271f6.jpg","width":2000,"height":2000,"caption":"Europa - Folding Chair - Grey"},{"@type":"BreadcrumbList","@id":"https:\/\/flexfurn.com\/product\/europaklapstoelsince1997\/#breadcrumb","itemListElement":[{"@type":"ListItem","position":1,"name":"Home","item":"https:\/\/flexfurn.com\/"},{"@type":"ListItem","position":2,"name":"Winkel","item":"https:\/\/flexfurn.com\/winkel\/"},{"@type":"ListItem","position":3,"name":"Europa klapstoel anthraciet"}]},{"@type":"WebSite","@id":"https:\/\/flexfurn.com\/#website","url":"https:\/\/flexfurn.com\/","name":"Flexfurn","description":"","publisher":{"@id":"https:\/\/flexfurn.com\/#organization"},"potentialAction":[{"@type":"SearchAction","target":{"@type":"EntryPoint","urlTemplate":"https:\/\/flexfurn.com\/?s={search_term_string}"},"query-input":{"@type":"PropertyValueSpecification","valueRequired":true,"valueName":"search_term_string"}}],"inLanguage":"fr-BE"},{"@type":"Organization","@id":"https:\/\/flexfurn.com\/#organization","name":"Flexfurn","url":"https:\/\/flexfurn.com\/","logo":{"@type":"ImageObject","inLanguage":"fr-BE","@id":"https:\/\/flexfurn.com\/#\/schema\/logo\/image\/","url":"https:\/\/flexfurn.com\/wp-content\/uploads\/2023\/08\/LogoBlack.svg","contentUrl":"https:\/\/flexfurn.com\/wp-content\/uploads\/2023\/08\/LogoBlack.svg","width":210,"height":60,"caption":"Flexfurn"},"image":{"@id":"https:\/\/flexfurn.com\/#\/schema\/logo\/image\/"}}]}},"_links":{"self":[{"href":"https:\/\/flexfurn.com\/fr\/wp-json\/wp\/v2\/product\/7204","targetHints":{"allow":["GET"]}}],"collection":[{"href":"https:\/\/flexfurn.com\/fr\/wp-json\/wp\/v2\/product"}],"about":[{"href":"https:\/\/flexfurn.com\/fr\/wp-json\/wp\/v2\/types\/product"}],"wp:featuredmedia":[{"embeddable":true,"href":"https:\/\/flexfurn.com\/fr\/wp-json\/wp\/v2\/media\/7208"}],"wp:attachment":[{"href":"https:\/\/flexfurn.com\/fr\/wp-json\/wp\/v2\/media?parent=7204"}],"wp:term":[{"taxonomy":"product_brand","embeddable":true,"href":"https:\/\/flexfurn.com\/fr\/wp-json\/wp\/v2\/product_brand?post=7204"},{"taxonomy":"product_cat","embeddable":true,"href":"https:\/\/flexfurn.com\/fr\/wp-json\/wp\/v2\/product_cat?post=7204"},{"taxonomy":"product_tag","embeddable":true,"href":"https:\/\/flexfurn.com\/fr\/wp-json\/wp\/v2\/product_tag?post=7204"}],"curies":[{"name":"wp","href":"https:\/\/api.w.org\/{rel}","templated":true}]}}